{"id":10921,"date":"2019-09-18T20:58:33","date_gmt":"2019-09-18T18:58:33","guid":{"rendered":"http:\/\/librarie.xyz-it.ro\/?post_type=product&#038;p=10921"},"modified":"2023-09-06T10:46:30","modified_gmt":"2023-09-06T08:46:30","slug":"napoleon-iii-serviciu-de-lichior-in-caseta","status":"publish","type":"product","link":"http:\/\/alexandra-s.com\/en\/magazin\/arte-decorative\/napoleon-iii-serviciu-de-lichior-in-caseta\/","title":{"rendered":"Napoleon III - Liquor Service in the Cassette"},"content":{"rendered":"<p>All works sold by Alexandra&#039;s Gallery reach the customer accompanied by a certificate of authenticity. You can also buy this work in installments, so we invite you to use the simulator below. For any other information we are at your disposal at office@alexandra-s.com.<\/p>\n<p>Acest superb Serviciu de Lichior in Caseta, Napoleon III, era destinat calatoriilor. Cristal autentic, lemn nobil, finisaje impecabile, stare perfecta.<\/p>\n<p><em>Istoria Lichiorului\u00a0incepe\u00a0acum\u00a0peste 7 secole. Numele provine din latinescul \u201cLiquifacere\u201d, care insemna &#8222;a dizolva&#8221;. Se dizolvau fructe, coji de fructe, frunze, flori, seminte scoarta, radacini, samburi adica aproape orice parte a unei plante care infuzata intr-un alcol, capata un gust si un parfum\u00a0aparte. Primul lichior era extrem de amar. Dupa descoperirea Americii, cand pretul condimentelor si zaharului a scazut, calugarii au inceput sa puna in lichior zahar, miere, cafea, cacao, scortisoara, vanilie. Primele lichioruri:\u00a0Chartreuse,\u00a0Benedictine,\u00a0Chambord.\u00a0Lichiorurile cu o tarie de la 25% vol. alcool la 40 % vol. alcool sunt considerate bauturi-digestive, iar cele cuprinse intre 17 \u2013 25 % vol. alcool sunt denumite bauturi-desert.<\/em><\/p>","protected":false},"excerpt":{"rendered":"<p>Toate lucr\u0103rile v\u00e2ndute de Galeria Alexandra&#8217;s ajung la client \u00eenso\u021bite de certificat de autenticitate. Pute\u021bi cump\u0103ra aceast\u0103 lucrare \u0219i \u00een rate, astfel \u00eenc\u00e2t va invit\u0103m s\u0103 folosi\u021bi simulatorul al\u0103turat. Pentru orice alte informa\u021bii va st\u0103m la dispozi\u021bie la office@alexandra-s.com. Acest superb Serviciu de Lichior in Caseta, Napoleon III, era destinat calatoriilor. Cristal autentic, lemn nobil, [&hellip;]<\/p>","protected":false},"featured_media":10924,"comment_status":"open","ping_status":"closed","template":"","meta":{"_et_pb_use_builder":"","_et_pb_old_content":"","_et_gb_content_width":""},"product_cat":[17],"product_tag":[35,218,134,36,1523,37,39,1522,1524,369],"_links":{"self":[{"href":"http:\/\/alexandra-s.com\/en\/wp-json\/wp\/v2\/product\/10921"}],"collection":[{"href":"http:\/\/alexandra-s.com\/en\/wp-json\/wp\/v2\/product"}],"about":[{"href":"http:\/\/alexandra-s.com\/en\/wp-json\/wp\/v2\/types\/product"}],"replies":[{"embeddable":true,"href":"http:\/\/alexandra-s.com\/en\/wp-json\/wp\/v2\/comments?post=10921"}],"wp:featuredmedia":[{"embeddable":true,"href":"http:\/\/alexandra-s.com\/en\/wp-json\/wp\/v2\/media\/10924"}],"wp:attachment":[{"href":"http:\/\/alexandra-s.com\/en\/wp-json\/wp\/v2\/media?parent=10921"}],"wp:term":[{"taxonomy":"product_cat","embeddable":true,"href":"http:\/\/alexandra-s.com\/en\/wp-json\/wp\/v2\/product_cat?post=10921"},{"taxonomy":"product_tag","embeddable":true,"href":"http:\/\/alexandra-s.com\/en\/wp-json\/wp\/v2\/product_tag?post=10921"}],"curies":[{"name":"wp","href":"https:\/\/api.w.org\/{rel}","templated":true}]}}