{"id":6906,"date":"2016-11-29T01:03:05","date_gmt":"2016-11-29T01:03:05","guid":{"rendered":"http:\/\/www.thenew.alexandra-s.com\/wp\/?post_type=product&#038;p=6906"},"modified":"2019-12-19T13:32:11","modified_gmt":"2019-12-19T11:32:11","slug":"caseta-art-deco-lemn-argint","status":"publish","type":"product","link":"http:\/\/alexandra-s.com\/en\/magazin\/arte-decorative\/caseta-art-deco-lemn-argint\/","title":{"rendered":"Art Deco wooden box with silver"},"content":{"rendered":"<p><strong>All works sold by Alexandra&#039;s Gallery reach the customer accompanied by a certificate of authenticity. You can also buy this work in installments, so we invite you to use the simulator below. For any other information we are at your disposal at office@alexandra-s.com. <\/strong><\/p>\n<p><strong>Art Deco box (approx. 1925), made of wood, with silver inlays.<\/strong><\/p>\n<p><em>Art Deco is an abbreviation for the French expression called the International Exhibition of Decorative and Modern Industrial Arts, which took place in Paris in 1925 (Exposition Internationale des Arts D\u00e9coratifs et Industriels Modernes). It designates an artistic movement of the early 20th century in the decorative arts, which later increased in breadth and importance, subsequently significantly influencing architecture, sculpture, fashion, interior decoration and visual arts for a quarter of a century. Its origins lie in the decline of the Art Nouveau or La Belle Epoque artistic movement. Art Deco covers the period 1912 - 1940, with various subsequent attempts at revitalization in the post-war years 1950 and 1960, largely unsuccessful.<\/em><\/p>","protected":false},"excerpt":{"rendered":"<p>Toate lucr\u0103rile v\u00e2ndute de Galeria Alexandra&#8217;s ajung la client \u00eenso\u021bite de certificat de autenticitate. Pute\u021bi cump\u0103ra aceast\u0103 lucrare \u0219i \u00een rate, astfel \u00eenc\u00e2t va invit\u0103m s\u0103 folosi\u021bi simulatorul al\u0103turat. Pentru orice alte informa\u021bii va st\u0103m la dispozi\u021bie la office@alexandra-s.com. Caset\u0103 Art Deco (aprox. 1925), realizat\u0103 din lemn, cu intarsii din argint. Art Deco este o [&hellip;]<\/p>","protected":false},"featured_media":8398,"comment_status":"closed","ping_status":"closed","template":"","meta":{"_et_pb_use_builder":"","_et_pb_old_content":"","_et_gb_content_width":""},"product_cat":[17],"product_tag":[34,42,43,44,45,36,46,37,39,47,48,49,50],"_links":{"self":[{"href":"http:\/\/alexandra-s.com\/en\/wp-json\/wp\/v2\/product\/6906"}],"collection":[{"href":"http:\/\/alexandra-s.com\/en\/wp-json\/wp\/v2\/product"}],"about":[{"href":"http:\/\/alexandra-s.com\/en\/wp-json\/wp\/v2\/types\/product"}],"replies":[{"embeddable":true,"href":"http:\/\/alexandra-s.com\/en\/wp-json\/wp\/v2\/comments?post=6906"}],"wp:featuredmedia":[{"embeddable":true,"href":"http:\/\/alexandra-s.com\/en\/wp-json\/wp\/v2\/media\/8398"}],"wp:attachment":[{"href":"http:\/\/alexandra-s.com\/en\/wp-json\/wp\/v2\/media?parent=6906"}],"wp:term":[{"taxonomy":"product_cat","embeddable":true,"href":"http:\/\/alexandra-s.com\/en\/wp-json\/wp\/v2\/product_cat?post=6906"},{"taxonomy":"product_tag","embeddable":true,"href":"http:\/\/alexandra-s.com\/en\/wp-json\/wp\/v2\/product_tag?post=6906"}],"curies":[{"name":"wp","href":"https:\/\/api.w.org\/{rel}","templated":true}]}}