{"id":10323,"date":"2019-03-20T09:16:00","date_gmt":"2019-03-20T09:16:00","guid":{"rendered":"http:\/\/librarie.xyz-it.ro\/?page_id=10323"},"modified":"2019-11-22T12:32:01","modified_gmt":"2019-11-22T10:32:01","slug":"consiliere-achizitii","status":"publish","type":"page","link":"https:\/\/alexandra-s.com\/en\/consiliere-achizitii\/","title":{"rendered":"Consiliere achizitii"},"content":{"rendered":"<p>[et_pb_section fb_built=&#8221;1&#8243; admin_label=&#8221;Section&#8221; _builder_version=&#8221;3.22.3&#8243; use_background_color_gradient=&#8221;on&#8221; background_color_gradient_start=&#8221;rgba(29,41,48,0.6)&#8221; background_color_gradient_end=&#8221;rgba(29,41,48,0.6)&#8221; background_color_gradient_overlays_image=&#8221;on&#8221; background_image=&#8221;https:\/\/alexandra-s.com\/wp-content\/uploads\/2019\/03\/color-patterns-1984237_1920.jpg&#8221; background_position=&#8221;top_center&#8221; fb_built=&#8221;1&#8243; _i=&#8221;0&#8243; _address=&#8221;0&#8243;][et_pb_row module_id=&#8221;head-page&#8221; _builder_version=&#8221;3.25&#8243; background_size=&#8221;initial&#8221; background_position=&#8221;top_left&#8221; background_repeat=&#8221;repeat&#8221; custom_padding=&#8221;100px|0px|60px|0px|false|false&#8221; _i=&#8221;0&#8243; _address=&#8221;0.0&#8243;][et_pb_column type=&#8221;4_4&#8243; _builder_version=&#8221;3.25&#8243; custom_padding=&#8221;|||&#8221; _i=&#8221;0&#8243; _address=&#8221;0.0.0&#8243; custom_padding__hover=&#8221;|||&#8221;][et_pb_text _builder_version=&#8221;3.27.4&#8243; text_font=&#8221;|300|||||||&#8221; text_text_color=&#8221;#ffffff&#8221; text_font_size=&#8221;15px&#8221; text_line_height=&#8221;1em&#8221; header_font=&#8221;|||on|||||&#8221; header_text_align=&#8221;center&#8221; header_text_color=&#8221;#ffffff&#8221; header_font_size=&#8221;42px&#8221; header_letter_spacing=&#8221;13px&#8221; text_orientation=&#8221;center&#8221; _i=&#8221;0&#8243; _address=&#8221;0.0.0.0&#8243;]<\/p>\n<h1>Consiliere achizi\u021bii<\/h1>\n<p>&nbsp;<\/p>\n<p>Ajutorul unui istoric de art\u0103 este nepre\u021buit la achizi\u021bia de art\u0103, fie c\u0103 vorbim despre amenajarea casei sau a biroului sau despre investi\u021bii \u00een opere de art\u0103.<\/p>\n<p>Spune-ne care sunt\u00a0dorin\u021bele tale, proiectul la care te g\u00e2ndesti, indic\u0103 bugetul de care dispui, iar consilierii no\u0219tri \u00ee\u021bi vor prezenta cele mai bune solu\u021bii, astfel \u00eenc\u00e2t tu s\u0103 po\u021bi lua cea mai bun\u0103 decizie de cump\u0103rare, \u00een deplin\u0103 cuno\u0219tin\u021b\u0103 de cauz\u0103.<\/p>\n<p><span style=\"font-size: 15px;\">.<\/span><\/p>\n<p>[\/et_pb_text][\/et_pb_column][\/et_pb_row][\/et_pb_section][et_pb_section fb_built=&#8221;1&#8243; module_id=&#8221;evaluare&#8221; _builder_version=&#8221;3.22.3&#8243; custom_margin=&#8221;0px||0px|&#8221; custom_padding=&#8221;0px||0px|&#8221; fb_built=&#8221;1&#8243; _i=&#8221;1&#8243; _address=&#8221;1&#8243;][et_pb_row _builder_version=&#8221;3.25&#8243; background_size=&#8221;initial&#8221; background_position=&#8221;top_left&#8221; background_repeat=&#8221;repeat&#8221; custom_padding=&#8221;100px|0px|0|0px|false|false&#8221; _i=&#8221;0&#8243; _address=&#8221;1.0&#8243;][et_pb_column type=&#8221;4_4&#8243; _builder_version=&#8221;3.25&#8243; custom_padding=&#8221;|||&#8221; _i=&#8221;0&#8243; _address=&#8221;1.0.0&#8243; custom_padding__hover=&#8221;|||&#8221;][et_pb_text _builder_version=&#8221;3.27.4&#8243; text_font=&#8221;|300|||||||&#8221; text_line_height=&#8221;2.7em&#8221; header_font=&#8221;||||||||&#8221; header_3_font=&#8221;||||||||&#8221; header_3_text_color=&#8221;#720521&#8243; header_3_font_size=&#8221;30px&#8221; header_3_line_height=&#8221;1.4em&#8221; text_orientation=&#8221;center&#8221; max_width=&#8221;80%&#8221; module_alignment=&#8221;center&#8221; animation_style=&#8221;fade&#8221; _i=&#8221;0&#8243; _address=&#8221;1.0.0.0&#8243;]<\/p>\n<h3><span>The price of this service is personalized. For more information, contact us using the form below or call us at:<\/span><span>\u00a0<\/span><a href=\"tel:\/\/+40 751 144 577\" data-wplink-url-error=\"true\">0751144577<\/a><\/h3>\n<p>[\/et_pb_text][\/et_pb_column][\/et_pb_row][\/et_pb_section]<\/p>","protected":false},"excerpt":{"rendered":"<p>Consiliere achizi\u021bii &nbsp; Ajutorul unui istoric de art\u0103 este nepre\u021buit la achizi\u021bia de art\u0103, fie c\u0103 vorbim despre amenajarea casei sau a biroului sau despre investi\u021bii \u00een opere de art\u0103. Spune-ne care sunt\u00a0dorin\u021bele tale, proiectul la care te g\u00e2ndesti, indic\u0103 bugetul de care dispui, iar consilierii no\u0219tri \u00ee\u021bi vor prezenta cele mai bune solu\u021bii, astfel [&hellip;]<\/p>","protected":false},"author":1,"featured_media":0,"parent":0,"menu_order":0,"comment_status":"closed","ping_status":"closed","template":"","meta":{"_et_pb_use_builder":"on","_et_pb_old_content":"","_et_gb_content_width":"","footnotes":""},"_links":{"self":[{"href":"https:\/\/alexandra-s.com\/en\/wp-json\/wp\/v2\/pages\/10323"}],"collection":[{"href":"https:\/\/alexandra-s.com\/en\/wp-json\/wp\/v2\/pages"}],"about":[{"href":"https:\/\/alexandra-s.com\/en\/wp-json\/wp\/v2\/types\/page"}],"author":[{"embeddable":true,"href":"https:\/\/alexandra-s.com\/en\/wp-json\/wp\/v2\/users\/1"}],"replies":[{"embeddable":true,"href":"https:\/\/alexandra-s.com\/en\/wp-json\/wp\/v2\/comments?post=10323"}],"version-history":[{"count":8,"href":"https:\/\/alexandra-s.com\/en\/wp-json\/wp\/v2\/pages\/10323\/revisions"}],"predecessor-version":[{"id":11803,"href":"https:\/\/alexandra-s.com\/en\/wp-json\/wp\/v2\/pages\/10323\/revisions\/11803"}],"wp:attachment":[{"href":"https:\/\/alexandra-s.com\/en\/wp-json\/wp\/v2\/media?parent=10323"}],"curies":[{"name":"wp","href":"https:\/\/api.w.org\/{rel}","templated":true}]}}