{"id":10376,"date":"2019-03-29T20:22:15","date_gmt":"2019-03-29T20:22:15","guid":{"rendered":"http:\/\/librarie.xyz-it.ro\/?page_id=10376"},"modified":"2020-01-16T15:46:17","modified_gmt":"2020-01-16T13:46:17","slug":"plata-si-livrare","status":"publish","type":"page","link":"https:\/\/alexandra-s.com\/en\/plata-si-livrare\/","title":{"rendered":"Payment and delivery"},"content":{"rendered":"<p>[et_pb_section fb_built=&#8221;1&#8243; _builder_version=&#8221;3.22&#8243; custom_padding=&#8221;0px|||&#8221; fb_built=&#8221;1&#8243; _i=&#8221;0&#8243; _address=&#8221;0&#8243;][et_pb_row _builder_version=&#8221;3.25&#8243; custom_padding=&#8221;50px|0px|27px|0px|false|false&#8221; _i=&#8221;0&#8243; _address=&#8221;0.0&#8243;][et_pb_column type=&#8221;4_4&#8243; _builder_version=&#8221;3.25&#8243; custom_padding=&#8221;|||&#8221; _i=&#8221;0&#8243; _address=&#8221;0.0.0&#8243; custom_padding__hover=&#8221;|||&#8221;][et_pb_text module_class=&#8221;list&#8221; _builder_version=&#8221;3.29.3&#8243; text_font=&#8221;|300|||||||&#8221; text_font_size=&#8221;16px&#8221; text_line_height=&#8221;2.5em&#8221; header_font=&#8221;|||on|||||&#8221; header_text_align=&#8221;center&#8221; header_font_size=&#8221;50px&#8221; header_letter_spacing=&#8221;4px&#8221; header_line_height=&#8221;1.5em&#8221; hover_enabled=&#8221;0&#8243; _i=&#8221;0&#8243; _address=&#8221;0.0.0.0&#8243;]<\/p>\n<h1>Payment and delivery<\/h1>\n<p><strong>THE PAYMENT<\/strong><\/p>\n<p>Payment can be made by bank card, cash by cash on delivery, at the gallery&#039;s headquarters in Bucharest, Pia\u021ba Amzei, no. 5, ap. 14, sector 1, or by payment order in the seller&#039;s account.<\/p>\n<ol>\n<li>Using the bank card - if you pick up the order from Alexandra&#039;s Gallery, in Bucharest, Pia\u021ba Amzei, no.5, ap. 14, sector 1.<\/li>\n<li>Online with the card. <a href=\"https:\/\/alexandra-s.com\/wp-content\/uploads\/2019\/11\/Verified_by_VISA.gif\"><img loading=\"lazy\" decoding=\"async\" class=\"wp-image-11910 alignnone size-full\" src=\"https:\/\/alexandra-s.com\/wp-content\/uploads\/2019\/11\/Verified_by_VISA.gif\" alt=\"\" width=\"110\" height=\"60\" \/><\/a><a href=\"https:\/\/alexandra-s.com\/wp-content\/uploads\/2019\/11\/Visa-master-card.gif\"><img loading=\"lazy\" decoding=\"async\" class=\"wp-image-11911 alignnone size-full\" src=\"https:\/\/alexandra-s.com\/wp-content\/uploads\/2019\/11\/Visa-master-card.gif\" alt=\"\" width=\"162\" height=\"55\" \/><\/a><a href=\"https:\/\/alexandra-s.com\/wp-content\/uploads\/2019\/11\/master-card-secure-code.gif\"><img loading=\"lazy\" decoding=\"async\" class=\"wp-image-11912 alignnone size-full\" src=\"https:\/\/alexandra-s.com\/wp-content\/uploads\/2019\/11\/master-card-secure-code.gif\" alt=\"\" width=\"110\" height=\"60\" \/><\/a><\/li>\n<li>Refund - you pay when the courier brings your products to the specified address.<\/li>\n<li>Bank transfer using the data below:<br \/><strong>GLADSTONE-HARY GROUP INVESTMENTS SRL<\/strong><em><br \/>CUI: 24496913<br \/>Bank: Transylvania - Marriott Branch<br \/>IBAN: RO73BTRL06401202M092232XX<\/em><br \/>la &#8222;explica\u021bii pl\u0103\u021bi&#8221; se adauga num\u0103rul de comand\u0103\/factur\u0103 si data emiterii.<\/li>\n<\/ol>\n<p><strong>Careful:<\/strong><\/p>\n<ul>\n<li>In the case of online payments, the Seller is not \/ cannot be held responsible for any other additional costs borne by the Buyer, including but not limited to currency conversion fees applied by the issuing bank of his card, etc. The Buyer is solely responsible for this action.<\/li>\n<li>For payment by bank transfer, the delivery time can be extended by 2-4 days.<\/li>\n<li>Delivery in the province: the cost will be between 50 lei and 100 lei (depending on the distance and size of the package) and will be paid by the customer to the courier company.<\/li>\n<li>Purchases with values higher than 4,000 lei benefit from free delivery.<\/li>\n<\/ul>\n<p><strong>\u00a0<\/strong><\/p>\n<p><strong>DELIVERY<\/strong><\/p>\n<ol>\n<li>Delivery will be made to the address indicated by the Buyer in the order form through specialized courier or mail companies. The delivery cost is the one mentioned in the order form and is to be fully borne by the Buyer.<\/li>\n<li>Delivery can also be made directly to the Seller&#039;s headquarters in Bucharest, Amzei Square, no. 5, ap. 14, sector 1. In this case, no additional cost will be charged for delivery.<\/li>\n<li>Delivery will be made within:<\/li>\n<\/ol>\n<ul>\n<li>2 working days in Bucharest.<\/li>\n<li>5 working days in the country.<\/li>\n<li>at least 14 working days abroad, in compliance with the Seller&#039;s operating schedule.<\/li>\n<li>In special cases, at the request of the buyers, the physical deliveries are made door-to-door, through the seller&#039;s representatives (Alexandra&#039;s fleet) in Bucharest and the country.<\/li>\n<\/ul>\n<ol start=\"4\">\n<li>The delivery of the products will always be made after the payment of the price by the Buyer, the payment will be made at the latest on the date of delivery of the product.<\/li>\n<li>The transfer of ownership and risks from the Seller to the Buyer will be done with the delivery of the products.<\/li>\n<\/ol>\n<p>[\/et_pb_text][\/et_pb_column][\/et_pb_row][\/et_pb_section]<\/p>","protected":false},"excerpt":{"rendered":"<p>Plat\u0103 \u015fi livrare PLATA Plata se poate face prin card bancar, numerar prin ramburs, la sediul galeriei din Bucure\u0219ti, Pia\u021ba Amzei, nr.5, ap. 14, sector 1, sau prin ordin de plat\u0103 \u00een contul v\u00e2nz\u0103torului. Folosind cardul bancar &#8211; dac\u0103 ridici comanda de la sediul Galeriei Alexandra\u2019s, din Bucure\u0219ti, Pia\u021ba Amzei, nr.5, ap. 14, sector 1. [&hellip;]<\/p>","protected":false},"author":2,"featured_media":0,"parent":0,"menu_order":0,"comment_status":"closed","ping_status":"closed","template":"","meta":{"_et_pb_use_builder":"on","_et_pb_old_content":"","_et_gb_content_width":"","footnotes":""},"_links":{"self":[{"href":"https:\/\/alexandra-s.com\/en\/wp-json\/wp\/v2\/pages\/10376"}],"collection":[{"href":"https:\/\/alexandra-s.com\/en\/wp-json\/wp\/v2\/pages"}],"about":[{"href":"https:\/\/alexandra-s.com\/en\/wp-json\/wp\/v2\/types\/page"}],"author":[{"embeddable":true,"href":"https:\/\/alexandra-s.com\/en\/wp-json\/wp\/v2\/users\/2"}],"replies":[{"embeddable":true,"href":"https:\/\/alexandra-s.com\/en\/wp-json\/wp\/v2\/comments?post=10376"}],"version-history":[{"count":11,"href":"https:\/\/alexandra-s.com\/en\/wp-json\/wp\/v2\/pages\/10376\/revisions"}],"predecessor-version":[{"id":12362,"href":"https:\/\/alexandra-s.com\/en\/wp-json\/wp\/v2\/pages\/10376\/revisions\/12362"}],"wp:attachment":[{"href":"https:\/\/alexandra-s.com\/en\/wp-json\/wp\/v2\/media?parent=10376"}],"curies":[{"name":"wp","href":"https:\/\/api.w.org\/{rel}","templated":true}]}}