{"id":11379,"date":"2019-10-21T21:07:04","date_gmt":"2019-10-21T19:07:04","guid":{"rendered":"http:\/\/alexandra-s.com\/?page_id=11379"},"modified":"2020-01-16T17:04:52","modified_gmt":"2020-01-16T15:04:52","slug":"video","status":"publish","type":"page","link":"https:\/\/alexandra-s.com\/en\/video\/","title":{"rendered":"Video"},"content":{"rendered":"<p>[et_pb_section fb_built=&#8221;1&#8243; _builder_version=&#8221;3.29.3&#8243; use_background_color_gradient=&#8221;on&#8221; background_color_gradient_start=&#8221;rgba(29,41,48,0.6)&#8221; background_color_gradient_end=&#8221;rgba(29,41,48,0.6)&#8221; background_color_gradient_overlays_image=&#8221;on&#8221; background_image=&#8221;https:\/\/alexandra-s.com\/wp-content\/uploads\/2019\/10\/camera-690163_1920.jpg&#8221; fb_built=&#8221;1&#8243; _i=&#8221;0&#8243; _address=&#8221;0&#8243;][et_pb_row module_id=&#8221;head-page&#8221; _builder_version=&#8221;3.25&#8243; background_size=&#8221;initial&#8221; background_position=&#8221;top_left&#8221; background_repeat=&#8221;repeat&#8221; custom_padding=&#8221;100px|0px|60px|0px|false|false&#8221; _i=&#8221;0&#8243; _address=&#8221;0.0&#8243;][et_pb_column type=&#8221;4_4&#8243; _builder_version=&#8221;3.25&#8243; custom_padding=&#8221;|||&#8221; _i=&#8221;0&#8243; _address=&#8221;0.0.0&#8243; custom_padding__hover=&#8221;|||&#8221;][et_pb_text _builder_version=&#8221;3.29.3&#8243; text_text_color=&#8221;#ffffff&#8221; header_font=&#8221;|||on|||||&#8221; header_text_align=&#8221;center&#8221; header_text_color=&#8221;#ffffff&#8221; header_font_size=&#8221;42px&#8221; header_letter_spacing=&#8221;13px&#8221; text_orientation=&#8221;center&#8221; _i=&#8221;0&#8243; _address=&#8221;0.0.0.0&#8243;]<\/p>\n<h1>Video<\/h1>\n<p><a class=\"anchor\" href=\"#video\">discover<\/a><\/p>\n<p>[\/et_pb_text][\/et_pb_column][\/et_pb_row][\/et_pb_section][et_pb_section fb_built=&#8221;1&#8243; disabled_on=&#8221;on|on|on&#8221; _builder_version=&#8221;3.22.4&#8243; custom_margin=&#8221;0px||0px|&#8221; custom_padding=&#8221;0px||0px|&#8221; disabled=&#8221;on&#8221; fb_built=&#8221;1&#8243; _i=&#8221;1&#8243; _address=&#8221;1&#8243;][et_pb_row _builder_version=&#8221;3.25&#8243; background_size=&#8221;initial&#8221; background_position=&#8221;top_left&#8221; background_repeat=&#8221;repeat&#8221; custom_padding=&#8221;100px|0px|100px|0px&#8221; _i=&#8221;0&#8243; _address=&#8221;1.0&#8243;][et_pb_column type=&#8221;4_4&#8243; _builder_version=&#8221;3.25&#8243; custom_padding=&#8221;|||&#8221; _i=&#8221;0&#8243; _address=&#8221;1.0.0&#8243; custom_padding__hover=&#8221;|||&#8221;][et_pb_text _builder_version=&#8221;3.27.4&#8243; text_line_height=&#8221;2.7em&#8221; header_3_text_color=&#8221;#720521&#8243; header_3_font_size=&#8221;30px&#8221; header_3_line_height=&#8221;2.5em&#8221; text_orientation=&#8221;center&#8221; max_width=&#8221;80%&#8221; module_alignment=&#8221;center&#8221; animation_style=&#8221;fade&#8221; _i=&#8221;0&#8243; _address=&#8221;1.0.0.0&#8243;]<\/p>\n<h3>List of Romanian painters<\/h3>\n<p>DEX define\u0219te pictorii ca pe &#8222;artistii plastic ce \u00eenf\u0103\u021bi\u0219eaz\u0103 pe hartie, pe panz\u0103, pe pere\u021bi etc. fiin\u021be \u0219i lucruri \u00een culori, \u00een creion sau \u00een c\u0103rbune&#8221;.\u00a0 Noi nu-i definim in nici un fel. Doar vi-i prezent\u0103m cat putem de bine.\u00a0<\/p>\n<p>[\/et_pb_text][\/et_pb_column][\/et_pb_row][\/et_pb_section][et_pb_section fb_built=&#8221;1&#8243; module_id=&#8221;video&#8221; _builder_version=&#8221;3.29.3&#8243; custom_margin=&#8221;0px||0px|&#8221; custom_padding=&#8221;50px||0px|||&#8221; fb_built=&#8221;1&#8243; _i=&#8221;2&#8243; _address=&#8221;2&#8243;][et_pb_row use_custom_gutter=&#8221;on&#8221; gutter_width=&#8221;2&#8243; make_equal=&#8221;on&#8221; module_class=&#8221;a-grid-post video-grid&#8221; _builder_version=&#8221;3.29.3&#8243; background_size=&#8221;initial&#8221; background_position=&#8221;top_left&#8221; background_repeat=&#8221;repeat&#8221; max_width=&#8221;80%&#8221; module_alignment=&#8221;center&#8221; custom_padding=&#8221;0px|0px|100px|0px&#8221; use_custom_width=&#8221;on&#8221; width_unit=&#8221;off&#8221; _i=&#8221;0&#8243; _address=&#8221;2.0&#8243;][et_pb_column type=&#8221;4_4&#8243; _builder_version=&#8221;3.25&#8243; custom_padding=&#8221;|||&#8221; _i=&#8221;0&#8243; _address=&#8221;2.0.0&#8243; custom_padding__hover=&#8221;|||&#8221;][et_pb_text _builder_version=&#8221;3.29.3&#8243; hover_enabled=&#8221;0&#8243; _i=&#8221;0&#8243; _address=&#8221;2.0.0.0&#8243;]<\/p>\n<div class=\"et_pb_posts item-grid\">\t\r\n\t<a href=\"https:\/\/alexandra-s.com\/en\/video\/gala-rocat-michaela-craciun-vs-eugen-craciun-vs-daniel-craciun\/\" class=\"entry-featured-image-url\">\r\n\t\t<img decoding=\"async\" src=\"https:\/\/img.youtube.com\/vi\/SZGCC--FoOU\/hqdefault.jpg\"\/>\r\n\t<\/a>\r\n\t<h2 class=\"entry-title\">\r\n\t\t<a href=\"https:\/\/alexandra-s.com\/en\/video\/gala-rocat-michaela-craciun-vs-eugen-craciun-vs-daniel-craciun\/\">Gala ROCAT - Michaela Craciun vs Eugen Craciun vs Daniel Craciun<\/a>\r\n\t<\/h2>\t\t\t\t\r\n<\/div><div class=\"et_pb_posts item-grid\">\t\r\n\t<a href=\"https:\/\/alexandra-s.com\/en\/video\/gala-rocat-ana-rus-vs-luminita-gliga-vs-yannia\/\" class=\"entry-featured-image-url\">\r\n\t\t<img decoding=\"async\" src=\"https:\/\/img.youtube.com\/vi\/DwPs_groex0\/hqdefault.jpg\"\/>\r\n\t<\/a>\r\n\t<h2 class=\"entry-title\">\r\n\t\t<a href=\"https:\/\/alexandra-s.com\/en\/video\/gala-rocat-ana-rus-vs-luminita-gliga-vs-yannia\/\">Gala ROCAT - Ana Rus vs Luminita Gliga vs Yannia<\/a>\r\n\t<\/h2>\t\t\t\t\r\n<\/div><div class=\"et_pb_posts item-grid\">\t\r\n\t<a href=\"https:\/\/alexandra-s.com\/en\/video\/gala-rocat-eugen-raportoru-vs-anca-irina-lefter\/\" class=\"entry-featured-image-url\">\r\n\t\t<img decoding=\"async\" src=\"https:\/\/img.youtube.com\/vi\/y0WEAESNEWc\/hqdefault.jpg\"\/>\r\n\t<\/a>\r\n\t<h2 class=\"entry-title\">\r\n\t\t<a href=\"https:\/\/alexandra-s.com\/en\/video\/gala-rocat-eugen-raportoru-vs-anca-irina-lefter\/\">Gala ROCAT - Eugen Raportoru vs Anca Irina Lefter<\/a>\r\n\t<\/h2>\t\t\t\t\r\n<\/div><div class=\"et_pb_posts item-grid\">\t\r\n\t<a href=\"https:\/\/alexandra-s.com\/en\/video\/gala-rocat-eusebio-spinu-vs-eugen-raportoru-ceramica-vs-sculptura\/\" class=\"entry-featured-image-url\">\r\n\t\t<img decoding=\"async\" src=\"https:\/\/img.youtube.com\/vi\/Nb1dxLiE2sU\/hqdefault.jpg\"\/>\r\n\t<\/a>\r\n\t<h2 class=\"entry-title\">\r\n\t\t<a href=\"https:\/\/alexandra-s.com\/en\/video\/gala-rocat-eusebio-spinu-vs-eugen-raportoru-ceramica-vs-sculptura\/\">ROCAT Gala - Eusebio Spinu vs Eugen Raportoru, ceramics vs sculpture<\/a>\r\n\t<\/h2>\t\t\t\t\r\n<\/div><div class=\"et_pb_posts item-grid\">\t\r\n\t<a href=\"https:\/\/alexandra-s.com\/en\/video\/tabara-de-pictura-ovids-dreaming-galeria-alexandras-mamaia-2016\/\" class=\"entry-featured-image-url\">\r\n\t\t<img decoding=\"async\" src=\"https:\/\/img.youtube.com\/vi\/bwoFrw0YvzU\/hqdefault.jpg\"\/>\r\n\t<\/a>\r\n\t<h2 class=\"entry-title\">\r\n\t\t<a href=\"https:\/\/alexandra-s.com\/en\/video\/tabara-de-pictura-ovids-dreaming-galeria-alexandras-mamaia-2016\/\">Ovid&#039;s Dreaming Painting Camp - Alexandra&#039;s Gallery, Mamaia, 2016<\/a>\r\n\t<\/h2>\t\t\t\t\r\n<\/div><div class=\"et_pb_posts item-grid\">\t\r\n\t<a href=\"https:\/\/alexandra-s.com\/en\/video\/salba-mariei-bijuterii-etnice-maria-alexandra-gala-rocat\/\" class=\"entry-featured-image-url\">\r\n\t\t<img decoding=\"async\" src=\"https:\/\/img.youtube.com\/vi\/q8uVVDcm9Oo\/hqdefault.jpg\"\/>\r\n\t<\/a>\r\n\t<h2 class=\"entry-title\">\r\n\t\t<a href=\"https:\/\/alexandra-s.com\/en\/video\/salba-mariei-bijuterii-etnice-maria-alexandra-gala-rocat\/\">Salba Maria - ethnic jewelry - Maria Alexandra - Gala ROCAT<\/a>\r\n\t<\/h2>\t\t\t\t\r\n<\/div><div class=\"et_pb_posts item-grid\">\t\r\n\t<a href=\"https:\/\/alexandra-s.com\/en\/video\/gala-rocat-dumitru-glodeanu-vs-bogdan-turcea-pictura-vs-sculptura\/\" class=\"entry-featured-image-url\">\r\n\t\t<img decoding=\"async\" src=\"https:\/\/img.youtube.com\/vi\/GF6XxAlb-as\/hqdefault.jpg\"\/>\r\n\t<\/a>\r\n\t<h2 class=\"entry-title\">\r\n\t\t<a href=\"https:\/\/alexandra-s.com\/en\/video\/gala-rocat-dumitru-glodeanu-vs-bogdan-turcea-pictura-vs-sculptura\/\">ROCAT Gala - Dumitru Glodeanu vs Bogdan Turcea, painting vs sculpture<\/a>\r\n\t<\/h2>\t\t\t\t\r\n<\/div><div class=\"et_pb_posts item-grid\">\t\r\n\t<a href=\"https:\/\/alexandra-s.com\/en\/video\/gala-alexandras-la-ambasada-regatului-belgiei-la-bucuresti\/\" class=\"entry-featured-image-url\">\r\n\t\t<img decoding=\"async\" src=\"https:\/\/img.youtube.com\/vi\/dJgzADWjN0g\/hqdefault.jpg\"\/>\r\n\t<\/a>\r\n\t<h2 class=\"entry-title\">\r\n\t\t<a href=\"https:\/\/alexandra-s.com\/en\/video\/gala-alexandras-la-ambasada-regatului-belgiei-la-bucuresti\/\">Alexandra&#039;s Gala at the Embassy of the Kingdom of Belgium in Bucharest<\/a>\r\n\t<\/h2>\t\t\t\t\r\n<\/div><div class=\"et_pb_posts item-grid\">\t\r\n\t<a href=\"https:\/\/alexandra-s.com\/en\/video\/health-art-cognac-cofee-gala-de-caritate\/\" class=\"entry-featured-image-url\">\r\n\t\t<img decoding=\"async\" src=\"https:\/\/img.youtube.com\/vi\/2TowIQlnQys\/hqdefault.jpg\"\/>\r\n\t<\/a>\r\n\t<h2 class=\"entry-title\">\r\n\t\t<a href=\"https:\/\/alexandra-s.com\/en\/video\/health-art-cognac-cofee-gala-de-caritate\/\">Health &amp; Art &amp; Cognac &amp; Cofee - charity gala<\/a>\r\n\t<\/h2>\t\t\t\t\r\n<\/div><div class=\"et_pb_posts item-grid\">\t\r\n\t<a href=\"https:\/\/alexandra-s.com\/en\/video\/tabara-de-pictura-a-galeriei-alexandras-editia-2016\/\" class=\"entry-featured-image-url\">\r\n\t\t<img decoding=\"async\" src=\"https:\/\/img.youtube.com\/vi\/Cj58EwCiqag\/hqdefault.jpg\"\/>\r\n\t<\/a>\r\n\t<h2 class=\"entry-title\">\r\n\t\t<a href=\"https:\/\/alexandra-s.com\/en\/video\/tabara-de-pictura-a-galeriei-alexandras-editia-2016\/\">Alexandra&#039;s Gallery Painting Camp - 2016 edition<\/a>\r\n\t<\/h2>\t\t\t\t\r\n<\/div><div class=\"et_pb_posts item-grid\">\t\r\n\t<a href=\"https:\/\/alexandra-s.com\/en\/video\/corina-ozon-lansare-de-carte-la-galeria-alexandras\/\" class=\"entry-featured-image-url\">\r\n\t\t<img decoding=\"async\" src=\"https:\/\/img.youtube.com\/vi\/BbxVyrUdo4Q\/hqdefault.jpg\"\/>\r\n\t<\/a>\r\n\t<h2 class=\"entry-title\">\r\n\t\t<a href=\"https:\/\/alexandra-s.com\/en\/video\/corina-ozon-lansare-de-carte-la-galeria-alexandras\/\">Corina Ozon - Book launch at Alexandra&#039;s Gallery<\/a>\r\n\t<\/h2>\t\t\t\t\r\n<\/div><div class=\"et_pb_posts item-grid\">\t\r\n\t<a href=\"https:\/\/alexandra-s.com\/en\/video\/gala-biff-2017-festival-international-de-film-la-galeria-alexandras\/\" class=\"entry-featured-image-url\">\r\n\t\t<img decoding=\"async\" src=\"https:\/\/img.youtube.com\/vi\/jvgz997qm30\/hqdefault.jpg\"\/>\r\n\t<\/a>\r\n\t<h2 class=\"entry-title\">\r\n\t\t<a href=\"https:\/\/alexandra-s.com\/en\/video\/gala-biff-2017-festival-international-de-film-la-galeria-alexandras\/\">BIFF Gala 2017 - Alexandra&#039;s Gallery International Film Festival<\/a>\r\n\t<\/h2>\t\t\t\t\r\n<\/div><div class=\"et_pb_posts item-grid\">\t\r\n\t<a href=\"https:\/\/alexandra-s.com\/en\/video\/arta-de-5-stele-pictori-din-cehia-bulgaria-si-ucraina\/\" class=\"entry-featured-image-url\">\r\n\t\t<img decoding=\"async\" src=\"https:\/\/img.youtube.com\/vi\/RLJh5pjYdCI\/hqdefault.jpg\"\/>\r\n\t<\/a>\r\n\t<h2 class=\"entry-title\">\r\n\t\t<a href=\"https:\/\/alexandra-s.com\/en\/video\/arta-de-5-stele-pictori-din-cehia-bulgaria-si-ucraina\/\">5 Star Art - painters from the Czech Republic, Bulgaria and Ukraine<\/a>\r\n\t<\/h2>\t\t\t\t\r\n<\/div><div class=\"et_pb_posts item-grid\">\t\r\n\t<a href=\"https:\/\/alexandra-s.com\/en\/video\/gala-rocat-marcel-thiele-vs-johnny-bica-vs-maria-palaria\/\" class=\"entry-featured-image-url\">\r\n\t\t<img decoding=\"async\" src=\"https:\/\/img.youtube.com\/vi\/2Am0xc_0q8Q\/hqdefault.jpg\"\/>\r\n\t<\/a>\r\n\t<h2 class=\"entry-title\">\r\n\t\t<a href=\"https:\/\/alexandra-s.com\/en\/video\/gala-rocat-marcel-thiele-vs-johnny-bica-vs-maria-palaria\/\">Gala ROCAT - Marcel Thiele vs Johnny Bica vs Maria Palaria<\/a>\r\n\t<\/h2>\t\t\t\t\r\n<\/div><div class=\"et_pb_posts item-grid\">\t\r\n\t<a href=\"https:\/\/alexandra-s.com\/en\/video\/gala-rocat-corina-ozon-vs-marius-vernescu-literatura-vs-jazz\/\" class=\"entry-featured-image-url\">\r\n\t\t<img decoding=\"async\" src=\"https:\/\/img.youtube.com\/vi\/kKKV9-wswl0\/hqdefault.jpg\"\/>\r\n\t<\/a>\r\n\t<h2 class=\"entry-title\">\r\n\t\t<a href=\"https:\/\/alexandra-s.com\/en\/video\/gala-rocat-corina-ozon-vs-marius-vernescu-literatura-vs-jazz\/\">Gala ROCAT - Corina Ozon vs Marius Vernescu, literature vs jazz<\/a>\r\n\t<\/h2>\t\t\t\t\r\n<\/div><span class=\"pods-pagination-advanced\">\n\t\n\t<span class=\"pods-pagination-number pods-pagination-current\">1<\/span>\n\n\t\t\t\t<a href=\"\/en\/wp-json\/wp\/v2\/pages\/11379?pg=2\" class=\"pods-pagination-number pods-pagination-2\">2<\/a>\n\t\t\t\t\t\t<a href=\"\/en\/wp-json\/wp\/v2\/pages\/11379?pg=3\" class=\"pods-pagination-number pods-pagination-3\">3<\/a>\n\t\t\t\t\t<a href=\"\/en\/wp-json\/wp\/v2\/pages\/11379?pg=4\" class=\"pods-pagination-number pods-pagination-last pods-pagination-4\">4<\/a>\n\t\t\t\t\t<a href=\"\/en\/wp-json\/wp\/v2\/pages\/11379?pg=2\" class=\"pods-pagination-label pods-pagination-next\">Next &rsaquo;<\/a>\n\t\t\t\t\t\t\t<a href=\"\/en\/wp-json\/wp\/v2\/pages\/11379?pg=4\" class=\"pods-pagination-label pods-pagination-last\">Last &raquo;<\/a>\n\t\t\t\t\n<\/span>\n\n<p>[\/et_pb_text][et_pb_image src=&#8221;https:\/\/alexandra-s.com\/wp-content\/uploads\/2019\/04\/banner-magzin-alexandra-s.jpg&#8221; url=&#8221;\/magazin&#8221; align_tablet=&#8221;center&#8221; align_last_edited=&#8221;on|desktop&#8221; _builder_version=&#8221;3.23.3&#8243; custom_margin=&#8221;40px||80px&#8221; global_module=&#8221;10494&#8243; _i=&#8221;1&#8243; _address=&#8221;2.0.0.1&#8243;][\/et_pb_image][\/et_pb_column][\/et_pb_row][\/et_pb_section]<\/p>","protected":false},"excerpt":{"rendered":"<p>Video descoper\u0103Lista pictorilor romani DEX define\u0219te pictorii ca pe &#8222;artistii plastic ce \u00eenf\u0103\u021bi\u0219eaz\u0103 pe hartie, pe panz\u0103, pe pere\u021bi etc. fiin\u021be \u0219i lucruri \u00een culori, \u00een creion sau \u00een c\u0103rbune&#8221;.\u00a0 Noi nu-i definim in nici un fel. Doar vi-i prezent\u0103m cat putem de bine.\u00a0<div class=\"et_pb_posts item-grid\">\t\r\n\t<a href=\"https:\/\/alexandra-s.com\/en\/video\/gala-rocat-michaela-craciun-vs-eugen-craciun-vs-daniel-craciun\/\" class=\"entry-featured-image-url\">\r\n\t\t<img decoding=\"async\" src=\"https:\/\/img.youtube.com\/vi\/SZGCC--FoOU\/hqdefault.jpg\"\/>\r\n\t<\/a>\r\n\t<h2 class=\"entry-title\">\r\n\t\t<a href=\"https:\/\/alexandra-s.com\/en\/video\/gala-rocat-michaela-craciun-vs-eugen-craciun-vs-daniel-craciun\/\">Gala ROCAT - Michaela Craciun vs Eugen Craciun vs Daniel Craciun<\/a>\r\n\t<\/h2>\t\t\t\t\r\n<\/div><div class=\"et_pb_posts item-grid\">\t\r\n\t<a href=\"https:\/\/alexandra-s.com\/en\/video\/gala-rocat-ana-rus-vs-luminita-gliga-vs-yannia\/\" class=\"entry-featured-image-url\">\r\n\t\t<img decoding=\"async\" src=\"https:\/\/img.youtube.com\/vi\/DwPs_groex0\/hqdefault.jpg\"\/>\r\n\t<\/a>\r\n\t<h2 class=\"entry-title\">\r\n\t\t<a href=\"https:\/\/alexandra-s.com\/en\/video\/gala-rocat-ana-rus-vs-luminita-gliga-vs-yannia\/\">Gala ROCAT - Ana Rus vs Luminita Gliga vs Yannia<\/a>\r\n\t<\/h2>\t\t\t\t\r\n<\/div><div class=\"et_pb_posts item-grid\">\t\r\n\t<a href=\"https:\/\/alexandra-s.com\/en\/video\/gala-rocat-eugen-raportoru-vs-anca-irina-lefter\/\" class=\"entry-featured-image-url\">\r\n\t\t<img decoding=\"async\" src=\"https:\/\/img.youtube.com\/vi\/y0WEAESNEWc\/hqdefault.jpg\"\/>\r\n\t<\/a>\r\n\t<h2 class=\"entry-title\">\r\n\t\t<a href=\"https:\/\/alexandra-s.com\/en\/video\/gala-rocat-eugen-raportoru-vs-anca-irina-lefter\/\">Gala ROCAT - Eugen Raportoru vs Anca Irina Lefter<\/a>\r\n\t<\/h2>\t\t\t\t\r\n<\/div><div class=\"et_pb_posts item-grid\">\t\r\n\t<a href=\"https:\/\/alexandra-s.com\/en\/video\/gala-rocat-eusebio-spinu-vs-eugen-raportoru-ceramica-vs-sculptura\/\" class=\"entry-featured-image-url\">\r\n\t\t<img decoding=\"async\" src=\"https:\/\/img.youtube.com\/vi\/Nb1dxLiE2sU\/hqdefault.jpg\"\/>\r\n\t<\/a>\r\n\t<h2 class=\"entry-title\">\r\n\t\t<a href=\"https:\/\/alexandra-s.com\/en\/video\/gala-rocat-eusebio-spinu-vs-eugen-raportoru-ceramica-vs-sculptura\/\">ROCAT Gala - Eusebio Spinu vs Eugen Raportoru, ceramics vs sculpture<\/a>\r\n\t<\/h2>\t\t\t\t\r\n<\/div><div class=\"et_pb_posts item-grid\">\t\r\n\t<a href=\"https:\/\/alexandra-s.com\/en\/video\/tabara-de-pictura-ovids-dreaming-galeria-alexandras-mamaia-2016\/\" class=\"entry-featured-image-url\">\r\n\t\t<img decoding=\"async\" src=\"https:\/\/img.youtube.com\/vi\/bwoFrw0YvzU\/hqdefault.jpg\"\/>\r\n\t<\/a>\r\n\t<h2 class=\"entry-title\">\r\n\t\t<a href=\"https:\/\/alexandra-s.com\/en\/video\/tabara-de-pictura-ovids-dreaming-galeria-alexandras-mamaia-2016\/\">Ovid&#039;s Dreaming Painting Camp - Alexandra&#039;s Gallery, Mamaia, 2016<\/a>\r\n\t<\/h2>\t\t\t\t\r\n<\/div><div class=\"et_pb_posts item-grid\">\t\r\n\t<a href=\"https:\/\/alexandra-s.com\/en\/video\/salba-mariei-bijuterii-etnice-maria-alexandra-gala-rocat\/\" class=\"entry-featured-image-url\">\r\n\t\t<img decoding=\"async\" src=\"https:\/\/img.youtube.com\/vi\/q8uVVDcm9Oo\/hqdefault.jpg\"\/>\r\n\t<\/a>\r\n\t<h2 class=\"entry-title\">\r\n\t\t<a href=\"https:\/\/alexandra-s.com\/en\/video\/salba-mariei-bijuterii-etnice-maria-alexandra-gala-rocat\/\">Salba Maria - ethnic jewelry - Maria Alexandra - Gala ROCAT<\/a>\r\n\t<\/h2>\t\t\t\t\r\n<\/div><div class=\"et_pb_posts item-grid\">\t\r\n\t<a href=\"https:\/\/alexandra-s.com\/en\/video\/gala-rocat-dumitru-glodeanu-vs-bogdan-turcea-pictura-vs-sculptura\/\" class=\"entry-featured-image-url\">\r\n\t\t<img decoding=\"async\" src=\"https:\/\/img.youtube.com\/vi\/GF6XxAlb-as\/hqdefault.jpg\"\/>\r\n\t<\/a>\r\n\t<h2 class=\"entry-title\">\r\n\t\t<a href=\"https:\/\/alexandra-s.com\/en\/video\/gala-rocat-dumitru-glodeanu-vs-bogdan-turcea-pictura-vs-sculptura\/\">ROCAT Gala - Dumitru Glodeanu vs Bogdan Turcea, painting vs sculpture<\/a>\r\n\t<\/h2>\t\t\t\t\r\n<\/div><div class=\"et_pb_posts item-grid\">\t\r\n\t<a href=\"https:\/\/alexandra-s.com\/en\/video\/gala-alexandras-la-ambasada-regatului-belgiei-la-bucuresti\/\" class=\"entry-featured-image-url\">\r\n\t\t<img decoding=\"async\" src=\"https:\/\/img.youtube.com\/vi\/dJgzADWjN0g\/hqdefault.jpg\"\/>\r\n\t<\/a>\r\n\t<h2 class=\"entry-title\">\r\n\t\t<a href=\"https:\/\/alexandra-s.com\/en\/video\/gala-alexandras-la-ambasada-regatului-belgiei-la-bucuresti\/\">Alexandra&#039;s Gala at the Embassy of the Kingdom of Belgium in Bucharest<\/a>\r\n\t<\/h2>\t\t\t\t\r\n<\/div><div class=\"et_pb_posts item-grid\">\t\r\n\t<a href=\"https:\/\/alexandra-s.com\/en\/video\/health-art-cognac-cofee-gala-de-caritate\/\" class=\"entry-featured-image-url\">\r\n\t\t<img decoding=\"async\" src=\"https:\/\/img.youtube.com\/vi\/2TowIQlnQys\/hqdefault.jpg\"\/>\r\n\t<\/a>\r\n\t<h2 class=\"entry-title\">\r\n\t\t<a href=\"https:\/\/alexandra-s.com\/en\/video\/health-art-cognac-cofee-gala-de-caritate\/\">Health &amp; Art &amp; Cognac &amp; Cofee - charity gala<\/a>\r\n\t<\/h2>\t\t\t\t\r\n<\/div><div class=\"et_pb_posts item-grid\">\t\r\n\t<a href=\"https:\/\/alexandra-s.com\/en\/video\/tabara-de-pictura-a-galeriei-alexandras-editia-2016\/\" class=\"entry-featured-image-url\">\r\n\t\t<img decoding=\"async\" src=\"https:\/\/img.youtube.com\/vi\/Cj58EwCiqag\/hqdefault.jpg\"\/>\r\n\t<\/a>\r\n\t<h2 class=\"entry-title\">\r\n\t\t<a href=\"https:\/\/alexandra-s.com\/en\/video\/tabara-de-pictura-a-galeriei-alexandras-editia-2016\/\">Alexandra&#039;s Gallery Painting Camp - 2016 edition<\/a>\r\n\t<\/h2>\t\t\t\t\r\n<\/div><div class=\"et_pb_posts item-grid\">\t\r\n\t<a href=\"https:\/\/alexandra-s.com\/en\/video\/corina-ozon-lansare-de-carte-la-galeria-alexandras\/\" class=\"entry-featured-image-url\">\r\n\t\t<img decoding=\"async\" src=\"https:\/\/img.youtube.com\/vi\/BbxVyrUdo4Q\/hqdefault.jpg\"\/>\r\n\t<\/a>\r\n\t<h2 class=\"entry-title\">\r\n\t\t<a href=\"https:\/\/alexandra-s.com\/en\/video\/corina-ozon-lansare-de-carte-la-galeria-alexandras\/\">Corina Ozon - Book launch at Alexandra&#039;s Gallery<\/a>\r\n\t<\/h2>\t\t\t\t\r\n<\/div><div class=\"et_pb_posts item-grid\">\t\r\n\t<a href=\"https:\/\/alexandra-s.com\/en\/video\/gala-biff-2017-festival-international-de-film-la-galeria-alexandras\/\" class=\"entry-featured-image-url\">\r\n\t\t<img decoding=\"async\" src=\"https:\/\/img.youtube.com\/vi\/jvgz997qm30\/hqdefault.jpg\"\/>\r\n\t<\/a>\r\n\t<h2 class=\"entry-title\">\r\n\t\t<a href=\"https:\/\/alexandra-s.com\/en\/video\/gala-biff-2017-festival-international-de-film-la-galeria-alexandras\/\">BIFF Gala 2017 - Alexandra&#039;s Gallery International Film Festival<\/a>\r\n\t<\/h2>\t\t\t\t\r\n<\/div><div class=\"et_pb_posts item-grid\">\t\r\n\t<a href=\"https:\/\/alexandra-s.com\/en\/video\/arta-de-5-stele-pictori-din-cehia-bulgaria-si-ucraina\/\" class=\"entry-featured-image-url\">\r\n\t\t<img decoding=\"async\" src=\"https:\/\/img.youtube.com\/vi\/RLJh5pjYdCI\/hqdefault.jpg\"\/>\r\n\t<\/a>\r\n\t<h2 class=\"entry-title\">\r\n\t\t<a href=\"https:\/\/alexandra-s.com\/en\/video\/arta-de-5-stele-pictori-din-cehia-bulgaria-si-ucraina\/\">5 Star Art - painters from the Czech Republic, Bulgaria and Ukraine<\/a>\r\n\t<\/h2>\t\t\t\t\r\n<\/div><div class=\"et_pb_posts item-grid\">\t\r\n\t<a href=\"https:\/\/alexandra-s.com\/en\/video\/gala-rocat-marcel-thiele-vs-johnny-bica-vs-maria-palaria\/\" class=\"entry-featured-image-url\">\r\n\t\t<img decoding=\"async\" src=\"https:\/\/img.youtube.com\/vi\/2Am0xc_0q8Q\/hqdefault.jpg\"\/>\r\n\t<\/a>\r\n\t<h2 class=\"entry-title\">\r\n\t\t<a href=\"https:\/\/alexandra-s.com\/en\/video\/gala-rocat-marcel-thiele-vs-johnny-bica-vs-maria-palaria\/\">Gala ROCAT - Marcel Thiele vs Johnny Bica vs Maria Palaria<\/a>\r\n\t<\/h2>\t\t\t\t\r\n<\/div><div class=\"et_pb_posts item-grid\">\t\r\n\t<a href=\"https:\/\/alexandra-s.com\/en\/video\/gala-rocat-corina-ozon-vs-marius-vernescu-literatura-vs-jazz\/\" class=\"entry-featured-image-url\">\r\n\t\t<img decoding=\"async\" src=\"https:\/\/img.youtube.com\/vi\/kKKV9-wswl0\/hqdefault.jpg\"\/>\r\n\t<\/a>\r\n\t<h2 class=\"entry-title\">\r\n\t\t<a href=\"https:\/\/alexandra-s.com\/en\/video\/gala-rocat-corina-ozon-vs-marius-vernescu-literatura-vs-jazz\/\">Gala ROCAT - Corina Ozon vs Marius Vernescu, literature vs jazz<\/a>\r\n\t<\/h2>\t\t\t\t\r\n<\/div><span class=\"pods-pagination-advanced\">\n\t\n\t<span class=\"pods-pagination-number pods-pagination-current\">1<\/span>\n\n\t\t\t\t<a href=\"\/en\/wp-json\/wp\/v2\/pages\/11379?pg=2\" class=\"pods-pagination-number pods-pagination-2\">2<\/a>\n\t\t\t\t\t\t<a href=\"\/en\/wp-json\/wp\/v2\/pages\/11379?pg=3\" class=\"pods-pagination-number pods-pagination-3\">3<\/a>\n\t\t\t\t\t<a href=\"\/en\/wp-json\/wp\/v2\/pages\/11379?pg=4\" class=\"pods-pagination-number pods-pagination-last pods-pagination-4\">4<\/a>\n\t\t\t\t\t<a href=\"\/en\/wp-json\/wp\/v2\/pages\/11379?pg=2\" class=\"pods-pagination-label pods-pagination-next\">Next &rsaquo;<\/a>\n\t\t\t\t\t\t\t<a href=\"\/en\/wp-json\/wp\/v2\/pages\/11379?pg=4\" class=\"pods-pagination-label pods-pagination-last\">Last &raquo;<\/a>\n\t\t\t\t\n<\/span>\n<\/p>","protected":false},"author":2,"featured_media":0,"parent":0,"menu_order":0,"comment_status":"closed","ping_status":"closed","template":"","meta":{"_et_pb_use_builder":"on","_et_pb_old_content":"","_et_gb_content_width":"","footnotes":""},"_links":{"self":[{"href":"https:\/\/alexandra-s.com\/en\/wp-json\/wp\/v2\/pages\/11379"}],"collection":[{"href":"https:\/\/alexandra-s.com\/en\/wp-json\/wp\/v2\/pages"}],"about":[{"href":"https:\/\/alexandra-s.com\/en\/wp-json\/wp\/v2\/types\/page"}],"author":[{"embeddable":true,"href":"https:\/\/alexandra-s.com\/en\/wp-json\/wp\/v2\/users\/2"}],"replies":[{"embeddable":true,"href":"https:\/\/alexandra-s.com\/en\/wp-json\/wp\/v2\/comments?post=11379"}],"version-history":[{"count":19,"href":"https:\/\/alexandra-s.com\/en\/wp-json\/wp\/v2\/pages\/11379\/revisions"}],"predecessor-version":[{"id":12390,"href":"https:\/\/alexandra-s.com\/en\/wp-json\/wp\/v2\/pages\/11379\/revisions\/12390"}],"wp:attachment":[{"href":"https:\/\/alexandra-s.com\/en\/wp-json\/wp\/v2\/media?parent=11379"}],"curies":[{"name":"wp","href":"https:\/\/api.w.org\/{rel}","templated":true}]}}