{"id":8256,"date":"2019-02-12T18:19:10","date_gmt":"2019-02-12T18:19:10","guid":{"rendered":"http:\/\/librarie.xyz-it.ro\/?page_id=8256"},"modified":"2020-01-16T16:07:07","modified_gmt":"2020-01-16T14:07:07","slug":"evaluare","status":"publish","type":"page","link":"https:\/\/alexandra-s.com\/en\/galerie\/evaluare\/","title":{"rendered":"Evaluation"},"content":{"rendered":"<p>[et_pb_section fb_built=&#8221;1&#8243; admin_label=&#8221;Header pagina&#8221; _builder_version=&#8221;3.22.3&#8243; use_background_color_gradient=&#8221;on&#8221; background_color_gradient_start=&#8221;rgba(29,41,48,0.6)&#8221; background_color_gradient_end=&#8221;rgba(29,41,48,0.6)&#8221; background_color_gradient_overlays_image=&#8221;on&#8221; background_image=&#8221;https:\/\/alexandra-s.com\/wp-content\/uploads\/2019\/03\/color-patterns-1984237_1920.jpg&#8221; background_position=&#8221;top_center&#8221; fb_built=&#8221;1&#8243; _i=&#8221;0&#8243; _address=&#8221;0&#8243;][et_pb_row module_id=&#8221;head-page&#8221; _builder_version=&#8221;3.25&#8243; background_size=&#8221;initial&#8221; background_position=&#8221;top_left&#8221; background_repeat=&#8221;repeat&#8221; custom_padding=&#8221;100px|0px|60px|0px|false|false&#8221; _i=&#8221;0&#8243; _address=&#8221;0.0&#8243;][et_pb_column type=&#8221;4_4&#8243; _builder_version=&#8221;3.25&#8243; custom_padding=&#8221;|||&#8221; _i=&#8221;0&#8243; _address=&#8221;0.0.0&#8243; custom_padding__hover=&#8221;|||&#8221;][et_pb_text admin_label=&#8221;Titlu header si text&#8221; _builder_version=&#8221;3.27.4&#8243; text_font=&#8221;|300|||||||&#8221; text_text_color=&#8221;#ffffff&#8221; text_font_size=&#8221;15px&#8221; text_line_height=&#8221;1em&#8221; header_font=&#8221;|||on|||||&#8221; header_text_align=&#8221;center&#8221; header_text_color=&#8221;#ffffff&#8221; header_font_size=&#8221;42px&#8221; header_letter_spacing=&#8221;13px&#8221; text_orientation=&#8221;center&#8221; _i=&#8221;0&#8243; _address=&#8221;0.0.0.0&#8243;]<\/p>\n<h1>Evaluation<\/h1>\n<p>&nbsp;<\/p>\n<p>You wish <strong>evaluation<\/strong> a painting or an art object that you have in your home or office? We provide this service.<\/p>\n<p><a class=\"anchor\" href=\"#evaluare\">read more<\/a><\/p>\n<p>[\/et_pb_text][\/et_pb_column][\/et_pb_row][\/et_pb_section][et_pb_section fb_built=&#8221;1&#8243; admin_label=&#8221;Continut pagina&#8221; module_id=&#8221;evaluare&#8221; _builder_version=&#8221;3.22.3&#8243; custom_margin=&#8221;0px||0px|&#8221; custom_padding=&#8221;0px||0px|&#8221; fb_built=&#8221;1&#8243; _i=&#8221;1&#8243; _address=&#8221;1&#8243;][et_pb_row _builder_version=&#8221;3.25&#8243; background_size=&#8221;initial&#8221; background_position=&#8221;top_left&#8221; background_repeat=&#8221;repeat&#8221; custom_padding=&#8221;100px|0px|0|0px|false|false&#8221; _i=&#8221;0&#8243; _address=&#8221;1.0&#8243;][et_pb_column type=&#8221;4_4&#8243; _builder_version=&#8221;3.25&#8243; custom_padding=&#8221;|||&#8221; _i=&#8221;0&#8243; _address=&#8221;1.0.0&#8243; custom_padding__hover=&#8221;|||&#8221;][et_pb_text _builder_version=&#8221;3.27.4&#8243; text_font=&#8221;|300|||||||&#8221; text_line_height=&#8221;2.7em&#8221; header_font=&#8221;||||||||&#8221; header_3_font=&#8221;||||||||&#8221; header_3_text_color=&#8221;#720521&#8243; header_3_font_size=&#8221;30px&#8221; header_3_line_height=&#8221;1.4em&#8221; text_orientation=&#8221;center&#8221; max_width=&#8221;80%&#8221; module_alignment=&#8221;center&#8221; animation_style=&#8221;fade&#8221; _i=&#8221;0&#8243; _address=&#8221;1.0.0.0&#8243;]<\/p>\n<h3>The evaluation service is available for:<\/h3>\n<p>[\/et_pb_text][\/et_pb_column][\/et_pb_row][et_pb_row column_structure=&#8221;1_2,1_2&#8243; _builder_version=&#8221;3.25&#8243; module_alignment=&#8221;center&#8221; custom_padding=&#8221;27px|0px|89px|0px|false|false&#8221; _i=&#8221;1&#8243; _address=&#8221;1.1&#8243;][et_pb_column type=&#8221;1_2&#8243; _builder_version=&#8221;3.25&#8243; custom_padding=&#8221;|||&#8221; _i=&#8221;0&#8243; _address=&#8221;1.1.0&#8243; custom_padding__hover=&#8221;|||&#8221;][et_pb_blurb image=&#8221;https:\/\/alexandra-s.com\/wp-content\/uploads\/2019\/03\/success.png&#8221; image_max_width=&#8221;50%&#8221; admin_label=&#8221;Check Box&#8221; module_class=&#8221;a-check-box&#8221; _builder_version=&#8221;3.22.4&#8243; body_font=&#8221;|300|||||||&#8221; body_font_size=&#8221;16px&#8221; text_orientation=&#8221;center&#8221; _i=&#8221;0&#8243; _address=&#8221;1.1.0.0&#8243;]<\/p>\n<p>The objects you want to sell through our gallery, on consignment.<\/p>\n<p>[\/et_pb_blurb][\/et_pb_column][et_pb_column type=&#8221;1_2&#8243; _builder_version=&#8221;3.25&#8243; custom_padding=&#8221;|||&#8221; _i=&#8221;1&#8243; _address=&#8221;1.1.1&#8243; custom_padding__hover=&#8221;|||&#8221;][et_pb_blurb image=&#8221;https:\/\/alexandra-s.com\/wp-content\/uploads\/2019\/03\/success.png&#8221; image_max_width=&#8221;50%&#8221; admin_label=&#8221;Check Box&#8221; module_class=&#8221;a-check-box&#8221; _builder_version=&#8221;3.22.4&#8243; body_font=&#8221;|300|||||||&#8221; body_font_size=&#8221;16px&#8221; text_orientation=&#8221;center&#8221; _i=&#8221;0&#8243; _address=&#8221;1.1.1.0&#8243;]<\/p>\n<p>The objects you have, but you don&#039;t want to alienate them yet.<\/p>\n<p>[\/et_pb_blurb][\/et_pb_column][\/et_pb_row][\/et_pb_section][et_pb_section fb_built=&#8221;1&#8243; _builder_version=&#8221;3.22.3&#8243; background_color=&#8221;#faecd7&#8243; background_image=&#8221;https:\/\/alexandra-s.com\/wp-content\/uploads\/2019\/02\/logo-stroke-1.png&#8221; background_size=&#8221;initial&#8221; background_position=&#8221;bottom_center&#8221; background_blend=&#8221;color-burn&#8221; custom_margin=&#8221;0px|||&#8221; custom_padding=&#8221;18em||18em||false|false&#8221; fb_built=&#8221;1&#8243; _i=&#8221;2&#8243; _address=&#8221;2&#8243;][et_pb_row column_structure=&#8221;1_2,1_2&#8243; _builder_version=&#8221;3.25&#8243; width=&#8221;70%&#8221; max_width=&#8221;70%&#8221; custom_padding=&#8221;0|0px|0|0px|false|false&#8221; use_custom_width=&#8221;on&#8221; width_unit=&#8221;off&#8221; custom_width_percent=&#8221;70%&#8221; _i=&#8221;0&#8243; _address=&#8221;2.0&#8243;][et_pb_column type=&#8221;1_2&#8243; _builder_version=&#8221;3.25&#8243; custom_padding=&#8221;30px|||&#8221; _i=&#8221;0&#8243; _address=&#8221;2.0.0&#8243; custom_padding__hover=&#8221;|||&#8221;][et_pb_text _builder_version=&#8221;3.27.4&#8243; text_font=&#8221;||||||||&#8221; header_font=&#8221;||||||||&#8221; header_2_font=&#8221;|||on|||||&#8221; header_2_font_size=&#8221;28px&#8221; header_2_letter_spacing=&#8221;6px&#8221; custom_padding=&#8221;40px||&#8221; _i=&#8221;0&#8243; _address=&#8221;2.0.0.0&#8243;]<\/p>\n<h2>The evaluation service can help you find out the value of a painting or art object you own.<\/h2>\n<p>[\/et_pb_text][\/et_pb_column][et_pb_column type=&#8221;1_2&#8243; _builder_version=&#8221;3.25&#8243; custom_padding=&#8221;|||&#8221; _i=&#8221;1&#8243; _address=&#8221;2.0.1&#8243; custom_padding__hover=&#8221;|||&#8221;][et_pb_text _builder_version=&#8221;3.29.3&#8243; text_font=&#8221;|300|||||||&#8221; text_font_size=&#8221;16px&#8221; text_line_height=&#8221;1.8em&#8221; header_font=&#8221;||||||||&#8221; hover_enabled=&#8221;0&#8243; _i=&#8221;0&#8243; _address=&#8221;2.0.1.0&#8243;]<\/p>\n<p><strong>evaluation<\/strong> takes into account the particularities of the object, the past transactions of similar objects and the market absorption capacity at the time of valuation. Based on these factors, we will appreciate the value and provide you with the result in the form of an estimated price.<\/p>\n<p><strong>price<\/strong> this service is personalized. For more information, contact us using the form below or call us at: <a href=\"tel:+40751144577\">0751144577<\/a>.<\/p>\n<p>[\/et_pb_text][\/et_pb_column][\/et_pb_row][\/et_pb_section][et_pb_section fb_built=&#8221;1&#8243; admin_label=&#8221;Sec\u021biune formular de contact&#8221; _builder_version=&#8221;3.29.3&#8243; global_module=&#8221;11656&#8243; saved_tabs=&#8221;all&#8221; fb_built=&#8221;1&#8243; _i=&#8221;3&#8243; _address=&#8221;3&#8243;][et_pb_row _builder_version=&#8221;3.29.3&#8243; _i=&#8221;0&#8243; _address=&#8221;3.0&#8243;][et_pb_column type=&#8221;4_4&#8243; _builder_version=&#8221;3.29.3&#8243; _i=&#8221;0&#8243; _address=&#8221;3.0.0&#8243;][et_pb_text _builder_version=&#8221;3.29.3&#8243; _i=&#8221;0&#8243; _address=&#8221;3.0.0.0&#8243;]<\/p>\n<h4>Contact us<\/h4>\n\n<div class=\"wpcf7 no-js\" id=\"wpcf7-f11647-o1\" lang=\"en-US\" dir=\"ltr\">\n<div class=\"screen-reader-response\"><p role=\"status\" aria-live=\"polite\" aria-atomic=\"true\"><\/p> <ul><\/ul><\/div>\n<form action=\"\/en\/wp-json\/wp\/v2\/pages\/8256#wpcf7-f11647-o1\" method=\"post\" class=\"wpcf7-form init\" aria-label=\"Contact form\" novalidate=\"novalidate\" data-status=\"init\" data-trp-original-action=\"\/en\/wp-json\/wp\/v2\/pages\/8256#wpcf7-f11647-o1\">\n<div style=\"display: none;\">\n<input type=\"hidden\" name=\"_wpcf7\" value=\"11647\" \/>\n<input type=\"hidden\" name=\"_wpcf7_version\" value=\"5.9.3\" \/>\n<input type=\"hidden\" name=\"_wpcf7_locale\" value=\"en_US\" \/>\n<input type=\"hidden\" name=\"_wpcf7_unit_tag\" value=\"wpcf7-f11647-o1\" \/>\n<input type=\"hidden\" name=\"_wpcf7_container_post\" value=\"0\" \/>\n<input type=\"hidden\" name=\"_wpcf7_posted_data_hash\" value=\"\" \/>\n<\/div>\n<div class=\"col-1\">\n\t<p><span class=\"wpcf7-form-control-wrap\" data-name=\"nume\"><input size=\"40\" class=\"wpcf7-form-control wpcf7-text wpcf7-validates-as-required\" aria-required=\"true\" aria-invalid=\"false\" placeholder=\"Name surname*\" value=\"\" type=\"text\" name=\"nume\" \/><\/span>\n\t<\/p>\n<\/div>\n<div class=\"col-1\">\n\t<p><span class=\"wpcf7-form-control-wrap\" data-name=\"email\"><input size=\"40\" class=\"wpcf7-form-control wpcf7-email wpcf7-validates-as-required wpcf7-text wpcf7-validates-as-email\" aria-required=\"true\" aria-invalid=\"false\" placeholder=\"Email Address*\" value=\"\" type=\"email\" name=\"email\" \/><\/span>\n\t<\/p>\n<\/div>\n<div class=\"col-1\">\n\t<p><span class=\"wpcf7-form-control-wrap\" data-name=\"telefon\"><input size=\"40\" class=\"wpcf7-form-control wpcf7-text\" aria-invalid=\"false\" placeholder=\"Phone number\" value=\"\" type=\"text\" name=\"telefon\" \/><\/span>\n\t<\/p>\n<\/div>\n<div class=\"col-1\">\n\t<p><span class=\"wpcf7-form-control-wrap\" data-name=\"subiect\"><input size=\"40\" class=\"wpcf7-form-control wpcf7-text\" aria-invalid=\"false\" placeholder=\"Topic\" value=\"\" type=\"text\" name=\"subiect\" \/><\/span>\n\t<\/p>\n<\/div>\n<div class=\"col-1\">\n\t<p><span class=\"wpcf7-form-control-wrap\" data-name=\"mesaj\"><textarea cols=\"40\" rows=\"10\" class=\"wpcf7-form-control wpcf7-textarea\" aria-invalid=\"false\" placeholder=\"Message\" name=\"mesaj\"><\/textarea><\/span>\n\t<\/p>\n<\/div>\n<div class=\"col-1\">\n\t<p><span class=\"wpcf7-form-control-wrap\" data-name=\"acceptance-843\"><span class=\"wpcf7-form-control wpcf7-acceptance\"><span class=\"wpcf7-list-item\"><label><input type=\"checkbox\" name=\"acceptance-843\" value=\"1\" aria-invalid=\"false\" \/><span class=\"wpcf7-list-item-label\">I agree with <a href=\"\/termeni-si-conditii\" target=\"_blank\">terms and conditions<\/a> Alexandra-s.com<\/span><\/label><\/span><\/span><\/span>\n\t<\/p>\n<\/div>\n<div class=\"col-1\" style=\"text-align: center\">\n\t<p><button type=\"submit\" name=\"submit\" class=\"wpcf7-submit\">send<\/button>\n\t<\/p>\n<\/div><div class=\"wpcf7-response-output\" aria-hidden=\"true\"><\/div>\n<input type=\"hidden\" name=\"trp-form-language\" value=\"en\"\/><\/form>\n<\/div>\n\n<p>[\/et_pb_text][\/et_pb_column][\/et_pb_row][\/et_pb_section]<\/p>","protected":false},"excerpt":{"rendered":"<p>Evaluare &nbsp; I\u021bi dore\u0219ti evaluarea unui tablou sau a unui obiect de art\u0103 pe care \u00eel de\u021bii \u00een cas\u0103 ori la birou? Noi i\u021bi punem la dispozi\u021bie acest serviciu. cite\u015fte mai multServiciul de evaluare este disponibil pentru:Obiectele pe care \u00ee\u021bi dore\u0219ti s\u0103 le vinzi prin intermediul galeriei noastre, \u00een regim de consigna\u021bie.Obiectele pe care le [&hellip;]<\/p>","protected":false},"author":2,"featured_media":0,"parent":10615,"menu_order":0,"comment_status":"closed","ping_status":"closed","template":"","meta":{"_et_pb_use_builder":"on","_et_pb_old_content":"<p>De\u021bine\u021bi o oper\u0103 de art\u0103 despre care presupune\u021bi c\u0103 apar\u021bine unui artist celebru \u0219i v\u0103 dori\u021bi autentificarea acestui fapt printr-un act menit s\u0103 \u00eei sporeasc\u0103 valoarea de pia\u021b\u0103? V\u0103 putem pune la dispozi\u021bie acest serviciu.<\/p><p>Serviciul de autentificare este disponibil at\u00e2t pentru obiectele pe care dori\u021bi s\u0103 le vinde\u021bi prin intermediul galeriei noastre \u00een regim de consigna\u021bie, c\u00e2t \u0219i pentru obiectele pe care le de\u021bine\u021bi, dar pe care nu dori\u021bi s\u0103 le \u00eenstr\u0103ina\u021bi. Dat fiind num\u0103rul extrem de mic de speciali\u0219ti autoriza\u021bi \u00een domeniu, pre\u021bul acestui serviciu este personalizat de la caz la caz. Asigur\u0103m confiden\u021bialitatea informa\u021biilor pe care ni le ve\u021bi furniza \u00een vederea ob\u021binerii autentific\u0103rii.<\/p><p>Pentru mai multe informa\u021bii, contacteaz\u0103-ne folosind adresa office@alexandra-s.com sau sun\u00e2nd la +40751144577.<\/p><h5>Serviciul de evaluare te poate ajuta sa afli valoarea unui tablou sau\u00a0obiect de arta pe care il detii.<\/h5><p>Procesul de evaluare are in vedere particularitatile obiectului, tranzactiile trecute ale unor obiecte\u00a0similare si capacitatea de absorbtie a pietei la momentul evaluarii.<\/p><p>In baza acestor factori, vom\u00a0 aprecia valoarea si iti vom furniza rezultatul sub forma unui pret estimat.<\/p><p>\u00a0<\/p><p>Pretul acestui serviciu este personalizat. Pentru mai multe informatii, contacteaza-ne folosind formularul de mai jos sau suna-ne la:\u00a0<a href=\"tel:+40751144577\">+40 751 144 577.<\/a><\/p>","_et_gb_content_width":"","footnotes":""},"_links":{"self":[{"href":"https:\/\/alexandra-s.com\/en\/wp-json\/wp\/v2\/pages\/8256"}],"collection":[{"href":"https:\/\/alexandra-s.com\/en\/wp-json\/wp\/v2\/pages"}],"about":[{"href":"https:\/\/alexandra-s.com\/en\/wp-json\/wp\/v2\/types\/page"}],"author":[{"embeddable":true,"href":"https:\/\/alexandra-s.com\/en\/wp-json\/wp\/v2\/users\/2"}],"replies":[{"embeddable":true,"href":"https:\/\/alexandra-s.com\/en\/wp-json\/wp\/v2\/comments?post=8256"}],"version-history":[{"count":39,"href":"https:\/\/alexandra-s.com\/en\/wp-json\/wp\/v2\/pages\/8256\/revisions"}],"predecessor-version":[{"id":12366,"href":"https:\/\/alexandra-s.com\/en\/wp-json\/wp\/v2\/pages\/8256\/revisions\/12366"}],"up":[{"embeddable":true,"href":"https:\/\/alexandra-s.com\/en\/wp-json\/wp\/v2\/pages\/10615"}],"wp:attachment":[{"href":"https:\/\/alexandra-s.com\/en\/wp-json\/wp\/v2\/media?parent=8256"}],"curies":[{"name":"wp","href":"https:\/\/api.w.org\/{rel}","templated":true}]}}