{"id":8264,"date":"2019-02-12T18:21:27","date_gmt":"2019-02-12T18:21:27","guid":{"rendered":"http:\/\/librarie.xyz-it.ro\/?page_id=8264"},"modified":"2020-01-16T16:16:03","modified_gmt":"2020-01-16T14:16:03","slug":"achizitii-in-rate","status":"publish","type":"page","link":"https:\/\/alexandra-s.com\/en\/galerie\/achizitii-in-rate\/","title":{"rendered":"Achizitii in rate"},"content":{"rendered":"<p>[et_pb_section fb_built=&#8221;1&#8243; _builder_version=&#8221;3.22.3&#8243; use_background_color_gradient=&#8221;on&#8221; background_color_gradient_start=&#8221;rgba(29,41,48,0.6)&#8221; background_color_gradient_end=&#8221;rgba(29,41,48,0.6)&#8221; background_color_gradient_overlays_image=&#8221;on&#8221; background_image=&#8221;https:\/\/alexandra-s.com\/wp-content\/uploads\/2019\/03\/color-patterns-1984237_1920.jpg&#8221; background_position=&#8221;top_center&#8221; fb_built=&#8221;1&#8243; _i=&#8221;0&#8243; _address=&#8221;0&#8243;][et_pb_row module_id=&#8221;head-page&#8221; _builder_version=&#8221;3.25&#8243; background_size=&#8221;initial&#8221; background_position=&#8221;top_left&#8221; background_repeat=&#8221;repeat&#8221; custom_padding=&#8221;100px|0px|60px|0px|false|false&#8221; _i=&#8221;0&#8243; _address=&#8221;0.0&#8243;][et_pb_column type=&#8221;4_4&#8243; _builder_version=&#8221;3.25&#8243; custom_padding=&#8221;|||&#8221; _i=&#8221;0&#8243; _address=&#8221;0.0.0&#8243; custom_padding__hover=&#8221;|||&#8221;][et_pb_text _builder_version=&#8221;3.27.4&#8243; text_font=&#8221;|300|||||||&#8221; text_text_color=&#8221;#ffffff&#8221; text_font_size=&#8221;15px&#8221; text_line_height=&#8221;1em&#8221; header_font=&#8221;|||on|||||&#8221; header_text_align=&#8221;center&#8221; header_text_color=&#8221;#ffffff&#8221; header_font_size=&#8221;42px&#8221; header_letter_spacing=&#8221;13px&#8221; text_orientation=&#8221;center&#8221; _i=&#8221;0&#8243; _address=&#8221;0.0.0.0&#8243;]<\/p>\n<h1>Installment purchases<\/h1>\n<p>&nbsp;<\/p>\n<p>&nbsp;<\/p>\n<p><a class=\"anchor\" href=\"#evaluare\">view details<\/a><\/p>\n<p>[\/et_pb_text][\/et_pb_column][\/et_pb_row][\/et_pb_section][et_pb_section fb_built=&#8221;1&#8243; module_id=&#8221;evaluare&#8221; _builder_version=&#8221;3.22.3&#8243; custom_margin=&#8221;0px||0px|&#8221; custom_padding=&#8221;0px||0px|&#8221; fb_built=&#8221;1&#8243; _i=&#8221;1&#8243; _address=&#8221;1&#8243;][et_pb_row _builder_version=&#8221;3.25&#8243; background_size=&#8221;initial&#8221; background_position=&#8221;top_left&#8221; background_repeat=&#8221;repeat&#8221; custom_padding=&#8221;100px|0px|0|0px|false|false&#8221; _i=&#8221;0&#8243; _address=&#8221;1.0&#8243;][et_pb_column type=&#8221;4_4&#8243; _builder_version=&#8221;3.25&#8243; custom_padding=&#8221;|||&#8221; _i=&#8221;0&#8243; _address=&#8221;1.0.0&#8243; custom_padding__hover=&#8221;|||&#8221;][et_pb_text _builder_version=&#8221;3.27.4&#8243; text_font=&#8221;|300|||||||&#8221; text_line_height=&#8221;2.7em&#8221; header_font=&#8221;||||||||&#8221; header_3_font=&#8221;||||||||&#8221; header_3_text_color=&#8221;#720521&#8243; header_3_font_size=&#8221;30px&#8221; header_3_line_height=&#8221;1.4em&#8221; text_orientation=&#8221;center&#8221; max_width=&#8221;80%&#8221; module_alignment=&#8221;center&#8221; animation_style=&#8221;fade&#8221; _i=&#8221;0&#8243; _address=&#8221;1.0.0.0&#8243;]<\/p>\n<h3>Alexandra&#039;s Gallery currently offers the most advantageous art acquisition system in Romania:\u00a0<strong>the Art in Rates system<\/strong>.<\/h3>\n<h3>Everything takes place in a few complicated steps:<\/h3>\n<p>[\/et_pb_text][\/et_pb_column][\/et_pb_row][et_pb_row column_structure=&#8221;1_5,1_5,1_5,1_5,1_5&#8243; use_custom_gutter=&#8221;on&#8221; gutter_width=&#8221;2&#8243; _builder_version=&#8221;3.25&#8243; width=&#8221;100%&#8221; max_width=&#8221;80%&#8221; module_alignment=&#8221;center&#8221; custom_padding=&#8221;27px|0px|89px|0px|false|false&#8221; _i=&#8221;1&#8243; _address=&#8221;1.1&#8243;][et_pb_column type=&#8221;1_5&#8243; _builder_version=&#8221;3.25&#8243; custom_padding=&#8221;|||&#8221; _i=&#8221;0&#8243; _address=&#8221;1.1.0&#8243; custom_padding__hover=&#8221;|||&#8221;][et_pb_blurb title=&#8221;Etapa 1&#8243; image=&#8221;https:\/\/alexandra-s.com\/wp-content\/uploads\/2019\/03\/success.png&#8221; image_max_width=&#8221;50%&#8221; admin_label=&#8221;Etapa 1&#8243; module_class=&#8221;a-check-box&#8221; _builder_version=&#8221;3.29.3&#8243; body_font=&#8221;|300|||||||&#8221; body_font_size=&#8221;16px&#8221; text_orientation=&#8221;center&#8221; hover_enabled=&#8221;0&#8243; _i=&#8221;0&#8243; _address=&#8221;1.1.0.0&#8243;]<\/p>\n<p>You can choose, from the online store or at the Gallery&#039;s headquarters, what you want: paintings, sculptures, watches, decorations or furniture items. Take a look at the prices, because the Art in Installments system only applies to purchases with a total value of up to 5,000 euros.<\/p>\n<p>[\/et_pb_blurb][\/et_pb_column][et_pb_column type=&#8221;1_5&#8243; _builder_version=&#8221;3.25&#8243; custom_padding=&#8221;|||&#8221; _i=&#8221;1&#8243; _address=&#8221;1.1.1&#8243; custom_padding__hover=&#8221;|||&#8221;][et_pb_blurb title=&#8221;Etapa 2&#8243; image=&#8221;https:\/\/alexandra-s.com\/wp-content\/uploads\/2019\/03\/success.png&#8221; image_max_width=&#8221;50%&#8221; admin_label=&#8221;Etapa 2&#8243; module_class=&#8221;a-check-box&#8221; _builder_version=&#8221;3.22.4&#8243; body_font=&#8221;|300|||||||&#8221; body_font_size=&#8221;16px&#8221; text_orientation=&#8221;center&#8221; _i=&#8221;0&#8243; _address=&#8221;1.1.1.0&#8243;]<\/p>\n<p>Come to the Gallery&#039;s headquarters and sign the possession contract, the invoice, the payment commitment in 12 monthly installments of the established total amount and the report on the delivery in good condition of the desired art objects.<\/p>\n<p>[\/et_pb_blurb][\/et_pb_column][et_pb_column type=&#8221;1_5&#8243; _builder_version=&#8221;3.25&#8243; custom_padding=&#8221;|||&#8221; _i=&#8221;2&#8243; _address=&#8221;1.1.2&#8243; custom_padding__hover=&#8221;|||&#8221;][et_pb_blurb title=&#8221;Etapa 3&#8243; image=&#8221;https:\/\/alexandra-s.com\/wp-content\/uploads\/2019\/03\/success.png&#8221; image_max_width=&#8221;50%&#8221; admin_label=&#8221;Etapa 3&#8243; module_class=&#8221;a-check-box&#8221; _builder_version=&#8221;3.22.4&#8243; body_font=&#8221;|300|||||||&#8221; body_font_size=&#8221;16px&#8221; text_orientation=&#8221;center&#8221; _i=&#8221;0&#8243; _address=&#8221;1.1.2.0&#8243;]<\/p>\n<p>Take art objects home and decorate your home or office as you imagined. Yes, exactly like this: if everything goes naturally, you can go home with the desired items on the very day you decided to buy them.<\/p>\n<p>[\/et_pb_blurb][\/et_pb_column][et_pb_column type=&#8221;1_5&#8243; _builder_version=&#8221;3.25&#8243; custom_padding=&#8221;|||&#8221; _i=&#8221;3&#8243; _address=&#8221;1.1.3&#8243; custom_padding__hover=&#8221;|||&#8221;][et_pb_blurb title=&#8221;Etapa 4&#8243; image=&#8221;https:\/\/alexandra-s.com\/wp-content\/uploads\/2019\/03\/success.png&#8221; image_max_width=&#8221;50%&#8221; admin_label=&#8221;Etapa 4&#8243; module_class=&#8221;a-check-box&#8221; _builder_version=&#8221;3.22.4&#8243; body_font=&#8221;|300|||||||&#8221; body_font_size=&#8221;16px&#8221; text_orientation=&#8221;center&#8221; _i=&#8221;0&#8243; _address=&#8221;1.1.3.0&#8243;]<\/p>\n<p>Don&#039;t forget to pay, on a monthly basis, the rate set by the payment commitment. We are serious and we expect our customers to be the same.<\/p>\n<p>[\/et_pb_blurb][\/et_pb_column][et_pb_column type=&#8221;1_5&#8243; _builder_version=&#8221;3.25&#8243; custom_padding=&#8221;|||&#8221; _i=&#8221;4&#8243; _address=&#8221;1.1.4&#8243; custom_padding__hover=&#8221;|||&#8221;][et_pb_blurb title=&#8221;Etapa 5&#8243; image=&#8221;https:\/\/alexandra-s.com\/wp-content\/uploads\/2019\/03\/success.png&#8221; image_max_width=&#8221;50%&#8221; admin_label=&#8221;Etapa 5&#8243; module_class=&#8221;a-check-box&#8221; _builder_version=&#8221;3.22.4&#8243; body_font=&#8221;|300|||||||&#8221; body_font_size=&#8221;16px&#8221; text_orientation=&#8221;center&#8221; _i=&#8221;0&#8243; _address=&#8221;1.1.4.0&#8243;]<\/p>\n<p>At the end of the installment payment period, you will receive the contract attesting your ownership of the works of art, along with their certificates of authenticity. From now on, you are their owner, you can keep or sell them as you wish, having all the necessary documents.\u00a0\u00a0<\/p>\n<p>[\/et_pb_blurb][\/et_pb_column][\/et_pb_row][\/et_pb_section][et_pb_section fb_built=&#8221;1&#8243; _builder_version=&#8221;3.22.4&#8243; background_color=&#8221;#faecd7&#8243; background_image=&#8221;https:\/\/alexandra-s.com\/wp-content\/uploads\/2019\/02\/logo-stroke-1.png&#8221; background_size=&#8221;initial&#8221; background_position=&#8221;bottom_center&#8221; background_blend=&#8221;color-burn&#8221; custom_margin=&#8221;0px|||&#8221; custom_padding=&#8221;9em||9em||true|false&#8221; fb_built=&#8221;1&#8243; _i=&#8221;2&#8243; _address=&#8221;2&#8243;][et_pb_row _builder_version=&#8221;3.25&#8243; width=&#8221;70%&#8221; max_width=&#8221;70%&#8221; custom_padding=&#8221;0|0px|0|0px|false|false&#8221; use_custom_width=&#8221;on&#8221; width_unit=&#8221;off&#8221; custom_width_percent=&#8221;70%&#8221; _i=&#8221;0&#8243; _address=&#8221;2.0&#8243;][et_pb_column type=&#8221;4_4&#8243; _builder_version=&#8221;3.25&#8243; custom_padding=&#8221;30px|||&#8221; _i=&#8221;0&#8243; _address=&#8221;2.0.0&#8243; custom_padding__hover=&#8221;|||&#8221;][et_pb_text _builder_version=&#8221;3.29.3&#8243; text_font=&#8221;|300|||||||&#8221; text_font_size=&#8221;16px&#8221; text_line_height=&#8221;1.8em&#8221; header_font=&#8221;||||||||&#8221; text_orientation=&#8221;center&#8221; width=&#8221;70%&#8221; module_alignment=&#8221;center&#8221; _i=&#8221;0&#8243; _address=&#8221;2.0.0.0&#8243;]<\/p>\n<p>The Art in Installments system works without interest and without hidden costs or commissions. We rely on the good faith of our customers, in the hope that this way we will make art what it once was: the prerogative of intelligent and sophisticated people who gather in pleasant communities.<\/p>\n<p>You want more information about the system <strong>Art in Dates<\/strong>? Write to <a href=\"mailto:office@alexandra-s.com\">office@alexandra-s.com<\/a> and schedule a visit to the Gallery. You will receive all the necessary information there.<\/p>\n<p>[\/et_pb_text][\/et_pb_column][\/et_pb_row][\/et_pb_section]<\/p>","protected":false},"excerpt":{"rendered":"<p>Achizi\u0163ii \u00een rate &nbsp; &nbsp; vezi detaliiGaleria Alexandra\u2019s ofer\u0103, \u00een acest moment, cel mai avantajos sistem de achizi\u021bie de art\u0103 din Rom\u00e2nia:\u00a0sistemul Art\u0103 \u00een Rate. Totul se desf\u0103\u0219oar\u0103 \u00een c\u00e2teva etape deloc complicate:V\u0103 alege\u021bi, din magazinul online sau la sediul Galeriei, ce v\u0103 dori\u021bi: picturi, sculpturi, orologerie, decora\u021biuni sau obiecte de mobilier. Uita\u021bi-v\u0103 \u0219i la [&hellip;]<\/p>","protected":false},"author":2,"featured_media":0,"parent":10615,"menu_order":0,"comment_status":"closed","ping_status":"closed","template":"","meta":{"_et_pb_use_builder":"on","_et_pb_old_content":"<p>Galeria Alexandra's ofer\u0103, \u00een acest moment, cel mai avantajos sistem de achizi\u021bie de art\u0103 din Rom\u00e2nia: <strong>sistemul Art\u0103 \u00een Rate<\/strong>. Totul se desf\u0103\u0219oar\u0103 \u00een c\u00e2teva etape deloc complicate:<\/p><p>Etapa 1. Va alege\u021bi, din magazinul online sau la sediul Galeriei, ce v\u0103 dori\u021bi: picturi, sculpturi, orologerie, decora\u021biuni sau obiecte de mobilier. Uita\u021bi-v\u0103 \u0219i la pre\u021buri, pentru c\u0103 sistemul Art\u0103 \u00een Rate se aplic\u0103 doar pentru achizi\u021bii \u00een valoare total\u0103 de maxim 5.000 de euro.<\/p><p>Etapa 2. Veni\u021bi la sediul Galeriei \u0219i semna\u021bi contractul de punere \u00een posesie, factura, angajamentul de plat\u0103 \u00een 12 rate lunare a sumei totale stabilite \u0219i procesul-verbal de predare \u00een bun\u0103-stare a obiectelor de art\u0103 dorite.<\/p><p>Etapa 3. Lua\u021bi obiectele de art\u0103 acas\u0103 \u0219i decora\u021bi-v\u0103 locuin\u021ba sau biroul a\u0219a cum v-a\u021bi imaginat. Da, exact a\u0219a: dac\u0103 totul decurge firesc, pute\u021bi pleca acas\u0103 cu obiectele dorite chiar \u00een ziua \u00een care a\u021bi decis s\u0103 le achizi\u021biona\u021bi.<\/p><p>Etapa 4. Nu uita\u021bi s\u0103 achita\u021bi, lunar, rata stabilit\u0103 prin angajamentul de plat\u0103. Suntem serio\u0219i \u0219i ne a\u0219tept\u0103m ca \u0219i clien\u021bii no\u0219tri s\u0103 fie la fel.<\/p><p>Etapa 5. La finalul celor 12 luni \u00een care a\u021bi achitat ratele, ve\u021bi primi \u0219i contractul ce atest\u0103 proprietatea dumneavoastr\u0103 asupra operelor de art\u0103, \u0219i certificatele de autenticitate ale operelor de art\u0103 cump\u0103rate. Din acest moment, sunte\u021bi proprietarul lor, le pute\u021bi p\u0103stra sau vinde, dup\u0103 cum dori\u021bi, av\u00e2nd toate documentele necesare.\u00a0 \u00cen cazul \u00een care sunte\u021bi interesat de revanzarea lor, v\u0103 putem ajuta.<\/p><p>Sistemul Art\u0103 \u00een Rate func\u021bioneaz\u0103 f\u0103r\u0103 dob\u00e2nzi \u0219i f\u0103r\u0103 costuri sau comisioane ascunse. Ne baz\u0103m pe buna-credin\u021b\u0103 a clien\u021bilor no\u0219tri, \u00een speran\u021ba c\u0103 astfel vom face din art\u0103 ceea ce a fost, c\u00e2ndva: apanajul oamenilor inteligen\u021bi \u0219i sofistica\u021bi ce se str\u00e2ng \u00een comunit\u0103\u021bi agreabile.<\/p><p>Vrei mai multe informa\u021bii despre sistemul Art\u0103 \u00een Rate? Scrie la office@alexandra's.com \u0219i programa\u021bi-v\u0103 o vizit\u0103 la Galerie. Ve\u021bi primi acolo toate informa\u021biile necesare.<\/p>","_et_gb_content_width":"","footnotes":""},"_links":{"self":[{"href":"https:\/\/alexandra-s.com\/en\/wp-json\/wp\/v2\/pages\/8264"}],"collection":[{"href":"https:\/\/alexandra-s.com\/en\/wp-json\/wp\/v2\/pages"}],"about":[{"href":"https:\/\/alexandra-s.com\/en\/wp-json\/wp\/v2\/types\/page"}],"author":[{"embeddable":true,"href":"https:\/\/alexandra-s.com\/en\/wp-json\/wp\/v2\/users\/2"}],"replies":[{"embeddable":true,"href":"https:\/\/alexandra-s.com\/en\/wp-json\/wp\/v2\/comments?post=8264"}],"version-history":[{"count":15,"href":"https:\/\/alexandra-s.com\/en\/wp-json\/wp\/v2\/pages\/8264\/revisions"}],"predecessor-version":[{"id":12367,"href":"https:\/\/alexandra-s.com\/en\/wp-json\/wp\/v2\/pages\/8264\/revisions\/12367"}],"up":[{"embeddable":true,"href":"https:\/\/alexandra-s.com\/en\/wp-json\/wp\/v2\/pages\/10615"}],"wp:attachment":[{"href":"https:\/\/alexandra-s.com\/en\/wp-json\/wp\/v2\/media?parent=8264"}],"curies":[{"name":"wp","href":"https:\/\/api.w.org\/{rel}","templated":true}]}}