{"id":8270,"date":"2019-02-12T18:22:22","date_gmt":"2019-02-12T18:22:22","guid":{"rendered":"http:\/\/librarie.xyz-it.ro\/?page_id=8270"},"modified":"2020-01-16T16:25:16","modified_gmt":"2020-01-16T14:25:16","slug":"gazduire-evenimente","status":"publish","type":"page","link":"https:\/\/alexandra-s.com\/en\/galerie\/gazduire-evenimente\/","title":{"rendered":"Hosting events"},"content":{"rendered":"<p>[et_pb_section fb_built=&#8221;1&#8243; admin_label=&#8221;Header pagina&#8221; _builder_version=&#8221;3.22.3&#8243; use_background_color_gradient=&#8221;on&#8221; background_color_gradient_start=&#8221;rgba(29,41,48,0.6)&#8221; background_color_gradient_end=&#8221;rgba(29,41,48,0.6)&#8221; background_color_gradient_overlays_image=&#8221;on&#8221; background_image=&#8221;https:\/\/alexandra-s.com\/wp-content\/uploads\/2019\/03\/color-patterns-1984237_1920.jpg&#8221; background_position=&#8221;top_center&#8221; fb_built=&#8221;1&#8243; _i=&#8221;0&#8243; _address=&#8221;0&#8243;][et_pb_row module_id=&#8221;head-page&#8221; _builder_version=&#8221;3.25&#8243; background_size=&#8221;initial&#8221; background_position=&#8221;top_left&#8221; background_repeat=&#8221;repeat&#8221; custom_padding=&#8221;100px|0px|60px|0px|false|false&#8221; _i=&#8221;0&#8243; _address=&#8221;0.0&#8243;][et_pb_column type=&#8221;4_4&#8243; _builder_version=&#8221;3.25&#8243; custom_padding=&#8221;|||&#8221; _i=&#8221;0&#8243; _address=&#8221;0.0.0&#8243; custom_padding__hover=&#8221;|||&#8221;][et_pb_text admin_label=&#8221;Titlu header si text&#8221; _builder_version=&#8221;3.29.3&#8243; text_font=&#8221;|300|||||||&#8221; text_text_color=&#8221;#ffffff&#8221; text_font_size=&#8221;15px&#8221; text_line_height=&#8221;1em&#8221; header_font=&#8221;|||on|||||&#8221; header_text_align=&#8221;center&#8221; header_text_color=&#8221;#ffffff&#8221; header_font_size=&#8221;42px&#8221; header_letter_spacing=&#8221;13px&#8221; header_4_font=&#8221;Arial|300|||||||&#8221; header_4_text_color=&#8221;#ffffff&#8221; text_orientation=&#8221;center&#8221; hover_enabled=&#8221;0&#8243; _i=&#8221;0&#8243; _address=&#8221;0.0.0.0&#8243;]<\/p>\n<h1>Hosting events<\/h1>\n<p>&nbsp;<\/p>\n<h4>- private tours with professional guidance<\/h4>\n<h4>- dedicated events<\/h4>\n<h4>- business meetings<\/h4>\n<p>Everyone who stepped on our doorstep told us that they had the feeling of stepping into another universe. That gave us the courage to include this service in our list. Since then, most requests have come from the private business environment, from people who know how important the place and atmosphere are for concluding a successful business, for important negotiations or to invite a business partner in a unique environment. , fundamentally different from restaurants, cafes or own offices.<\/p>\n<p>Art is not only something meant to please the eye, the spirit and the soul, but also an extremely efficient business facilitator.<\/p>\n<p>The price of this service is personalized. For more information, contact us using the form below or call us at: <a href=\"tel:+40751144577\">0751144577<\/a>.<\/p>\n<p>[\/et_pb_text][\/et_pb_column][\/et_pb_row][\/et_pb_section][et_pb_section fb_built=&#8221;1&#8243; admin_label=&#8221;Continut pagina&#8221; module_id=&#8221;evaluare&#8221; _builder_version=&#8221;3.22.4&#8243; custom_margin=&#8221;0px||0px|&#8221; custom_padding=&#8221;0px||0px|&#8221; fb_built=&#8221;1&#8243; _i=&#8221;1&#8243; _address=&#8221;1&#8243;][et_pb_row _builder_version=&#8221;3.25&#8243; background_size=&#8221;initial&#8221; background_position=&#8221;top_left&#8221; background_repeat=&#8221;repeat&#8221; custom_padding=&#8221;100px|0px|0|0px|false|false&#8221; _i=&#8221;0&#8243; _address=&#8221;1.0&#8243;][et_pb_column type=&#8221;4_4&#8243; _builder_version=&#8221;3.25&#8243; custom_padding=&#8221;|||&#8221; _i=&#8221;0&#8243; _address=&#8221;1.0.0&#8243; custom_padding__hover=&#8221;|||&#8221;][et_pb_text admin_label=&#8221;Formular de contact&#8221; _builder_version=&#8221;3.27.4&#8243; text_font=&#8221;|300|||||||&#8221; text_line_height=&#8221;2.7em&#8221; header_font=&#8221;||||||||&#8221; header_3_font=&#8221;||||||||&#8221; header_3_text_color=&#8221;#720521&#8243; header_3_font_size=&#8221;30px&#8221; header_3_line_height=&#8221;1.4em&#8221; text_orientation=&#8221;center&#8221; max_width=&#8221;80%&#8221; module_alignment=&#8221;center&#8221; animation_style=&#8221;fade&#8221; _i=&#8221;0&#8243; _address=&#8221;1.0.0.0&#8243;]\n<div class=\"wpcf7 no-js\" id=\"wpcf7-f10330-o1\" lang=\"en-US\" dir=\"ltr\">\n<div class=\"screen-reader-response\"><p role=\"status\" aria-live=\"polite\" aria-atomic=\"true\"><\/p> <ul><\/ul><\/div>\n<form action=\"\/en\/wp-json\/wp\/v2\/pages\/8270#wpcf7-f10330-o1\" method=\"post\" class=\"wpcf7-form init\" aria-label=\"Contact form\" enctype=\"multipart\/form-data\" novalidate=\"novalidate\" data-status=\"init\" data-trp-original-action=\"\/en\/wp-json\/wp\/v2\/pages\/8270#wpcf7-f10330-o1\">\n<div style=\"display: none;\">\n<input type=\"hidden\" name=\"_wpcf7\" value=\"10330\" \/>\n<input type=\"hidden\" name=\"_wpcf7_version\" value=\"5.9.3\" \/>\n<input type=\"hidden\" name=\"_wpcf7_locale\" value=\"en_US\" \/>\n<input type=\"hidden\" name=\"_wpcf7_unit_tag\" value=\"wpcf7-f10330-o1\" \/>\n<input type=\"hidden\" name=\"_wpcf7_container_post\" value=\"0\" \/>\n<input type=\"hidden\" name=\"_wpcf7_posted_data_hash\" value=\"\" \/>\n<\/div>\n<div class=\"col-1\">\n\t<p><span class=\"wpcf7-form-control-wrap\" data-name=\"nume\"><input size=\"40\" class=\"wpcf7-form-control wpcf7-text wpcf7-validates-as-required\" aria-required=\"true\" aria-invalid=\"false\" placeholder=\"Name surname*\" value=\"\" type=\"text\" name=\"nume\" \/><\/span>\n\t<\/p>\n<\/div>\n<div class=\"col-1\">\n\t<p><span class=\"wpcf7-form-control-wrap\" data-name=\"email\"><input size=\"40\" class=\"wpcf7-form-control wpcf7-email wpcf7-validates-as-required wpcf7-text wpcf7-validates-as-email\" aria-required=\"true\" aria-invalid=\"false\" placeholder=\"Email Address\" value=\"\" type=\"email\" name=\"email\" \/><\/span>\n\t<\/p>\n<\/div>\n<div class=\"col-1\">\n\t<p><span class=\"wpcf7-form-control-wrap\" data-name=\"telefon\"><input size=\"40\" class=\"wpcf7-form-control wpcf7-text wpcf7-validates-as-required\" aria-required=\"true\" aria-invalid=\"false\" placeholder=\"Phone number\" value=\"\" type=\"text\" name=\"telefon\" \/><\/span>\n\t<\/p>\n<\/div>\n<div class=\"col-1\">\n\t<p><span class=\"wpcf7-form-control-wrap\" data-name=\"subiect\"><input size=\"40\" class=\"wpcf7-form-control wpcf7-text\" aria-invalid=\"false\" placeholder=\"Topic\" value=\"\" type=\"text\" name=\"subiect\" \/><\/span>\n\t<\/p>\n<\/div>\n<div class=\"col-1\">\n\t<p><span class=\"wpcf7-form-control-wrap\" data-name=\"detalii\"><textarea cols=\"40\" rows=\"10\" class=\"wpcf7-form-control wpcf7-textarea\" aria-invalid=\"false\" placeholder=\"Details\" name=\"detalii\"><\/textarea><\/span>\n\t<\/p>\n<\/div>\n<div class=\"col-1\">\n\t<p><span class=\"wpcf7-form-control-wrap\" data-name=\"file-665\"><input size=\"40\" class=\"wpcf7-form-control wpcf7-file\" accept=\"audio\/*,video\/*,image\/*\" aria-invalid=\"false\" type=\"file\" name=\"file-665\" \/><\/span>\n\t<\/p>\n<\/div>\n<div class=\"col-1\">\n\t<p><span class=\"wpcf7-form-control-wrap\" data-name=\"acceptance-843\"><span class=\"wpcf7-form-control wpcf7-acceptance\"><span class=\"wpcf7-list-item\"><label><input type=\"checkbox\" name=\"acceptance-843\" value=\"1\" aria-invalid=\"false\" \/><span class=\"wpcf7-list-item-label\">I agree with <a href=\"\/termeni-si-conditii\" target=\"_blank\">terms and conditions<\/a> Alexandra-s.com<\/span><\/label><\/span><\/span><\/span>\n\t<\/p>\n<\/div>\n<div class=\"col-1\" style=\"text-align: center\">\n\t<p><button type=\"submit\" name=\"submit\" class=\"wpcf7-submit\">send<\/button>\n\t<\/p>\n<\/div><div class=\"wpcf7-response-output\" aria-hidden=\"true\"><\/div>\n<input type=\"hidden\" name=\"trp-form-language\" value=\"en\"\/><\/form>\n<\/div>\n[\/et_pb_text][\/et_pb_column][\/et_pb_row][\/et_pb_section]<\/p>","protected":false},"excerpt":{"rendered":"<p>Gazduire evenimente &nbsp; &#8211; tururi private cu ghidaj profesionist &#8211; evenimente dedicate &#8211; intalniri de afaceri To\u021bi cei care ne-au c\u0103lcat pragul ne-au spus c\u0103 au avut sentimentul p\u0103\u0219irii \u00een alt univers. Asta ne-a dat curaj s\u0103 includem acest serviciu \u00een lista noastr\u0103. De atunci \u00eencoace cele mai multe cereri au venit din mediul privat [&hellip;]<\/p>","protected":false},"author":2,"featured_media":0,"parent":10615,"menu_order":0,"comment_status":"closed","ping_status":"closed","template":"","meta":{"_et_pb_use_builder":"on","_et_pb_old_content":"","_et_gb_content_width":"","footnotes":""},"_links":{"self":[{"href":"https:\/\/alexandra-s.com\/en\/wp-json\/wp\/v2\/pages\/8270"}],"collection":[{"href":"https:\/\/alexandra-s.com\/en\/wp-json\/wp\/v2\/pages"}],"about":[{"href":"https:\/\/alexandra-s.com\/en\/wp-json\/wp\/v2\/types\/page"}],"author":[{"embeddable":true,"href":"https:\/\/alexandra-s.com\/en\/wp-json\/wp\/v2\/users\/2"}],"replies":[{"embeddable":true,"href":"https:\/\/alexandra-s.com\/en\/wp-json\/wp\/v2\/comments?post=8270"}],"version-history":[{"count":10,"href":"https:\/\/alexandra-s.com\/en\/wp-json\/wp\/v2\/pages\/8270\/revisions"}],"predecessor-version":[{"id":12373,"href":"https:\/\/alexandra-s.com\/en\/wp-json\/wp\/v2\/pages\/8270\/revisions\/12373"}],"up":[{"embeddable":true,"href":"https:\/\/alexandra-s.com\/en\/wp-json\/wp\/v2\/pages\/10615"}],"wp:attachment":[{"href":"https:\/\/alexandra-s.com\/en\/wp-json\/wp\/v2\/media?parent=8270"}],"curies":[{"name":"wp","href":"https:\/\/api.w.org\/{rel}","templated":true}]}}