{"id":8274,"date":"2019-02-12T18:23:16","date_gmt":"2019-02-12T18:23:16","guid":{"rendered":"http:\/\/librarie.xyz-it.ro\/?page_id=8274"},"modified":"2019-05-08T19:52:56","modified_gmt":"2019-05-08T19:52:56","slug":"transport-securizat","status":"publish","type":"page","link":"https:\/\/alexandra-s.com\/en\/galerie\/transport-securizat\/","title":{"rendered":"Secure transport"},"content":{"rendered":"<p>[et_pb_section fb_built=&#8221;1&#8243; admin_label=&#8221;Header pagina&#8221; _builder_version=&#8221;3.22.4&#8243; use_background_color_gradient=&#8221;on&#8221; background_color_gradient_start=&#8221;rgba(29,41,48,0.6)&#8221; background_color_gradient_end=&#8221;rgba(29,41,48,0.6)&#8221; background_color_gradient_overlays_image=&#8221;on&#8221; background_image=&#8221;https:\/\/alexandra-s.com\/wp-content\/uploads\/2019\/03\/color-patterns-1984237_1920.jpg&#8221; background_position=&#8221;top_center&#8221;][et_pb_row custom_padding=&#8221;100px|0px|60px|0px|false|false&#8221; module_id=&#8221;head-page&#8221; _builder_version=&#8221;3.22.3&#8243; background_size=&#8221;initial&#8221; background_position=&#8221;top_left&#8221; background_repeat=&#8221;repeat&#8221;][et_pb_column type=&#8221;4_4&#8243; _builder_version=&#8221;3.0.47&#8243;][et_pb_text admin_label=&#8221;Titlu si text header&#8221; _builder_version=&#8221;3.22.4&#8243; text_font=&#8221;|300|||||||&#8221; text_text_color=&#8221;#ffffff&#8221; text_font_size=&#8221;15px&#8221; text_line_height=&#8221;1em&#8221; header_font=&#8221;|||on|||||&#8221; header_text_align=&#8221;center&#8221; header_text_color=&#8221;#ffffff&#8221; header_font_size=&#8221;42px&#8221; header_letter_spacing=&#8221;13px&#8221; text_orientation=&#8221;center&#8221;]<\/p>\n<h1>Secure transport<\/h1>\n<p>&nbsp;<\/p>\n<p>One of the biggest challenges an art collector faces is <strong>transport<\/strong> the objects he cares so much about. In this sense, we work with one of the largest and best security companies in Romania to ensure, 24 hours a day, 7 days a week, the highest security standards of your package, from pickup to delivery in safety.\u00a0<\/p>\n<p>[\/et_pb_text][\/et_pb_column][\/et_pb_row][\/et_pb_section][et_pb_section fb_built=&#8221;1&#8243; module_id=&#8221;evaluare&#8221; _builder_version=&#8221;3.22.3&#8243; custom_margin=&#8221;0px||0px|&#8221; custom_padding=&#8221;0px||0px|&#8221;][et_pb_row custom_padding=&#8221;100px|0px|0|0px|false|false&#8221; _builder_version=&#8221;3.22.3&#8243; background_size=&#8221;initial&#8221; background_position=&#8221;top_left&#8221; background_repeat=&#8221;repeat&#8221;][et_pb_column type=&#8221;4_4&#8243; _builder_version=&#8221;3.0.47&#8243;][et_pb_text _builder_version=&#8221;3.22.4&#8243; text_font=&#8221;|300|||||||&#8221; text_line_height=&#8221;2.7em&#8221; header_font=&#8221;||||||||&#8221; header_3_font=&#8221;||||||||&#8221; header_3_text_color=&#8221;#720521&#8243; header_3_font_size=&#8221;30px&#8221; header_3_line_height=&#8221;1.4em&#8221; text_orientation=&#8221;center&#8221; max_width=&#8221;80%&#8221; module_alignment=&#8221;center&#8221; animation_style=&#8221;fade&#8221;]<\/p>\n<h3><strong style=\"font-size: 14px; color: #000000; font-family: Ubuntu, Helvetica, Arial, Lucida, sans-serif;\"><\/strong><\/h3>\n<p><strong style=\"font-size: 14px;\">price<\/strong><span style=\"font-size: 14px;\">\u00a0this service is personalized. <\/span><\/p>\n<p><span style=\"font-size: 14px;\">For more information, contact us at:\u00a0<\/span><a href=\"tel:+40751144577\" style=\"font-size: 14px;\">0751144577<\/a><span style=\"font-size: 14px;\">.<\/span><\/p>\n<p>&nbsp;<\/p>\n<p>[\/et_pb_text][\/et_pb_column][\/et_pb_row][\/et_pb_section]<\/p>","protected":false},"excerpt":{"rendered":"<p>Transport securizat &nbsp; Printre cele mai mari provoc\u0103ri pe care le \u00eent\u00e2mpin\u0103 un colec\u021bionar de art\u0103 este transportul obiectelor la care \u021bine at\u00e2t de mult. \u00cen acest sens, lucr\u0103m cu una dintre cele mai mari \u0219i bune firme de securitate din Rom\u00e2nia pentru a asigura, 24 de ore din 24, 7 zile din 7, cele [&hellip;]<\/p>","protected":false},"author":2,"featured_media":0,"parent":10615,"menu_order":0,"comment_status":"closed","ping_status":"closed","template":"","meta":{"_et_pb_use_builder":"on","_et_pb_old_content":"","_et_gb_content_width":"","footnotes":""},"_links":{"self":[{"href":"https:\/\/alexandra-s.com\/en\/wp-json\/wp\/v2\/pages\/8274"}],"collection":[{"href":"https:\/\/alexandra-s.com\/en\/wp-json\/wp\/v2\/pages"}],"about":[{"href":"https:\/\/alexandra-s.com\/en\/wp-json\/wp\/v2\/types\/page"}],"author":[{"embeddable":true,"href":"https:\/\/alexandra-s.com\/en\/wp-json\/wp\/v2\/users\/2"}],"replies":[{"embeddable":true,"href":"https:\/\/alexandra-s.com\/en\/wp-json\/wp\/v2\/comments?post=8274"}],"version-history":[{"count":6,"href":"https:\/\/alexandra-s.com\/en\/wp-json\/wp\/v2\/pages\/8274\/revisions"}],"predecessor-version":[{"id":10802,"href":"https:\/\/alexandra-s.com\/en\/wp-json\/wp\/v2\/pages\/8274\/revisions\/10802"}],"up":[{"embeddable":true,"href":"https:\/\/alexandra-s.com\/en\/wp-json\/wp\/v2\/pages\/10615"}],"wp:attachment":[{"href":"https:\/\/alexandra-s.com\/en\/wp-json\/wp\/v2\/media?parent=8274"}],"curies":[{"name":"wp","href":"https:\/\/api.w.org\/{rel}","templated":true}]}}