{"id":10911,"date":"2019-09-18T20:26:16","date_gmt":"2019-09-18T18:26:16","guid":{"rendered":"http:\/\/librarie.xyz-it.ro\/?post_type=product&#038;p=10911"},"modified":"2025-11-11T10:02:37","modified_gmt":"2025-11-11T08:02:37","slug":"kata-rudakova-bastionul-tesatorilor","status":"publish","type":"product","link":"https:\/\/alexandra-s.com\/en\/magazin\/pictura\/kata-rudakova-bastionul-tesatorilor\/","title":{"rendered":"Kata Rudakova - &quot;Weavers&#039; Bastion&quot;"},"content":{"rendered":"<p>All works sold by Alexandra&#039;s Gallery reach the customer accompanied by a certificate of authenticity. You can also buy this work in installments, so we invite you to use the simulator below. For any other information we are at your disposal at office@alexandra-s.com.<\/p>\n<p>\u201dBastionul Tesatorilor\u201d reprezinta viziunea artistei ucraineene Kata Rudakova. Absolventa a Universitatii de Arta din Kiev, Facultatea de Pictura, Kata Rudakova s-a impus rapid si a ajuns una dintre cele mai respectabile prezente din Uniunea Artistilor Plastici din Ucraina.<\/p>","protected":false},"excerpt":{"rendered":"<p>Toate lucr\u0103rile v\u00e2ndute de Galeria Alexandra&#8217;s ajung la client \u00eenso\u021bite de certificat de autenticitate. Pute\u021bi cump\u0103ra aceast\u0103 lucrare \u0219i \u00een rate, astfel \u00eenc\u00e2t va invit\u0103m s\u0103 folosi\u021bi simulatorul al\u0103turat. Pentru orice alte informa\u021bii va st\u0103m la dispozi\u021bie la office@alexandra-s.com. \u201dBastionul Tesatorilor\u201d reprezinta viziunea artistei ucraineene Kata Rudakova. Absolventa a Universitatii de Arta din Kiev, Facultatea [&hellip;]<\/p>","protected":false},"featured_media":10912,"comment_status":"open","ping_status":"closed","template":"","meta":{"_et_pb_use_builder":"","_et_pb_old_content":"","_et_gb_content_width":""},"product_cat":[1617],"product_tag":[218,1530,36,37,229,39,231,2221,2264,2261,163,107,2263,300,2262],"_links":{"self":[{"href":"https:\/\/alexandra-s.com\/en\/wp-json\/wp\/v2\/product\/10911"}],"collection":[{"href":"https:\/\/alexandra-s.com\/en\/wp-json\/wp\/v2\/product"}],"about":[{"href":"https:\/\/alexandra-s.com\/en\/wp-json\/wp\/v2\/types\/product"}],"replies":[{"embeddable":true,"href":"https:\/\/alexandra-s.com\/en\/wp-json\/wp\/v2\/comments?post=10911"}],"wp:featuredmedia":[{"embeddable":true,"href":"https:\/\/alexandra-s.com\/en\/wp-json\/wp\/v2\/media\/10912"}],"wp:attachment":[{"href":"https:\/\/alexandra-s.com\/en\/wp-json\/wp\/v2\/media?parent=10911"}],"wp:term":[{"taxonomy":"product_cat","embeddable":true,"href":"https:\/\/alexandra-s.com\/en\/wp-json\/wp\/v2\/product_cat?post=10911"},{"taxonomy":"product_tag","embeddable":true,"href":"https:\/\/alexandra-s.com\/en\/wp-json\/wp\/v2\/product_tag?post=10911"}],"curies":[{"name":"wp","href":"https:\/\/api.w.org\/{rel}","templated":true}]}}