{"id":10952,"date":"2019-09-18T22:34:51","date_gmt":"2019-09-18T20:34:51","guid":{"rendered":"http:\/\/librarie.xyz-it.ro\/?post_type=product&#038;p=10952"},"modified":"2022-02-01T13:44:41","modified_gmt":"2022-02-01T11:44:41","slug":"dumitru-mataoanu-cap-de-copil","status":"publish","type":"product","link":"https:\/\/alexandra-s.com\/en\/magazin\/sculptura\/dumitru-mataoanu-cap-de-copil\/","title":{"rendered":"Dumitru M\u0103\u021b\u0103oanu (1888 &#8211; 1929) &#8211; Statuieta din bronz &#8222;Cap de Copil&#8221;"},"content":{"rendered":"<p>All works sold by Alexandra&#039;s Gallery reach the customer accompanied by a certificate of authenticity. You can also buy this work in installments, so we invite you to use the simulator below. For any other information we are at your disposal at office@alexandra-s.com.<\/p>\n<p>Dumitru M\u0103\u021b\u0103oanu was born in C\u00e2mpulung. Dumitru attended primary school and high school in C\u00e2mpulung-Muscel, where he was noticed by the drawing teacher and sculptor Dimitrie D. Mirea, who guided him in the art of modeling. On Mirea&#039;s advice, Dumitru M\u0103\u021b\u0103oanu enrolled at the School of Fine Arts in Bucharest, which he attended between 1904-1909, with the sculptor Dimitrie Paciurea as his teacher. During these years, she was awarded 14 medals for her work and, in recognition of her value, the Romanian Women&#039;s Society, through its president, Sofia Andreescu, and secretary Elena Al. Mu\u0219atescu awarded him a scholarship in Paris, at the \u00c9cole Nationale Sup\u00e9rieure des Beaux-Arts (National School of Fine Arts), sculpture department, where he passed the sixth entrance exam out of 300 competitors. He studied for 4 years in Paris, having as teachers the sculptors Marius Jean Antonin Merci\u00e9 and Ernest Henri Dubois. In an interview published in the weekly &quot;Clipa&quot; on November 7, 1926, Dumitru M\u0103\u021b\u0103oanu stated that he learned from Ernest Henri Dubois &quot;to mount statues of large proportions in five special methods.&quot; At the age of 25 and after eight years of university studies in sculpture (1905-1913) he returned to Romania where he was appointed professor of sculpture at the School of Fine Arts in Bucharest. Shortly afterwards, he opened a workshop in Grivi\u021bei Street no. 22, which soon became &quot;a true school of sculpture of those years.&quot; He exhibited every year at the Artistic Youth, and in 196 at the Official Exhibition of Living Artists, where he was noted for his portraiture, both busts and reliefs. In the First World War he was mobilized near the General Headquarters of the Army, along with other artists, including the sculptor Ion Jalea, the painter D. Stoica, and was sent to the front, among officers and soldiers, where he made numerous sketches and sketches. . In 1918 he participated in the contest for the Monument of the Railway Heroes from 1916-1919. The model he proposed was exhibited at the Exhibition at the Romanian Athenaeum, along with six other competitors. The winner of the contest was Cornel Medrea, who also made the monument near Bucharest North Railway Station. In 1920, together with the architects C. Iotu and Arghir Culina, he created the Funerary Monument of Aurel Vlaicu, in the Bellu Militar Cemetery. In 1922, he was part of the team of sculptors, led by Dimitrie Paciurea, who decorated the Triumphal Arch in Bucharest, designed by architect Petre Antonescu. His decorative works from the Arc de Triomphe made in 1922 were no longer used for the final restoration of the Arc de Triomphe, in 1935-1936. In 1923, he opened his first personal exhibition at the Romanian Athenaeum, where he exhibited 54 works, mostly in Carrara marble, representing bas-relief portraits, busts, decorative works, but also some monumental statues, including the Romanian Soldier, tall 5.5 m, which was to be placed at the base of the Arc de Triomphe and the Heroine of Jiu, a monument in memory of the heroine Ecaterina Teodoroiu, which was later erected in the city of Slatina. He also exhibited monumental projects, such as the Union Monument in Alba Iulia, which was not made, due to lack of money, although the contest was organized by the Ministry of Cults and Arts, the Heroes Monument in Balilesti-Muscel, the Heroes Monument in Alexandria.<\/p>","protected":false},"excerpt":{"rendered":"<p>Toate lucr\u0103rile v\u00e2ndute de Galeria Alexandra&#8217;s ajung la client \u00eenso\u021bite de certificat de autenticitate. Pute\u021bi cump\u0103ra aceast\u0103 lucrare \u0219i \u00een rate, astfel \u00eenc\u00e2t va invit\u0103m s\u0103 folosi\u021bi simulatorul al\u0103turat. Pentru orice alte informa\u021bii va st\u0103m la dispozi\u021bie la office@alexandra-s.com. Dumitru M\u0103\u021b\u0103oanu s-a nascut la C\u00e2mpulung.\u00a0Dumitru a urmat \u0219coala primar\u0103 \u0219i gimnaziul \u00een C\u00e2mpulung-Muscel, unde a [&hellip;]<\/p>","protected":false},"featured_media":10953,"comment_status":"open","ping_status":"closed","template":"","meta":{"_et_pb_use_builder":"","_et_pb_old_content":"","_et_gb_content_width":""},"product_cat":[18],"product_tag":[218,36,1595,37,1597,39,1596],"_links":{"self":[{"href":"https:\/\/alexandra-s.com\/en\/wp-json\/wp\/v2\/product\/10952"}],"collection":[{"href":"https:\/\/alexandra-s.com\/en\/wp-json\/wp\/v2\/product"}],"about":[{"href":"https:\/\/alexandra-s.com\/en\/wp-json\/wp\/v2\/types\/product"}],"replies":[{"embeddable":true,"href":"https:\/\/alexandra-s.com\/en\/wp-json\/wp\/v2\/comments?post=10952"}],"wp:featuredmedia":[{"embeddable":true,"href":"https:\/\/alexandra-s.com\/en\/wp-json\/wp\/v2\/media\/10953"}],"wp:attachment":[{"href":"https:\/\/alexandra-s.com\/en\/wp-json\/wp\/v2\/media?parent=10952"}],"wp:term":[{"taxonomy":"product_cat","embeddable":true,"href":"https:\/\/alexandra-s.com\/en\/wp-json\/wp\/v2\/product_cat?post=10952"},{"taxonomy":"product_tag","embeddable":true,"href":"https:\/\/alexandra-s.com\/en\/wp-json\/wp\/v2\/product_tag?post=10952"}],"curies":[{"name":"wp","href":"https:\/\/api.w.org\/{rel}","templated":true}]}}