{"id":10960,"date":"2019-09-18T23:21:39","date_gmt":"2019-09-18T21:21:39","guid":{"rendered":"http:\/\/librarie.xyz-it.ro\/?post_type=product&#038;p=10960"},"modified":"2020-01-29T23:53:25","modified_gmt":"2020-01-29T21:53:25","slug":"kristian-dimofte-bratara-sburatorul","status":"publish","type":"product","link":"https:\/\/alexandra-s.com\/en\/magazin\/bijuterii\/kristian-dimofte-bratara-sburatorul\/","title":{"rendered":"Kristian Dimofte &#8211; Br\u0103\u021bara &#8222;Sbur\u0103torul&#8221;"},"content":{"rendered":"<p>All works sold by Alexandra&#039;s Gallery reach the customer accompanied by a certificate of authenticity. You can also buy this work in installments, so we invite you to use the simulator below. For any other information we are at your disposal at office@alexandra-s.com.<\/p>\n<p>The mini-sculpture &quot;The Flyer&quot; that can be worn as a bracelet was born from 14K gold. Before reaching its final form, it was created by the artist in wax. The drop-by-drop wax modeling process took a thousand hours. This work was inspired by the poem &quot;The Flycatcher&quot; from 1843, written by Ion Heliade R\u0103dulescu and considered a lyrical masterpiece. The \u201cSbur\u0103torul\u201d bracelet has been exhibited at many national and international events, being appreciated by the British and Romanian press. The jewelry contains elements of white, yellow and pink gold, ruby stones, yellow sapphire, red sapphire, black rhodium and ceramic elements. Weight: 131.8g.<\/p>\n<p>&nbsp;<\/p>","protected":false},"excerpt":{"rendered":"<p>Toate lucr\u0103rile v\u00e2ndute de Galeria Alexandra&#8217;s ajung la client \u00eenso\u021bite de certificat de autenticitate. Pute\u021bi cump\u0103ra aceast\u0103 lucrare \u0219i \u00een rate, astfel \u00eenc\u00e2t va invit\u0103m s\u0103 folosi\u021bi simulatorul al\u0103turat. Pentru orice alte informa\u021bii va st\u0103m la dispozi\u021bie la office@alexandra-s.com. Mini-sculptura \u201eSbur\u0103torul\u201d ce poate fi purtat\u0103 ca br\u0103\u021bar\u0103 s-a n\u0103scut din aur de 14K. \u00cenainte s\u0103 [&hellip;]<\/p>","protected":false},"featured_media":10963,"comment_status":"open","ping_status":"closed","template":"","meta":{"_et_pb_use_builder":"","_et_pb_old_content":"","_et_gb_content_width":""},"product_cat":[16],"product_tag":[218,1612,1608,2365,1611,36,37,39,1610,2366,1609,1596,2367],"_links":{"self":[{"href":"https:\/\/alexandra-s.com\/en\/wp-json\/wp\/v2\/product\/10960"}],"collection":[{"href":"https:\/\/alexandra-s.com\/en\/wp-json\/wp\/v2\/product"}],"about":[{"href":"https:\/\/alexandra-s.com\/en\/wp-json\/wp\/v2\/types\/product"}],"replies":[{"embeddable":true,"href":"https:\/\/alexandra-s.com\/en\/wp-json\/wp\/v2\/comments?post=10960"}],"wp:featuredmedia":[{"embeddable":true,"href":"https:\/\/alexandra-s.com\/en\/wp-json\/wp\/v2\/media\/10963"}],"wp:attachment":[{"href":"https:\/\/alexandra-s.com\/en\/wp-json\/wp\/v2\/media?parent=10960"}],"wp:term":[{"taxonomy":"product_cat","embeddable":true,"href":"https:\/\/alexandra-s.com\/en\/wp-json\/wp\/v2\/product_cat?post=10960"},{"taxonomy":"product_tag","embeddable":true,"href":"https:\/\/alexandra-s.com\/en\/wp-json\/wp\/v2\/product_tag?post=10960"}],"curies":[{"name":"wp","href":"https:\/\/api.w.org\/{rel}","templated":true}]}}