{"id":10965,"date":"2019-09-18T23:29:10","date_gmt":"2019-09-18T21:29:10","guid":{"rendered":"http:\/\/librarie.xyz-it.ro\/?post_type=product&#038;p=10965"},"modified":"2020-01-29T23:52:28","modified_gmt":"2020-01-29T21:52:28","slug":"kristian-dimofte-ochelari-pince-nez-caragiale","status":"publish","type":"product","link":"https:\/\/alexandra-s.com\/en\/magazin\/bijuterii\/kristian-dimofte-ochelari-pince-nez-caragiale\/","title":{"rendered":"Kristian Dimofte &#8211; Ochelari Pince-Nez &#8222;Caragiale&#8221;"},"content":{"rendered":"<p>All works sold by Alexandra&#039;s Gallery reach the customer accompanied by a certificate of authenticity. You can also buy this work in installments, so we invite you to use the simulator below. For any other information we are at your disposal at office@alexandra-s.com.<\/p>\n<p>The &quot;Caragiale&quot; nose clip glasses are made of 14K yellow gold with sunglasses made especially to restore the interwar air in contemporary days. &quot;Caragiale&quot; - a unique work of the artist, was created through a meticulous process of wax modeling, before becoming a noble metal.<\/p>\n<p>Execution time: three months<\/p>\n<p>Total weight: 24.3g.<\/p>","protected":false},"excerpt":{"rendered":"<p>Toate lucr\u0103rile v\u00e2ndute de Galeria Alexandra&#8217;s ajung la client \u00eenso\u021bite de certificat de autenticitate. Pute\u021bi cump\u0103ra aceast\u0103 lucrare \u0219i \u00een rate, astfel \u00eenc\u00e2t va invit\u0103m s\u0103 folosi\u021bi simulatorul al\u0103turat. Pentru orice alte informa\u021bii va st\u0103m la dispozi\u021bie la office@alexandra-s.com. Ochelarii pince-nez \u201cCaragiale\u201d sunt confectionati din aur galben de 14K cu lentile de soare f\u0103cute special [&hellip;]<\/p>","protected":false},"featured_media":10966,"comment_status":"open","ping_status":"closed","template":"","meta":{"_et_pb_use_builder":"","_et_pb_old_content":"","_et_gb_content_width":""},"product_cat":[16],"product_tag":[218,1612,1608,1611,36,1615,37,39,1613,1610,2374,1614,2366,1609,1596,2372],"_links":{"self":[{"href":"https:\/\/alexandra-s.com\/en\/wp-json\/wp\/v2\/product\/10965"}],"collection":[{"href":"https:\/\/alexandra-s.com\/en\/wp-json\/wp\/v2\/product"}],"about":[{"href":"https:\/\/alexandra-s.com\/en\/wp-json\/wp\/v2\/types\/product"}],"replies":[{"embeddable":true,"href":"https:\/\/alexandra-s.com\/en\/wp-json\/wp\/v2\/comments?post=10965"}],"wp:featuredmedia":[{"embeddable":true,"href":"https:\/\/alexandra-s.com\/en\/wp-json\/wp\/v2\/media\/10966"}],"wp:attachment":[{"href":"https:\/\/alexandra-s.com\/en\/wp-json\/wp\/v2\/media?parent=10965"}],"wp:term":[{"taxonomy":"product_cat","embeddable":true,"href":"https:\/\/alexandra-s.com\/en\/wp-json\/wp\/v2\/product_cat?post=10965"},{"taxonomy":"product_tag","embeddable":true,"href":"https:\/\/alexandra-s.com\/en\/wp-json\/wp\/v2\/product_tag?post=10965"}],"curies":[{"name":"wp","href":"https:\/\/api.w.org\/{rel}","templated":true}]}}