{"id":12099,"date":"2019-12-19T06:05:08","date_gmt":"2019-12-19T04:05:08","guid":{"rendered":"http:\/\/alexandra-s.com\/?post_type=product&#038;p=12099"},"modified":"2025-02-24T10:27:34","modified_gmt":"2025-02-24T08:27:34","slug":"jean-cheller-peisaj-citadin","status":"publish","type":"product","link":"https:\/\/alexandra-s.com\/en\/magazin\/pictura\/jean-cheller-peisaj-citadin\/","title":{"rendered":"Jean Cheller &#8211; &#8222;Peisaj Citadin&#8221;"},"content":{"rendered":"<p>All works sold by Alexandra&#039;s Gallery reach the customer accompanied by a certificate of authenticity. You can also buy this work in installments, so we invite you to use the simulator below. For any other information we are at your disposal at office@alexandra-s.com.<\/p>\n<p>Jean Cheller is one of the artists &quot;erased&quot; by the communist regime from the attention of the public and specialized critics. Descendant of a German family, of Austrian origin. Heller trained at the Art Academy in Bucharest, being one of Gheorghe Petra\u0219cu&#039;s favorite students. The apprenticeship in Petra\u0219cu&#039;s workshop drew on him some suspicions still hard to fight that he had made fakes after the works of his master, but the fact distorted until it was said that he was imprisoned three times because of this. Throughout his life Jean Cheller it was a discreet presence, with rare participations in the Official Salons of the time, but exhibited works were always appreciated. The artist&#039;s situation worsened considerably after the war. Herta M\u00fcller explains the disastrous situation in which the German community awoke after the establishment of the communist regime, most being deprived of civil rights and pursued by security, even reaching waves of deportations to Russian labor camps (Siberia). Therefore, the withdrawal of Jean Cheller from public life, as well as the naturalization of the German name in a close Romanian version, become explicable in the new political context, in which the German minority had reached the center of racial discrimination.<\/p>\n<div id=\"content\">\n<div id=\"post-13868\" class=\"post\">\n<h2><\/h2>\n<div class=\"postmeta\"><\/div>\n<div class=\"entry\">\n<table>\n<tbody>\n<tr>\n<td class=\"td_artisti\" rowspan=\"3\" valign=\"top\" width=\"91\"><\/td>\n<td class=\"tr_artisti\"><\/td>\n<\/tr>\n<tr>\n<td class=\"tr_artisti\"><\/td>\n<\/tr>\n<\/tbody>\n<\/table>\n<p><img loading=\"lazy\" decoding=\"async\" class=\"aligncenter size-full wp-image-15474\" title=\"Artmark_12iun2012_87\" src=\"http:\/\/artindex.ro\/wp-content\/uploads\/2012\/05\/Artmark_12iun2012_87.jpg\" alt=\"\" width=\"650\" height=\"825\" \/><\/p>\n<p>&nbsp;<\/p>\n<p><img loading=\"lazy\" decoding=\"async\" class=\"aligncenter size-full wp-image-15476\" title=\"Artmark_12iun2012_89\" src=\"http:\/\/artindex.ro\/wp-content\/uploads\/2012\/05\/Artmark_12iun2012_89.jpg\" alt=\"\" width=\"650\" height=\"407\" \/><\/p>\n<p><img loading=\"lazy\" decoding=\"async\" class=\"aligncenter size-full wp-image-21788\" title=\"jean_cheller_colt_de_mahala\" src=\"http:\/\/artindex.ro\/wp-content\/uploads\/2012\/05\/jean_cheller_colt_de_mahala.jpg\" alt=\"\" width=\"750\" height=\"530\" \/><\/p>\n<p>Jean Cheller: \u201cCorner of the slum\u201d<\/p>\n<p>Jean Cheller is one of the artists &quot;erased&quot; by the communist regime from the attention of the public and specialized critics. Descendant of a German family of Austrian origin.<a href=\"http:\/\/artindex.ro\/2012\/05\/16\/cheller-jean\/jean_cheller_colt_de_strada\/\" rel=\"attachment wp-att-53153\"><img loading=\"lazy\" decoding=\"async\" class=\"aligncenter size-full wp-image-53153\" src=\"http:\/\/artindex.ro\/wp-content\/uploads\/2012\/05\/Jean_Cheller_colt_de_strada.jpg\" alt=\"Jean_Cheller_colt_de_strada\" width=\"750\" height=\"520\" \/><\/a>Cheller trained at the Art Academy in Bucharest, being one of Gheorghe Petra\u0219cu&#039;s favorite students. The apprenticeship in Petra\u0219cu&#039;s workshop drew on him some suspicions still hard to fight that he had made fakes after the works of his master, but the fact distorted until it was said that he was imprisoned three times because of this. Throughout his life Jean Cheller it was a discreet presence, with rare participations in the Official Salons of the time, but exhibited works were always appreciated. The artist&#039;s situation worsened considerably after the war. Herta M\u00fcller explains the disastrous situation in which the German community awoke after the establishment of the communist regime, most being deprived of civil rights and pursued by security, even reaching waves of deportations to Russian labor camps (Siberia). So Jean Cheller&#039;s withdrawal from public life, as well as the naturalization of the German name in a close Romanian version, become explicable in the new political context, in which the German minority had reached the center of racial discrimination. Jean Cheller&#039;s creation is largely dependent on his master. Gheorghe Petra\u0219cu. Attracted by the outskirts of Bucharest, Cheller created a series of urban landscapes, representing slums. Corner of the slum is a quiet street in interwar Bucharest, made in the manner of structured simplifications, slightly angular, expressionist type, which many artists of the time use to solve essentially realistic compositions. Very clearly drawn verticals of the walls harmonize with the oblique and parallel horizontals of the roofs. The composition is deliberately unbalanced, and the rhythmicity of the straight plane is conjugated by opposition with the obscure aspect of the street and the silhouette that remains almost unnoticed in the foreground.<\/p>\n<p>Bibliography:<\/p>\n<p>OCTAVIAN, Tudor, \u201cForgotten Romanian Painters\u201d, Noi Media Print 2003.<\/p>\n<\/div>\n<\/div>\n<\/div>","protected":false},"excerpt":{"rendered":"<p>Toate lucr\u0103rile v\u00e2ndute de Galeria Alexandra&#8217;s ajung la client \u00eenso\u021bite de certificat de autenticitate. Pute\u021bi cump\u0103ra aceast\u0103 lucrare \u0219i \u00een rate, astfel \u00eenc\u00e2t va invit\u0103m s\u0103 folosi\u021bi simulatorul al\u0103turat. Pentru orice alte informa\u021bii va st\u0103m la dispozi\u021bie la office@alexandra-s.com. Jean Cheller face parte dintre arti\u0219tii \u201e\u0219ter\u0219i\u201d de regimul comunist din aten\u021bia publicului \u0219i criticii de [&hellip;]<\/p>","protected":false},"featured_media":12084,"comment_status":"open","ping_status":"closed","template":"","meta":{"_et_pb_use_builder":"","_et_pb_old_content":"","_et_gb_content_width":""},"product_cat":[1617],"product_tag":[36,37,39,2436,2264,2261,163,107,2263,300,2262],"_links":{"self":[{"href":"https:\/\/alexandra-s.com\/en\/wp-json\/wp\/v2\/product\/12099"}],"collection":[{"href":"https:\/\/alexandra-s.com\/en\/wp-json\/wp\/v2\/product"}],"about":[{"href":"https:\/\/alexandra-s.com\/en\/wp-json\/wp\/v2\/types\/product"}],"replies":[{"embeddable":true,"href":"https:\/\/alexandra-s.com\/en\/wp-json\/wp\/v2\/comments?post=12099"}],"wp:featuredmedia":[{"embeddable":true,"href":"https:\/\/alexandra-s.com\/en\/wp-json\/wp\/v2\/media\/12084"}],"wp:attachment":[{"href":"https:\/\/alexandra-s.com\/en\/wp-json\/wp\/v2\/media?parent=12099"}],"wp:term":[{"taxonomy":"product_cat","embeddable":true,"href":"https:\/\/alexandra-s.com\/en\/wp-json\/wp\/v2\/product_cat?post=12099"},{"taxonomy":"product_tag","embeddable":true,"href":"https:\/\/alexandra-s.com\/en\/wp-json\/wp\/v2\/product_tag?post=12099"}],"curies":[{"name":"wp","href":"https:\/\/api.w.org\/{rel}","templated":true}]}}