{"id":12228,"date":"2019-12-19T07:46:07","date_gmt":"2019-12-19T05:46:07","guid":{"rendered":"http:\/\/alexandra-s.com\/?post_type=product&#038;p=12228"},"modified":"2023-11-22T11:05:37","modified_gmt":"2023-11-22T09:05:37","slug":"ovidiu-lebejoara-temporary-earth-citizens","status":"publish","type":"product","link":"https:\/\/alexandra-s.com\/en\/magazin\/pictura\/ovidiu-lebejoara-temporary-earth-citizens\/","title":{"rendered":"Ovidiu Lebejoar\u0103 &#8211; &#8222;Three Graces&#8221;"},"content":{"rendered":"<p>All works sold by Alexandra&#039;s Gallery reach the customer accompanied by a certificate of authenticity. You can also buy this work in installments, so we invite you to use the simulator below. For any other information we are at your disposal at office@alexandra-s.com.<\/p>\n<p>His paintings, exhibited in Atlanta, Boston, Chicago, Las Vegas, Los Angeles, Miami, New York, Washington, Bologna, Perugia, Montreal, London, Amsterdam, Buenos Aires, Tokyo, Johannesburg, Sydney, Stockholm and Paris, seduce by manner to visualize nature in a surreal but not at all aggressive manner, which isolates the viewer from the noisy world and the inherent turbulence, offering him, instead, inner peace.<\/p>","protected":false},"excerpt":{"rendered":"<p>Toate lucr\u0103rile v\u00e2ndute de Galeria Alexandra&#8217;s ajung la client \u00eenso\u021bite de certificat de autenticitate. Pute\u021bi cump\u0103ra aceast\u0103 lucrare \u0219i \u00een rate, astfel \u00eenc\u00e2t va invit\u0103m s\u0103 folosi\u021bi simulatorul al\u0103turat. Pentru orice alte informa\u021bii va st\u0103m la dispozi\u021bie la office@alexandra-s.com. Picturile sale, expuse la Atlanta, Boston, Chicago, Las Vegas, Los Angeles, Miami, New York, Washington, Bologna, [&hellip;]<\/p>","protected":false},"featured_media":14725,"comment_status":"open","ping_status":"closed","template":"","meta":{"_et_pb_use_builder":"","_et_pb_old_content":"","_et_gb_content_width":""},"product_cat":[1617],"product_tag":[218,36,37,39,2327,2221,2264,2261,163,107,2263,300,2262],"_links":{"self":[{"href":"https:\/\/alexandra-s.com\/en\/wp-json\/wp\/v2\/product\/12228"}],"collection":[{"href":"https:\/\/alexandra-s.com\/en\/wp-json\/wp\/v2\/product"}],"about":[{"href":"https:\/\/alexandra-s.com\/en\/wp-json\/wp\/v2\/types\/product"}],"replies":[{"embeddable":true,"href":"https:\/\/alexandra-s.com\/en\/wp-json\/wp\/v2\/comments?post=12228"}],"wp:featuredmedia":[{"embeddable":true,"href":"https:\/\/alexandra-s.com\/en\/wp-json\/wp\/v2\/media\/14725"}],"wp:attachment":[{"href":"https:\/\/alexandra-s.com\/en\/wp-json\/wp\/v2\/media?parent=12228"}],"wp:term":[{"taxonomy":"product_cat","embeddable":true,"href":"https:\/\/alexandra-s.com\/en\/wp-json\/wp\/v2\/product_cat?post=12228"},{"taxonomy":"product_tag","embeddable":true,"href":"https:\/\/alexandra-s.com\/en\/wp-json\/wp\/v2\/product_tag?post=12228"}],"curies":[{"name":"wp","href":"https:\/\/api.w.org\/{rel}","templated":true}]}}