{"id":12231,"date":"2019-12-19T07:52:48","date_gmt":"2019-12-19T05:52:48","guid":{"rendered":"http:\/\/alexandra-s.com\/?post_type=product&#038;p=12231"},"modified":"2020-05-18T12:05:35","modified_gmt":"2020-05-18T10:05:35","slug":"serviciu-de-ceai-din-argint-patru-piese-secol-19","status":"publish","type":"product","link":"https:\/\/alexandra-s.com\/en\/magazin\/arte-decorative\/serviciu-de-ceai-din-argint-patru-piese-secol-19\/","title":{"rendered":"Silver Tea Service, Set of 4 pieces (2 teapots, side dish and tray), 1990 gr. Ag., 19th century"},"content":{"rendered":"<p>All works sold by Alexandra&#039;s Gallery reach the customer accompanied by a certificate of authenticity. You can also buy this work in installments, so we invite you to use the simulator below. For any other information we are at your disposal at office@alexandra-s.com.<\/p>\n<p>This set is made of Silver800 and has 1990 grams.<\/p>","protected":false},"excerpt":{"rendered":"<p>Toate lucr\u0103rile v\u00e2ndute de Galeria Alexandra&#8217;s ajung la client \u00eenso\u021bite de certificat de autenticitate. Pute\u021bi cump\u0103ra aceast\u0103 lucrare \u0219i \u00een rate, astfel \u00eenc\u00e2t va invit\u0103m s\u0103 folosi\u021bi simulatorul al\u0103turat. Pentru orice alte informa\u021bii va st\u0103m la dispozi\u021bie la office@alexandra-s.com. Acest set este confectionat din Argint800 si are 1990 grame.<\/p>","protected":false},"featured_media":12192,"comment_status":"open","ping_status":"closed","template":"","meta":{"_et_pb_use_builder":"","_et_pb_old_content":"","_et_gb_content_width":""},"product_cat":[17],"product_tag":[2243,39,2242,2240,2239,2241],"_links":{"self":[{"href":"https:\/\/alexandra-s.com\/en\/wp-json\/wp\/v2\/product\/12231"}],"collection":[{"href":"https:\/\/alexandra-s.com\/en\/wp-json\/wp\/v2\/product"}],"about":[{"href":"https:\/\/alexandra-s.com\/en\/wp-json\/wp\/v2\/types\/product"}],"replies":[{"embeddable":true,"href":"https:\/\/alexandra-s.com\/en\/wp-json\/wp\/v2\/comments?post=12231"}],"wp:featuredmedia":[{"embeddable":true,"href":"https:\/\/alexandra-s.com\/en\/wp-json\/wp\/v2\/media\/12192"}],"wp:attachment":[{"href":"https:\/\/alexandra-s.com\/en\/wp-json\/wp\/v2\/media?parent=12231"}],"wp:term":[{"taxonomy":"product_cat","embeddable":true,"href":"https:\/\/alexandra-s.com\/en\/wp-json\/wp\/v2\/product_cat?post=12231"},{"taxonomy":"product_tag","embeddable":true,"href":"https:\/\/alexandra-s.com\/en\/wp-json\/wp\/v2\/product_tag?post=12231"}],"curies":[{"name":"wp","href":"https:\/\/api.w.org\/{rel}","templated":true}]}}