{"id":12552,"date":"2020-01-28T09:18:40","date_gmt":"2020-01-28T07:18:40","guid":{"rendered":"http:\/\/alexandra-s.com\/?post_type=product&#038;p=12552"},"modified":"2020-06-24T09:37:35","modified_gmt":"2020-06-24T07:37:35","slug":"stefan-popescu-caliacra","status":"publish","type":"product","link":"https:\/\/alexandra-s.com\/en\/magazin\/pictura\/stefan-popescu-caliacra\/","title":{"rendered":"Stefan Popescu (1872 \u2013 1948) \u2013 &quot;Caliacra&quot;"},"content":{"rendered":"<p><em>All works sold by Alexandra&#039;s Gallery reach the customer accompanied by a certificate of authenticity. You can also buy this work in installments, so we invite you to use the simulator below. For any other information we are at your disposal at office@alexandra-s.com. <\/em><\/p>\n<p><em>\u0218tefan Popescu (1872-1948, Bucharest) was a painter, draftsman, engraver. He studied at the Academy of Arts in Munich and at the Academy of Arts in Paris. Honorary member of the Romanian Academy. He is one of the reference engravers in Romanian art, his works representing a landmark in the development of easel graphics and engraving in Romania. Known as Stefan Popesco in France.<\/em><\/p>","protected":false},"excerpt":{"rendered":"<p>Toate lucr\u0103rile v\u00e2ndute de Galeria Alexandra&#8217;s ajung la client \u00eenso\u021bite de certificat de autenticitate. Pute\u021bi cump\u0103ra aceast\u0103 lucrare \u0219i \u00een rate, astfel \u00eenc\u00e2t va invit\u0103m s\u0103 folosi\u021bi simulatorul al\u0103turat. Pentru orice alte informa\u021bii va st\u0103m la dispozi\u021bie la office@alexandra-s.com. \u0218tefan Popescu (1872-1948, Bucure\u0219ti) a fost un pictor, desenator, gravor. A studiat la Academia de Arte [&hellip;]<\/p>","protected":false},"featured_media":13883,"comment_status":"open","ping_status":"closed","template":"","meta":{"_et_pb_use_builder":"","_et_pb_old_content":"","_et_gb_content_width":""},"product_cat":[1617],"product_tag":[36,2402,37,39,137,139,141,142,104,2264,2261,163,145,146,107,2263,300,109,2262],"_links":{"self":[{"href":"https:\/\/alexandra-s.com\/en\/wp-json\/wp\/v2\/product\/12552"}],"collection":[{"href":"https:\/\/alexandra-s.com\/en\/wp-json\/wp\/v2\/product"}],"about":[{"href":"https:\/\/alexandra-s.com\/en\/wp-json\/wp\/v2\/types\/product"}],"replies":[{"embeddable":true,"href":"https:\/\/alexandra-s.com\/en\/wp-json\/wp\/v2\/comments?post=12552"}],"wp:featuredmedia":[{"embeddable":true,"href":"https:\/\/alexandra-s.com\/en\/wp-json\/wp\/v2\/media\/13883"}],"wp:attachment":[{"href":"https:\/\/alexandra-s.com\/en\/wp-json\/wp\/v2\/media?parent=12552"}],"wp:term":[{"taxonomy":"product_cat","embeddable":true,"href":"https:\/\/alexandra-s.com\/en\/wp-json\/wp\/v2\/product_cat?post=12552"},{"taxonomy":"product_tag","embeddable":true,"href":"https:\/\/alexandra-s.com\/en\/wp-json\/wp\/v2\/product_tag?post=12552"}],"curies":[{"name":"wp","href":"https:\/\/api.w.org\/{rel}","templated":true}]}}