{"id":12608,"date":"2020-01-28T19:09:11","date_gmt":"2020-01-28T17:09:11","guid":{"rendered":"http:\/\/alexandra-s.com\/?post_type=product&#038;p=12608"},"modified":"2024-06-06T07:31:31","modified_gmt":"2024-06-06T05:31:31","slug":"ivan-konupek-la-cosit","status":"publish","type":"product","link":"https:\/\/alexandra-s.com\/en\/magazin\/pictura\/ivan-konupek-la-cosit\/","title":{"rendered":"Ivan Konupek &#8211; &#8222;La cosit&#8221;"},"content":{"rendered":"<p>All works sold by Alexandra&#039;s Gallery reach the customer accompanied by a certificate of authenticity. You can also buy this work in installments, so we invite you to use the simulator next to it. For any other information we are at your disposal at office@alexandra-s.com.<\/p>\n<p>A splendid piece, by Ivan Konupek, an artist I met in 2016, when Alexandra&#039;s Gallery organized together with Richmond Hotel Constan\u021ba, the Art &amp; Heritage Association, the \u201cNicolae B\u0103lcescu\u201d Cultural Center and the Constan\u021ba Art Museum - the international painting camp \u201c Ovid&#039;s Dreaming \u201d. That&#039;s when I met the painter <span class=\"text_exposed_show\">Ivan Konupek, from the Czech Republic. It was a pleasure. His works, exhibited in the Art Museum of Constan\u021ba, attracted the appreciation of all. Ivan was also involved in painting courses and workshops that showed how a museum piece becomes an object, how a work of art can be interpreted and how we can appreciate the artistic value of a museum object. <\/span>Ivan was at his second meeting with the Romanians. In 2015, he also participated in the Painting Camp &quot;Bucovina - past, present and future&quot;, a project funded by the Department for Interethnic Relations within the Romanian Government and coordinated by Professor Ioan Bodnar. Ivan Konupek was among the artists who expressed solidarity with the people of Bukovina in the disaster areas and donated some of the work done in the camp for recovery in support of the victims.<\/p>","protected":false},"excerpt":{"rendered":"<p>Toate lucr\u0103rile v\u00e2ndute de Galeria Alexandra&#8217;s ajung la client \u00eenso\u021bite de certificat de autenticitate. Pute\u021bi cump\u0103ra aceast\u0103 lucrare \u0219i \u00een rate, astfel \u00eenc\u00e2t v\u0103 invit\u0103m s\u0103 folosi\u021bi simulatorul al\u0103turat. Pentru orice alte informa\u021bii v\u0103 st\u0103m la dispozi\u021bie la office@alexandra-s.com. O splendid\u0103 pies\u0103, de Ivan Konupek, un artist pe care l-am cunoscut in 2016, cand Galeria [&hellip;]<\/p>","protected":false},"featured_media":12601,"comment_status":"open","ping_status":"closed","template":"","meta":{"_et_pb_use_builder":"","_et_pb_old_content":"","_et_gb_content_width":""},"product_cat":[1617],"product_tag":[34,218,134,36,37,39,353,1521,2221,2264,2261,163,107,2263,300,2262],"_links":{"self":[{"href":"https:\/\/alexandra-s.com\/en\/wp-json\/wp\/v2\/product\/12608"}],"collection":[{"href":"https:\/\/alexandra-s.com\/en\/wp-json\/wp\/v2\/product"}],"about":[{"href":"https:\/\/alexandra-s.com\/en\/wp-json\/wp\/v2\/types\/product"}],"replies":[{"embeddable":true,"href":"https:\/\/alexandra-s.com\/en\/wp-json\/wp\/v2\/comments?post=12608"}],"wp:featuredmedia":[{"embeddable":true,"href":"https:\/\/alexandra-s.com\/en\/wp-json\/wp\/v2\/media\/12601"}],"wp:attachment":[{"href":"https:\/\/alexandra-s.com\/en\/wp-json\/wp\/v2\/media?parent=12608"}],"wp:term":[{"taxonomy":"product_cat","embeddable":true,"href":"https:\/\/alexandra-s.com\/en\/wp-json\/wp\/v2\/product_cat?post=12608"},{"taxonomy":"product_tag","embeddable":true,"href":"https:\/\/alexandra-s.com\/en\/wp-json\/wp\/v2\/product_tag?post=12608"}],"curies":[{"name":"wp","href":"https:\/\/api.w.org\/{rel}","templated":true}]}}