{"id":13071,"date":"2020-02-20T16:03:53","date_gmt":"2020-02-20T14:03:53","guid":{"rendered":"http:\/\/alexandra-s.com\/?post_type=product&#038;p=13071"},"modified":"2026-03-25T11:44:57","modified_gmt":"2026-03-25T09:44:57","slug":"svetlana-inach-biserica-bran","status":"publish","type":"product","link":"https:\/\/alexandra-s.com\/en\/magazin\/pictura\/svetlana-inach-biserica-bran\/","title":{"rendered":"Svetlana Inach \u2013 \u201cBran Church\u201d"},"content":{"rendered":"<p>All works sold by Alexandra&#039;s Gallery reach the customer accompanied by a certificate of authenticity. You can also buy this work in installments, so we invite you to use the simulator below. For any other information we are at your disposal at office@alexandra-s.com.<\/p>\n<p>Svetlana Inach &#8211;\u00a0Tablou &#8222;Biserica Bran&#8221;, 60&#215;60 cm, U\/P, 500 euro, UCRAINA ;<\/p>","protected":false},"excerpt":{"rendered":"<p>Toate lucr\u0103rile v\u00e2ndute de Galeria Alexandra\u2019s ajung la client \u00eenso\u021bite de certificat de autenticitate. Pute\u021bi cump\u0103ra aceast\u0103 lucrare \u0219i \u00een rate, astfel \u00eenc\u00e2t va invit\u0103m s\u0103 folosi\u021bi simulatorul al\u0103turat. Pentru orice alte informa\u021bii va st\u0103m la dispozi\u021bie la office@alexandra-s.com. Svetlana Inach &#8211;\u00a0Tablou &#8222;Biserica Bran&#8221;, 60&#215;60 cm, U\/P, 500 euro, UCRAINA ;<\/p>","protected":false},"featured_media":13052,"comment_status":"open","ping_status":"closed","template":"","meta":{"_et_pb_use_builder":"","_et_pb_old_content":"","_et_gb_content_width":""},"product_cat":[1617],"product_tag":[218,39,2221,2264,2261,163,2598,2263,300,2262],"_links":{"self":[{"href":"https:\/\/alexandra-s.com\/en\/wp-json\/wp\/v2\/product\/13071"}],"collection":[{"href":"https:\/\/alexandra-s.com\/en\/wp-json\/wp\/v2\/product"}],"about":[{"href":"https:\/\/alexandra-s.com\/en\/wp-json\/wp\/v2\/types\/product"}],"replies":[{"embeddable":true,"href":"https:\/\/alexandra-s.com\/en\/wp-json\/wp\/v2\/comments?post=13071"}],"wp:featuredmedia":[{"embeddable":true,"href":"https:\/\/alexandra-s.com\/en\/wp-json\/wp\/v2\/media\/13052"}],"wp:attachment":[{"href":"https:\/\/alexandra-s.com\/en\/wp-json\/wp\/v2\/media?parent=13071"}],"wp:term":[{"taxonomy":"product_cat","embeddable":true,"href":"https:\/\/alexandra-s.com\/en\/wp-json\/wp\/v2\/product_cat?post=13071"},{"taxonomy":"product_tag","embeddable":true,"href":"https:\/\/alexandra-s.com\/en\/wp-json\/wp\/v2\/product_tag?post=13071"}],"curies":[{"name":"wp","href":"https:\/\/api.w.org\/{rel}","templated":true}]}}