{"id":13285,"date":"2020-02-28T12:10:44","date_gmt":"2020-02-28T10:10:44","guid":{"rendered":"http:\/\/alexandra-s.com\/?post_type=product&#038;p=13285"},"modified":"2020-02-28T12:11:07","modified_gmt":"2020-02-28T10:11:07","slug":"marcel-thiele-royal-06","status":"publish","type":"product","link":"https:\/\/alexandra-s.com\/en\/magazin\/pictura\/marcel-thiele-royal-06\/","title":{"rendered":"Marcel Thiele &#8211; &#8222;Royal 06&#8221;"},"content":{"rendered":"<p>All works sold by Alexandra&#039;s Gallery reach the customer accompanied by a certificate of authenticity. You can also buy this work in installments, so we invite you to use the simulator below. For information about the painter Marcel Thiele please see the section <a href=\"https:\/\/alexandra-s.com\/artistii-galeriei\/\">Gallery artists<\/a>. For any other information we are at your disposal at office@alexandra-s.com.<\/p>","protected":false},"excerpt":{"rendered":"<p>Toate lucr\u0103rile v\u00e2ndute de Galeria Alexandra\u2019s ajung la client \u00eenso\u021bite de certificat de autenticitate. Pute\u021bi cump\u0103ra aceast\u0103 lucrare \u0219i \u00een rate, astfel \u00eenc\u00e2t va invit\u0103m s\u0103 folosi\u021bi simulatorul al\u0103turat. Pentru informa\u021bii despre pictorul Marcel Thiele va rug\u0103m s\u0103 consulta\u021bi sec\u021biunea Arti\u0219tii Galeriei. Pentru orice alte informa\u021bii v\u0103 st\u0103m la dispozi\u021bie la office@alexandra-s.com.<\/p>","protected":false},"featured_media":13280,"comment_status":"open","ping_status":"closed","template":"","meta":{"_et_pb_use_builder":"","_et_pb_old_content":"","_et_gb_content_width":""},"product_cat":[1617],"product_tag":[2606,218,2607,2605,36,37,39,2220,2377,2232,2608],"_links":{"self":[{"href":"https:\/\/alexandra-s.com\/en\/wp-json\/wp\/v2\/product\/13285"}],"collection":[{"href":"https:\/\/alexandra-s.com\/en\/wp-json\/wp\/v2\/product"}],"about":[{"href":"https:\/\/alexandra-s.com\/en\/wp-json\/wp\/v2\/types\/product"}],"replies":[{"embeddable":true,"href":"https:\/\/alexandra-s.com\/en\/wp-json\/wp\/v2\/comments?post=13285"}],"wp:featuredmedia":[{"embeddable":true,"href":"https:\/\/alexandra-s.com\/en\/wp-json\/wp\/v2\/media\/13280"}],"wp:attachment":[{"href":"https:\/\/alexandra-s.com\/en\/wp-json\/wp\/v2\/media?parent=13285"}],"wp:term":[{"taxonomy":"product_cat","embeddable":true,"href":"https:\/\/alexandra-s.com\/en\/wp-json\/wp\/v2\/product_cat?post=13285"},{"taxonomy":"product_tag","embeddable":true,"href":"https:\/\/alexandra-s.com\/en\/wp-json\/wp\/v2\/product_tag?post=13285"}],"curies":[{"name":"wp","href":"https:\/\/api.w.org\/{rel}","templated":true}]}}