{"id":13456,"date":"2020-03-26T17:55:37","date_gmt":"2020-03-26T15:55:37","guid":{"rendered":"http:\/\/alexandra-s.com\/?post_type=product&#038;p=13456"},"modified":"2025-11-11T09:26:48","modified_gmt":"2025-11-11T07:26:48","slug":"dumitru-mihai-glodeanu-ruga","status":"publish","type":"product","link":"https:\/\/alexandra-s.com\/en\/magazin\/pictura\/dumitru-mihai-glodeanu-ruga\/","title":{"rendered":"Dumitru Mihai Glodeanu \u2013 &#8222;Natura statica&#8221;"},"content":{"rendered":"<p>All works sold by Alexandra&#039;s Gallery reach the customer accompanied by a certificate of authenticity. You can also buy this work in installments, so we invite you to use the simulator below. For information about the painter Dumitru Mihai Glodeanu please consult the section <a href=\"https:\/\/alexandra-s.com\/artistii-galeriei\/\">Gallery artists<\/a>. For any other information we are at your disposal at office@alexandra-s.com.<\/p>","protected":false},"excerpt":{"rendered":"<p>Toate lucr\u0103rile v\u00e2ndute de Galeria Alexandra&#8217;s ajung la client \u00eenso\u021bite de certificat de autenticitate. Pute\u021bi cump\u0103ra aceast\u0103 lucrare \u0219i \u00een rate, astfel \u00eenc\u00e2t va invit\u0103m s\u0103 folosi\u021bi simulatorul al\u0103turat. Pentru informa\u021bii despre pictorul Dumitru Mihai Glodeanu va rug\u0103m s\u0103 consulta\u021bi sec\u021biunea Arti\u0219tii Galeriei.\u00a0Pentru orice alte informa\u021bii va st\u0103m la dispozi\u021bie la office@alexandra-s.com.<\/p>","protected":false},"featured_media":14927,"comment_status":"open","ping_status":"closed","template":"","meta":{"_et_pb_use_builder":"","_et_pb_old_content":"","_et_gb_content_width":""},"product_cat":[2692,1617],"product_tag":[218,36,37,2314,39,2221,2264,2261,163,107,2263,300,2262],"_links":{"self":[{"href":"https:\/\/alexandra-s.com\/en\/wp-json\/wp\/v2\/product\/13456"}],"collection":[{"href":"https:\/\/alexandra-s.com\/en\/wp-json\/wp\/v2\/product"}],"about":[{"href":"https:\/\/alexandra-s.com\/en\/wp-json\/wp\/v2\/types\/product"}],"replies":[{"embeddable":true,"href":"https:\/\/alexandra-s.com\/en\/wp-json\/wp\/v2\/comments?post=13456"}],"wp:featuredmedia":[{"embeddable":true,"href":"https:\/\/alexandra-s.com\/en\/wp-json\/wp\/v2\/media\/14927"}],"wp:attachment":[{"href":"https:\/\/alexandra-s.com\/en\/wp-json\/wp\/v2\/media?parent=13456"}],"wp:term":[{"taxonomy":"product_cat","embeddable":true,"href":"https:\/\/alexandra-s.com\/en\/wp-json\/wp\/v2\/product_cat?post=13456"},{"taxonomy":"product_tag","embeddable":true,"href":"https:\/\/alexandra-s.com\/en\/wp-json\/wp\/v2\/product_tag?post=13456"}],"curies":[{"name":"wp","href":"https:\/\/api.w.org\/{rel}","templated":true}]}}