{"id":13792,"date":"2020-05-19T11:47:43","date_gmt":"2020-05-19T09:47:43","guid":{"rendered":"http:\/\/alexandra-s.com\/?post_type=product&#038;p=13792"},"modified":"2020-06-25T09:12:22","modified_gmt":"2020-06-25T07:12:22","slug":"vasile-grigore-1935-2012-bucuresti-tablou-peisaj-acuarela-47-x-375-cm","status":"publish","type":"product","link":"https:\/\/alexandra-s.com\/en\/magazin\/pictura\/vasile-grigore-1935-2012-bucuresti-tablou-peisaj-acuarela-47-x-375-cm\/","title":{"rendered":"Vasile Grigore (1935 - 2012, Bucharest) - Landscape painting, watercolor, 47 x 37.5 cm"},"content":{"rendered":"<p>\u201eVasile Grigore &#8222;este unul dintre cei mai importan\u021bi arti\u0219ti din perioada modernismului rom\u00e2nesc&#8221;, ce a f\u0103cut parte din avangarda anilor &#8217;70, dintr-o genera\u021bie de arti\u0219ti care au \u00eencercat s\u0103 ias\u0103 din dogmele proletcultismului\u201d. &#8211; Petru Lucaci<\/p>","protected":false},"excerpt":{"rendered":"<p>\u201eVasile Grigore &#8222;este unul dintre cei mai importan\u021bi arti\u0219ti din perioada modernismului rom\u00e2nesc&#8221;, ce a f\u0103cut parte din avangarda anilor &#8217;70, dintr-o genera\u021bie de arti\u0219ti care au \u00eencercat s\u0103 ias\u0103 din dogmele proletcultismului\u201d. &#8211; Petru Lucaci<\/p>","protected":false},"featured_media":13793,"comment_status":"open","ping_status":"closed","template":"","meta":{"_et_pb_use_builder":"","_et_pb_old_content":"","_et_gb_content_width":""},"product_cat":[1617],"product_tag":[],"_links":{"self":[{"href":"https:\/\/alexandra-s.com\/en\/wp-json\/wp\/v2\/product\/13792"}],"collection":[{"href":"https:\/\/alexandra-s.com\/en\/wp-json\/wp\/v2\/product"}],"about":[{"href":"https:\/\/alexandra-s.com\/en\/wp-json\/wp\/v2\/types\/product"}],"replies":[{"embeddable":true,"href":"https:\/\/alexandra-s.com\/en\/wp-json\/wp\/v2\/comments?post=13792"}],"wp:featuredmedia":[{"embeddable":true,"href":"https:\/\/alexandra-s.com\/en\/wp-json\/wp\/v2\/media\/13793"}],"wp:attachment":[{"href":"https:\/\/alexandra-s.com\/en\/wp-json\/wp\/v2\/media?parent=13792"}],"wp:term":[{"taxonomy":"product_cat","embeddable":true,"href":"https:\/\/alexandra-s.com\/en\/wp-json\/wp\/v2\/product_cat?post=13792"},{"taxonomy":"product_tag","embeddable":true,"href":"https:\/\/alexandra-s.com\/en\/wp-json\/wp\/v2\/product_tag?post=13792"}],"curies":[{"name":"wp","href":"https:\/\/api.w.org\/{rel}","templated":true}]}}