{"id":13849,"date":"2020-06-23T10:04:30","date_gmt":"2020-06-23T08:04:30","guid":{"rendered":"https:\/\/alexandra-s.com\/?post_type=product&#038;p=13849"},"modified":"2024-05-23T09:07:37","modified_gmt":"2024-05-23T07:07:37","slug":"adam-baltatu-1889-1979-peisaj","status":"publish","type":"product","link":"https:\/\/alexandra-s.com\/en\/magazin\/pictura\/adam-baltatu-1889-1979-peisaj\/","title":{"rendered":"Adam Baltatu (1889-1979) - Landscape"},"content":{"rendered":"<p>Adam B\u0103l\u021batu was considered by the critics of the time a serious, deep painter, with a well-developed technique. His artistic vision is <a href=\"https:\/\/ro.wikipedia.org\/wiki\/Impresionism\">impressionist<\/a>, with a light touch. It is considered a very good one <a href=\"https:\/\/ro.wikipedia.org\/wiki\/Peisaj\">landscape<\/a>, but his work also contains <a href=\"https:\/\/ro.wikipedia.org\/wiki\/Natur%C4%83_static%C4%83\">static nature<\/a> and <a href=\"https:\/\/ro.wikipedia.org\/wiki\/Portret\">portraits<\/a> outstanding. From the point of view of the chromatic register, the early years are under the sign of an artistic vision based on sober accords and touches of color with a velvety appearance, dissolving the consistency of the shades and making them look like enamel. It worked too <a href=\"https:\/\/ro.wikipedia.org\/wiki\/Pictur%C4%83_mural%C4%83\">mural painting<\/a> in a few churches.<\/p>","protected":false},"excerpt":{"rendered":"<p>Adam B\u0103l\u021batu a fost considerat de criticii vremii un pictor serios, profund, cu o tehnic\u0103 bine pus\u0103 la punct. Viziunea sa artistic\u0103 este impresionist\u0103, cu o tu\u0219\u0103 lejer\u0103. Este considerat un foarte bun peisagist, dar opera sa con\u021bine \u0219i naturi statice \u0219i portrete remarcabile. Din punct de vedere al registrului cromatic, anii de \u00eenceput stau [&hellip;]<\/p>","protected":false},"featured_media":13850,"comment_status":"open","ping_status":"closed","template":"","meta":{"_et_pb_use_builder":"","_et_pb_old_content":"","_et_gb_content_width":""},"product_cat":[1617],"product_tag":[],"_links":{"self":[{"href":"https:\/\/alexandra-s.com\/en\/wp-json\/wp\/v2\/product\/13849"}],"collection":[{"href":"https:\/\/alexandra-s.com\/en\/wp-json\/wp\/v2\/product"}],"about":[{"href":"https:\/\/alexandra-s.com\/en\/wp-json\/wp\/v2\/types\/product"}],"replies":[{"embeddable":true,"href":"https:\/\/alexandra-s.com\/en\/wp-json\/wp\/v2\/comments?post=13849"}],"wp:featuredmedia":[{"embeddable":true,"href":"https:\/\/alexandra-s.com\/en\/wp-json\/wp\/v2\/media\/13850"}],"wp:attachment":[{"href":"https:\/\/alexandra-s.com\/en\/wp-json\/wp\/v2\/media?parent=13849"}],"wp:term":[{"taxonomy":"product_cat","embeddable":true,"href":"https:\/\/alexandra-s.com\/en\/wp-json\/wp\/v2\/product_cat?post=13849"},{"taxonomy":"product_tag","embeddable":true,"href":"https:\/\/alexandra-s.com\/en\/wp-json\/wp\/v2\/product_tag?post=13849"}],"curies":[{"name":"wp","href":"https:\/\/api.w.org\/{rel}","templated":true}]}}