{"id":13871,"date":"2020-06-24T08:36:59","date_gmt":"2020-06-24T06:36:59","guid":{"rendered":"https:\/\/alexandra-s.com\/?post_type=product&#038;p=13871"},"modified":"2023-11-29T10:24:25","modified_gmt":"2023-11-29T08:24:25","slug":"nicolae-vermont-1866-1932-interior-de-casa","status":"publish","type":"product","link":"https:\/\/alexandra-s.com\/en\/magazin\/pictura\/nicolae-vermont-1866-1932-interior-de-casa\/","title":{"rendered":"Nicolae Vermont (1866-1932) - House interior"},"content":{"rendered":"<p>He was born in <a title=\"Bacau\" href=\"https:\/\/ro.wikipedia.org\/wiki\/Bac%C4%83u\">Bacau<\/a> in the family of Professor Iosif Gr\u00fcnberg (pseudonym <i>Vermont<\/i> [vert mont = green mountain] is the German translation of the name <i>Gr\u00fcnberg<\/i> [gr\u00fcn Berg = green mountain]). He studied at the School of Fine Arts in <a title=\"Bucharest\" href=\"https:\/\/ro.wikipedia.org\/wiki\/Bucure%C8%99ti\">Bucharest<\/a>, with <a title=\"Theodor Aman\" href=\"https:\/\/ro.wikipedia.org\/wiki\/Theodor_Aman\">Theodor Aman<\/a>, being the first Jewish student of this institution, then at <a title=\"Munich\" href=\"https:\/\/ro.wikipedia.org\/wiki\/M%C3%BCnchen\">Munich<\/a> and at <a title=\"Paris\" href=\"https:\/\/ro.wikipedia.org\/wiki\/Paris\">Paris<\/a>. Hostile to academic conformity, Vermont joined the renewal movement of the group of independent painters, being among the founding members of the societies &quot;Ileana&quot; and &quot;Artistic Youth&quot;, in which he exhibited regularly.<\/p>\n<p>In landscape painting, related as a vision to <a title=\"Nicolae Grigorescu\" href=\"https:\/\/ro.wikipedia.org\/wiki\/Nicolae_Grigorescu\">Nicolae Grigorescu<\/a>, Vermont left pictures from <a title=\"Campulung\" href=\"https:\/\/ro.wikipedia.org\/wiki\/C%C3%A2mpulung\">Campulung<\/a> and from <a title=\"Oltenia\" href=\"https:\/\/ro.wikipedia.org\/wiki\/Oltenia\">Oltenia<\/a>, of a pure and delicate lyricism, capitalizing on both the spontaneity and acuity of the observation, as well as the virtuosity of the drawing. Attracted by composition, he excelled in genre painting inspired by the lives of ordinary people, which he painted with a lot of emotional warmth (&quot;Emigrants&quot;, &quot;Co\u015farul&quot;, &quot;Bragagiul&quot;). He was also influenced by the style of the Munich painter <a title=\"Fritz von Uhde\" href=\"https:\/\/ro.wikipedia.org\/wiki\/Fritz_von_Uhde\">Fritz von Uhde<\/a>.<\/p>\n<p>In his creation in recent years, he has been inclined to satisfy the taste of a picturesque amateur audience. His engraving works are executed with great finesse.<\/p>\n<p>His brother was the translator and astronomer <a class=\"new\" title=\"Bernard Varvara Vermont - page does not exist\" href=\"https:\/\/ro.wikipedia.org\/w\/index.php?title=Bernard_Varvara_Vermont&amp;action=edit&amp;redlink=1\">Bernard Varvara Vermont<\/a>, and his sister was the actress <a class=\"new\" title=\"Lea Fan\u015feta Vermont - page does not exist\" href=\"https:\/\/ro.wikipedia.org\/w\/index.php?title=Lea_Fan%C8%99eta_Vermont&amp;action=edit&amp;redlink=1\">Lea Vermont Fan<\/a>, the mother of the French-Romanian actress <a title=\"Maria Ventura\" href=\"https:\/\/ro.wikipedia.org\/wiki\/Maria_Ventura\">Marioara-Aristi\u021ba Ventura<\/a>.<\/p>","protected":false},"excerpt":{"rendered":"<p>S-a n\u0103scut la Bac\u0103u \u00een familia profesorului Iosif Gr\u00fcnberg (pseudonimul Vermont [vert mont = verde munte] este traducerea din german\u0103 a numelui Gr\u00fcnberg [gr\u00fcn Berg = verde munte] ). A studiat la \u0218coala de arte frumoase din Bucure\u0219ti, cu Theodor Aman, fiind primul student evreu al acestei institu\u021bii, apoi la M\u00fcnchen \u0219i la Paris. Ostil [&hellip;]<\/p>","protected":false},"featured_media":13872,"comment_status":"open","ping_status":"closed","template":"","meta":{"_et_pb_use_builder":"","_et_pb_old_content":"","_et_gb_content_width":""},"product_cat":[1617],"product_tag":[],"_links":{"self":[{"href":"https:\/\/alexandra-s.com\/en\/wp-json\/wp\/v2\/product\/13871"}],"collection":[{"href":"https:\/\/alexandra-s.com\/en\/wp-json\/wp\/v2\/product"}],"about":[{"href":"https:\/\/alexandra-s.com\/en\/wp-json\/wp\/v2\/types\/product"}],"replies":[{"embeddable":true,"href":"https:\/\/alexandra-s.com\/en\/wp-json\/wp\/v2\/comments?post=13871"}],"wp:featuredmedia":[{"embeddable":true,"href":"https:\/\/alexandra-s.com\/en\/wp-json\/wp\/v2\/media\/13872"}],"wp:attachment":[{"href":"https:\/\/alexandra-s.com\/en\/wp-json\/wp\/v2\/media?parent=13871"}],"wp:term":[{"taxonomy":"product_cat","embeddable":true,"href":"https:\/\/alexandra-s.com\/en\/wp-json\/wp\/v2\/product_cat?post=13871"},{"taxonomy":"product_tag","embeddable":true,"href":"https:\/\/alexandra-s.com\/en\/wp-json\/wp\/v2\/product_tag?post=13871"}],"curies":[{"name":"wp","href":"https:\/\/api.w.org\/{rel}","templated":true}]}}