{"id":13892,"date":"2020-06-24T11:04:57","date_gmt":"2020-06-24T09:04:57","guid":{"rendered":"https:\/\/alexandra-s.com\/?post_type=product&#038;p=13892"},"modified":"2020-06-24T11:04:57","modified_gmt":"2020-06-24T09:04:57","slug":"kimon-loghi-1873-1952-padurea","status":"publish","type":"product","link":"https:\/\/alexandra-s.com\/en\/magazin\/pictura\/kimon-loghi-1873-1952-padurea\/","title":{"rendered":"Kimon Loghi (1873 - 1952 - Padurea"},"content":{"rendered":"<p>Loghi is the typical and original representative of <a title=\"Symbolism\" href=\"https:\/\/ro.wikipedia.org\/wiki\/Simbolism\">symbolism<\/a> m\u00fcnchenez (Bocklin) from Romania. He exposed the <a title=\"Artistic youth\" href=\"https:\/\/ro.wikipedia.org\/wiki\/Tinerimea_artistic%C4%83\">Artistic youth<\/a> and at <i>Official Salons<\/i>.<\/p>\n<p>His artistic affirmation has occurred since <a title=\"1899\" href=\"https:\/\/ro.wikipedia.org\/wiki\/1899\">1899<\/a>. In the <a title=\"1904\" href=\"https:\/\/ro.wikipedia.org\/wiki\/1904\">1904<\/a> he had a personal exhibition in which he presented 120 works that confirmed his previous success. Following this exhibition, he was praised and compared to <a class=\"new\" title=\"Franz von Stuck - page does not exist\" href=\"https:\/\/ro.wikipedia.org\/w\/index.php?title=Franz_von_Stuck&amp;action=edit&amp;redlink=1\">Franz von Stuck<\/a> and <a title=\"Gustav Klimt\" href=\"https:\/\/ro.wikipedia.org\/wiki\/Gustav_Klimt\">Gustav Klimt<\/a>.<\/p>\n<p>Fine connoisseur of German Symbolism and <a class=\"mw-redirect\" title=\"Jugendstil\" href=\"https:\/\/ro.wikipedia.org\/wiki\/Jugendstil\">Jugendstil<\/a>acquis, <a title=\"Queen Maria of Romania\" href=\"https:\/\/ro.wikipedia.org\/wiki\/Regina_Maria_a_Rom%C3%A2niei\">Princess Maria<\/a> purchased the work &quot;Oriental&quot;, exhibited by Loghi at his debut exhibition on March 1, 1902. In the following years, the princess bought five of the artist&#039;s paintings, three portraits, a religious scene and a rural one, with which he decorated the interiors. <a title=\"Pelisor Castle\" href=\"https:\/\/ro.wikipedia.org\/wiki\/Castelul_Peli%C8%99or\">Pelisor castle<\/a>.<sup id=\"cite_ref-6\" class=\"reference\"><\/sup><\/p>\n<p>Works by artist Kimon Loghi are in <a title=\"National Museum of Art of Romania\" href=\"https:\/\/ro.wikipedia.org\/wiki\/Muzeul_Na%C8%9Bional_de_Art%C4%83_al_Rom%C3%A2niei\">National Museum of Art of Romania<\/a>, <a title=\"The Art Museum of Constan\u021ba\" href=\"https:\/\/ro.wikipedia.org\/wiki\/Muzeul_de_Art%C4%83_din_Constan%C8%9Ba\">The Art Museum of Constan\u021ba<\/a>, <a title=\"Cotroceni National Museum\" href=\"https:\/\/ro.wikipedia.org\/wiki\/Muzeul_Na%C8%9Bional_Cotroceni\">Cotroceni National Museum<\/a>, <a title=\"Peles Castle\" href=\"https:\/\/ro.wikipedia.org\/wiki\/Castelul_Pele%C8%99\">Peles National Museum<\/a> as well as in numerous private collections in Romania and other countries. In 2006, the family of the collector and art dealer Dumitra\u0219cu Bedivan donated seven paintings by Kimon Loghi to the Art Museum of Constan\u021ba.<sup id=\"cite_ref-17\" class=\"reference\"><\/sup><\/p>\n<p>A large part of the paintings of Kimon Loghi, originally from the region <a title=\"Central Macedonia\" href=\"https:\/\/ro.wikipedia.org\/wiki\/Macedonia_Central%C4%83\">Central Macedonia<\/a>, were bought by Greeks who wanted, in this way, to assume it as a national artist, and from Greece they arrived in museums or private collections in America. What is certain is that Loghi is currently quoted as a Macedonian painter in many sources.<sup id=\"cite_ref-18\" class=\"reference\"><\/sup><\/p>","protected":false},"excerpt":{"rendered":"<p>Loghi este reprezentantul tipic \u0219i original al simbolismului m\u00fcnchenez (Bocklin) din Rom\u00e2nia. A expus la Tinerimea artistic\u0103 \u0219i la Saloanele Oficiale. Afirmarea sa artistic\u0103 s-a produs \u00eencep\u00e2nd cu 1899. \u00cen 1904 a avut o expozi\u021bie personal\u0103 \u00een care a prezentat 120 de lucr\u0103ri care au confirmat succesul s\u0103u anterior. \u00cen urma acestei expozi\u021bii, a fost [&hellip;]<\/p>","protected":false},"featured_media":13893,"comment_status":"open","ping_status":"closed","template":"","meta":{"_et_pb_use_builder":"","_et_pb_old_content":"","_et_gb_content_width":""},"product_cat":[1617],"product_tag":[],"_links":{"self":[{"href":"https:\/\/alexandra-s.com\/en\/wp-json\/wp\/v2\/product\/13892"}],"collection":[{"href":"https:\/\/alexandra-s.com\/en\/wp-json\/wp\/v2\/product"}],"about":[{"href":"https:\/\/alexandra-s.com\/en\/wp-json\/wp\/v2\/types\/product"}],"replies":[{"embeddable":true,"href":"https:\/\/alexandra-s.com\/en\/wp-json\/wp\/v2\/comments?post=13892"}],"wp:featuredmedia":[{"embeddable":true,"href":"https:\/\/alexandra-s.com\/en\/wp-json\/wp\/v2\/media\/13893"}],"wp:attachment":[{"href":"https:\/\/alexandra-s.com\/en\/wp-json\/wp\/v2\/media?parent=13892"}],"wp:term":[{"taxonomy":"product_cat","embeddable":true,"href":"https:\/\/alexandra-s.com\/en\/wp-json\/wp\/v2\/product_cat?post=13892"},{"taxonomy":"product_tag","embeddable":true,"href":"https:\/\/alexandra-s.com\/en\/wp-json\/wp\/v2\/product_tag?post=13892"}],"curies":[{"name":"wp","href":"https:\/\/api.w.org\/{rel}","templated":true}]}}