{"id":13923,"date":"2020-06-25T09:36:54","date_gmt":"2020-06-25T07:36:54","guid":{"rendered":"https:\/\/alexandra-s.com\/?post_type=product&#038;p=13923"},"modified":"2024-01-22T13:21:46","modified_gmt":"2024-01-22T11:21:46","slug":"sorin-ionescu-1913-1999-natura-statica-cu-fructe","status":"publish","type":"product","link":"https:\/\/alexandra-s.com\/en\/magazin\/pictura\/sorin-ionescu-1913-1999-natura-statica-cu-fructe\/","title":{"rendered":"Sorin Ionescu (1913 - 1999) - Static nature with fruits"},"content":{"rendered":"<p>Born in Bucharest on April 11, 1913, Sorin Ionescu attended the Academy of Architecture between 1931 and 1938. His passion for painting was acquired by his mother, but also by approaching the artistic environment of the Free Academy of Painting led by Marius Bunescu, an academy that and he was sitting in the court of the house where he lived. He made his debut in 1932 at the Official Black and White Salon, with a drawing in ink, Vedere din Pite\u0219ti, a technique he perfected over the years. The first personal exhibition, in 1935, at the Dalles Hall, brought him his appreciation. Nicolae Tonitza: \u201cHappy debut. Warm and sensitized color. A brush-shaped nerve that gives your sails an air of freshness and committed flair \u201d.<br \/>\nPremiul Fundatiei Simu acordat de juriul Salonului Oficial 1938. Premiul &#8222;Leon Gh. Palade&#8221; acordat de juriul Salonului Oficial 1941. Pictor de razboi intre 1941-1944. Expozitii personale Sala Dalles 1941, 1943, 1945, Caminul Artei 1946, Ateneu Roman 1947, N. Cristea 1956, Magheru 1958, 1960, 1966, Orizont 1969, Ondine Roma 1972, Geneva 1975, GAMB 1975, Roma 1976, Berna 1976, Eforie 1977, Amalfi Italia 1978, GAMB 1979, Berna 1980, Weissenbach Austria 1987, etc<br \/>\nInternational exhibitions Geneva Switzerland 1967, Moscow 1970, Rome 1971, San Marino 1973, Rome 1990 etc.<br \/>\nThe artist noted that art has entered a phase that can be defined as &quot;imaginative&quot;. Hence the need to find new methods of expression and a new language\u2026 His research in this regard was continuous, he experienced various forms of expression from oil, collages on crumpled paper to the use of lava. His landscapes are &quot;true soliloquies meant to force meditative states.&quot;<br \/>\nIn broad perspectives, observation is combined with the tendency to poetize or dramatize. Quays, ships at sea or ashore, strips of water, rendered transfigured, reveal a good designer, but also a passionate colorist.<\/p>","protected":false},"excerpt":{"rendered":"<p>N\u0103scut la Bucure\u0219ti \u00een 11 aprilie 1913, Sorin Ionescu a urmat Academia de Arhitectur\u0103 \u00een perioada 1931 \u2013 1938. Pasiunea pentru pictur\u0103 o dob\u00e2nde\u0219te pe linie matern\u0103, dar \u0219i prin apropierea de mediul artistic al Academiei libere de pictur\u0103 condus\u0103 de Marius Bunescu, academie ce-\u0219i avea sediul \u00een curtea casei \u00een care locuia. A debutat [&hellip;]<\/p>","protected":false},"featured_media":13926,"comment_status":"open","ping_status":"closed","template":"","meta":{"_et_pb_use_builder":"","_et_pb_old_content":"","_et_gb_content_width":""},"product_cat":[1617],"product_tag":[],"_links":{"self":[{"href":"https:\/\/alexandra-s.com\/en\/wp-json\/wp\/v2\/product\/13923"}],"collection":[{"href":"https:\/\/alexandra-s.com\/en\/wp-json\/wp\/v2\/product"}],"about":[{"href":"https:\/\/alexandra-s.com\/en\/wp-json\/wp\/v2\/types\/product"}],"replies":[{"embeddable":true,"href":"https:\/\/alexandra-s.com\/en\/wp-json\/wp\/v2\/comments?post=13923"}],"wp:featuredmedia":[{"embeddable":true,"href":"https:\/\/alexandra-s.com\/en\/wp-json\/wp\/v2\/media\/13926"}],"wp:attachment":[{"href":"https:\/\/alexandra-s.com\/en\/wp-json\/wp\/v2\/media?parent=13923"}],"wp:term":[{"taxonomy":"product_cat","embeddable":true,"href":"https:\/\/alexandra-s.com\/en\/wp-json\/wp\/v2\/product_cat?post=13923"},{"taxonomy":"product_tag","embeddable":true,"href":"https:\/\/alexandra-s.com\/en\/wp-json\/wp\/v2\/product_tag?post=13923"}],"curies":[{"name":"wp","href":"https:\/\/api.w.org\/{rel}","templated":true}]}}