{"id":13942,"date":"2020-06-25T10:43:40","date_gmt":"2020-06-25T08:43:40","guid":{"rendered":"https:\/\/alexandra-s.com\/?post_type=product&#038;p=13942"},"modified":"2020-06-25T10:46:20","modified_gmt":"2020-06-25T08:46:20","slug":"pavlo-piven-universitatea-din-cernauti","status":"publish","type":"product","link":"https:\/\/alexandra-s.com\/en\/magazin\/pictura\/pavlo-piven-universitatea-din-cernauti\/","title":{"rendered":"Pavlo Piven \u2013 \u201cUniversity of Chernivtsi\u201d"},"content":{"rendered":"<p>All works sold by Alexandra&#039;s Gallery reach the customer accompanied by a certificate of authenticity. You can also buy this work in installments, so we invite you to use the simulator below. For any other information we are at your disposal at office@alexandra-s.com.<\/p>\n<p>Pavlo Piven was born in the Chernivtsi region, Ukraine.<\/p>","protected":false},"excerpt":{"rendered":"<p>Toate lucr\u0103rile v\u00e2ndute de Galeria Alexandra&#8217;s ajung la client \u00eenso\u021bite de certificat de autenticitate. Pute\u021bi cump\u0103ra aceast\u0103 lucrare \u0219i \u00een rate, astfel \u00eenc\u00e2t va invit\u0103m s\u0103 folosi\u021bi simulatorul al\u0103turat. Pentru orice alte informa\u021bii va st\u0103m la dispozi\u021bie la office@alexandra-s.com. Pavlo Piven s-a nascut\u00a0 in regiunea Cernau\u0163i, Ucraina.<\/p>","protected":false},"featured_media":13943,"comment_status":"open","ping_status":"closed","template":"","meta":{"_et_pb_use_builder":"","_et_pb_old_content":"","_et_gb_content_width":""},"product_cat":[1617],"product_tag":[34,218,222,36,37,39,2221,2264,2261,163,107,2263,300,227,2262],"_links":{"self":[{"href":"https:\/\/alexandra-s.com\/en\/wp-json\/wp\/v2\/product\/13942"}],"collection":[{"href":"https:\/\/alexandra-s.com\/en\/wp-json\/wp\/v2\/product"}],"about":[{"href":"https:\/\/alexandra-s.com\/en\/wp-json\/wp\/v2\/types\/product"}],"replies":[{"embeddable":true,"href":"https:\/\/alexandra-s.com\/en\/wp-json\/wp\/v2\/comments?post=13942"}],"wp:featuredmedia":[{"embeddable":true,"href":"https:\/\/alexandra-s.com\/en\/wp-json\/wp\/v2\/media\/13943"}],"wp:attachment":[{"href":"https:\/\/alexandra-s.com\/en\/wp-json\/wp\/v2\/media?parent=13942"}],"wp:term":[{"taxonomy":"product_cat","embeddable":true,"href":"https:\/\/alexandra-s.com\/en\/wp-json\/wp\/v2\/product_cat?post=13942"},{"taxonomy":"product_tag","embeddable":true,"href":"https:\/\/alexandra-s.com\/en\/wp-json\/wp\/v2\/product_tag?post=13942"}],"curies":[{"name":"wp","href":"https:\/\/api.w.org\/{rel}","templated":true}]}}