{"id":13962,"date":"2020-06-25T11:56:59","date_gmt":"2020-06-25T09:56:59","guid":{"rendered":"https:\/\/alexandra-s.com\/?post_type=product&#038;p=13962"},"modified":"2020-06-30T09:49:43","modified_gmt":"2020-06-30T07:49:43","slug":"anatol-vulpe-1907-1946-citadin","status":"publish","type":"product","link":"https:\/\/alexandra-s.com\/en\/magazin\/pictura\/anatol-vulpe-1907-1946-citadin\/","title":{"rendered":"Anatol Vulpe (1907 - 1946) - Citadin"},"content":{"rendered":"<p>Anatol Vulpe distinguished himself especially as a painter of urban views, landscapes, static natures, portraits and nudes of women. His work is still known in fragments, but given the presence of his works on the art market in recent years, we can see that he left interesting pieces with a rich and expressive color. The concealment of the biography and work of this gifted painter-bohemian is largely due to his tragic end, which occurred on the night of April 5 to 6, <a title=\"1946\" href=\"https:\/\/ro.wikipedia.org\/wiki\/1946\">1946<\/a>, when Anatol Vulpe was shot with 15 bullets, of different calibers. At the same time, his girlfriend, Elena Bogdan, was found 800 m away, also shot, in Mo\u0219oiu Park in <a title=\"Bucharest\" href=\"https:\/\/ro.wikipedia.org\/wiki\/Bucure%C8%99ti\">Bucharest<\/a>.<\/p>\n<p>The tragic event was largely reconstructed by the historian <a title=\"Mihai Pelin\" href=\"https:\/\/ro.wikipedia.org\/wiki\/Mihai_Pelin\">Mihai Pelin<\/a>, and this <i>Case Study<\/i> it is essentially due to the return of Vulpe&#039;s work to the attention of specialists and art collectors. Pelin&#039;s book <i>The Decade of Collapses (1940-1950): the lives of Romanian painters, sculptors and architects between legionaries and Stalinists<\/i> (Compania publishing house, Bucharest, 2005), and especially the study <i>The assassination of the painter Anatol Vulpe<\/i><sup id=\"cite_ref-pelin_1-0\" class=\"reference\"><\/sup>, is essential for the re-evaluation of that era.<\/p>\n<p>Pelin believes that Vulpe was assassinated for political reasons by the Soviets due to a malicious rumor that Vulpe was a descendant of <a class=\"mw-redirect\" title=\"Romanov\" href=\"https:\/\/ro.wikipedia.org\/wiki\/Romanov\">Romanov<\/a>, which Pelin considers false based on the painter&#039;s birth certificate.<sup id=\"cite_ref-pelin_1-1\" class=\"reference\"><\/sup><\/p>","protected":false},"excerpt":{"rendered":"<p>Anatol Vulpe s-a remarcat \u00eendeosebi ca un pictor de vedute urbane, peisaje, naturi statice, portrete \u0219i nuduri de femei. Opera i se cunoa\u0219te \u00eenc\u0103 fragmentar, dar \u021bin\u00eend cont de prezen\u021ba lucr\u0103rilor sale pe pia\u021ba de art\u0103 a ultimilor ani, ne putem da seama c\u0103 a l\u0103sat piese interesante, cu un colorit bogat \u0219i expresiv. Ocultarea [&hellip;]<\/p>","protected":false},"featured_media":13963,"comment_status":"open","ping_status":"closed","template":"","meta":{"_et_pb_use_builder":"","_et_pb_old_content":"","_et_gb_content_width":""},"product_cat":[1617],"product_tag":[],"_links":{"self":[{"href":"https:\/\/alexandra-s.com\/en\/wp-json\/wp\/v2\/product\/13962"}],"collection":[{"href":"https:\/\/alexandra-s.com\/en\/wp-json\/wp\/v2\/product"}],"about":[{"href":"https:\/\/alexandra-s.com\/en\/wp-json\/wp\/v2\/types\/product"}],"replies":[{"embeddable":true,"href":"https:\/\/alexandra-s.com\/en\/wp-json\/wp\/v2\/comments?post=13962"}],"wp:featuredmedia":[{"embeddable":true,"href":"https:\/\/alexandra-s.com\/en\/wp-json\/wp\/v2\/media\/13963"}],"wp:attachment":[{"href":"https:\/\/alexandra-s.com\/en\/wp-json\/wp\/v2\/media?parent=13962"}],"wp:term":[{"taxonomy":"product_cat","embeddable":true,"href":"https:\/\/alexandra-s.com\/en\/wp-json\/wp\/v2\/product_cat?post=13962"},{"taxonomy":"product_tag","embeddable":true,"href":"https:\/\/alexandra-s.com\/en\/wp-json\/wp\/v2\/product_tag?post=13962"}],"curies":[{"name":"wp","href":"https:\/\/api.w.org\/{rel}","templated":true}]}}