{"id":13964,"date":"2020-06-25T11:58:17","date_gmt":"2020-06-25T09:58:17","guid":{"rendered":"https:\/\/alexandra-s.com\/?post_type=product&#038;p=13964"},"modified":"2023-11-29T10:27:45","modified_gmt":"2023-11-29T08:27:45","slug":"ion-popescu-negreni-1907-2001-peisaj-cu-case","status":"publish","type":"product","link":"https:\/\/alexandra-s.com\/en\/magazin\/pictura\/ion-popescu-negreni-1907-2001-peisaj-cu-case\/","title":{"rendered":"Ion Popescu Negreni (1907 - 2001) - Landscape with houses"},"content":{"rendered":"<p>For Ion Popescu-Negreni, reality remains, non-dogmatically, an inexhaustible model not so much \u201csubjects\u201d, nor as data that exhausts in the authority of his perceptive message the relationship with the creative \/ performer subject, but of forms, of chromatic confrontations \/ harmonizations between the great chromatic masses and the linear discourse. As with most artists for whom reality is halfway between model and pretext, he does not focus on the conceptual aspect of approaching reality and, even less so, on the ideological aspects of reference, being in a state of maximum freedom. in his workshop, in which the plain-air exercise introduces useful information rather to stimulate a purely pictorial imaginary, far from the substitutive, fictional functions subsumed by a symbolic regime. &quot; (Alexandra Titu).<\/p>\n<h2><span id=\"Pagini_de_jurnal\" class=\"mw-headline\">\u00a0<\/span><\/h2>","protected":false},"excerpt":{"rendered":"<p>\u201e Pentru Ion Popescu-Negreni, realitatea r\u0103m\u00e2ne, \u00een mod nedogmatic, un model inepuizabil nu at\u00e2t de \u00absubiecte\u00bb, nici ca dat ce epuizeaz\u0103 \u00een autoritatea mesajului s\u0103u perceptiv rela\u021bia cu subiectul creator\/interpret, ci de forme, de raporturi cromatice, de confrunt\u0103ri\/armoniz\u0103ri dintre marile mase cromatice \u0219i discursul linear. Ca la majoritatea arti\u0219tilor pentru care realitatea se situeaz\u0103 la [&hellip;]<\/p>","protected":false},"featured_media":13965,"comment_status":"open","ping_status":"closed","template":"","meta":{"_et_pb_use_builder":"","_et_pb_old_content":"","_et_gb_content_width":""},"product_cat":[1617],"product_tag":[],"_links":{"self":[{"href":"https:\/\/alexandra-s.com\/en\/wp-json\/wp\/v2\/product\/13964"}],"collection":[{"href":"https:\/\/alexandra-s.com\/en\/wp-json\/wp\/v2\/product"}],"about":[{"href":"https:\/\/alexandra-s.com\/en\/wp-json\/wp\/v2\/types\/product"}],"replies":[{"embeddable":true,"href":"https:\/\/alexandra-s.com\/en\/wp-json\/wp\/v2\/comments?post=13964"}],"wp:featuredmedia":[{"embeddable":true,"href":"https:\/\/alexandra-s.com\/en\/wp-json\/wp\/v2\/media\/13965"}],"wp:attachment":[{"href":"https:\/\/alexandra-s.com\/en\/wp-json\/wp\/v2\/media?parent=13964"}],"wp:term":[{"taxonomy":"product_cat","embeddable":true,"href":"https:\/\/alexandra-s.com\/en\/wp-json\/wp\/v2\/product_cat?post=13964"},{"taxonomy":"product_tag","embeddable":true,"href":"https:\/\/alexandra-s.com\/en\/wp-json\/wp\/v2\/product_tag?post=13964"}],"curies":[{"name":"wp","href":"https:\/\/api.w.org\/{rel}","templated":true}]}}