{"id":14284,"date":"2020-07-08T09:45:22","date_gmt":"2020-07-08T07:45:22","guid":{"rendered":"https:\/\/alexandra-s.com\/?post_type=product&#038;p=14284"},"modified":"2020-07-08T09:45:22","modified_gmt":"2020-07-08T07:45:22","slug":"n-a-tablou-batana-in-manastire-scoala-austriaca","status":"publish","type":"product","link":"https:\/\/alexandra-s.com\/en\/magazin\/pictura\/n-a-tablou-batana-in-manastire-scoala-austriaca\/","title":{"rendered":"NA - Painting \u201cB\u0103t\u00e2n\u0103 in the monastery, Austrian school"},"content":{"rendered":"","protected":false},"excerpt":{"rendered":"","protected":false},"featured_media":14285,"comment_status":"open","ping_status":"closed","template":"","meta":{"_et_pb_use_builder":"","_et_pb_old_content":"","_et_gb_content_width":""},"product_cat":[1617],"product_tag":[],"_links":{"self":[{"href":"https:\/\/alexandra-s.com\/en\/wp-json\/wp\/v2\/product\/14284"}],"collection":[{"href":"https:\/\/alexandra-s.com\/en\/wp-json\/wp\/v2\/product"}],"about":[{"href":"https:\/\/alexandra-s.com\/en\/wp-json\/wp\/v2\/types\/product"}],"replies":[{"embeddable":true,"href":"https:\/\/alexandra-s.com\/en\/wp-json\/wp\/v2\/comments?post=14284"}],"wp:featuredmedia":[{"embeddable":true,"href":"https:\/\/alexandra-s.com\/en\/wp-json\/wp\/v2\/media\/14285"}],"wp:attachment":[{"href":"https:\/\/alexandra-s.com\/en\/wp-json\/wp\/v2\/media?parent=14284"}],"wp:term":[{"taxonomy":"product_cat","embeddable":true,"href":"https:\/\/alexandra-s.com\/en\/wp-json\/wp\/v2\/product_cat?post=14284"},{"taxonomy":"product_tag","embeddable":true,"href":"https:\/\/alexandra-s.com\/en\/wp-json\/wp\/v2\/product_tag?post=14284"}],"curies":[{"name":"wp","href":"https:\/\/api.w.org\/{rel}","templated":true}]}}