{"id":14385,"date":"2020-07-10T09:04:51","date_gmt":"2020-07-10T07:04:51","guid":{"rendered":"https:\/\/alexandra-s.com\/?post_type=product&#038;p=14385"},"modified":"2020-07-10T09:04:52","modified_gmt":"2020-07-10T07:04:52","slug":"eugen-craciun-1922-2001-peisaj-industrial","status":"publish","type":"product","link":"https:\/\/alexandra-s.com\/en\/magazin\/pictura\/eugen-craciun-1922-2001-peisaj-industrial\/","title":{"rendered":"Eugen Craciun (1922 -2001) &#8211; &#8222;Peisaj Industrial&#8221;"},"content":{"rendered":"<p>The painter Eugen Cr\u0103ciun was born on February 28, 1922 in Piatra Neam\u0163. Between 1947-1950, he was a student of the Academy of Fine Arts, Ia\u015fi, Painting Section, Class of Professor Corneliu Baba, then, between 1950-1953 - student of the Institute of Fine Arts &quot;Nicolae Grigorescu&quot; Bucharest, Painting department. Teachers: Alexandru Ciucurencu and Octav Anghelu\u0163\u0103. Since 1954, he has been a member of the Union of Visual Artists in Romania. Between 1960-1970, he collaborated with newspapers and magazines with drawings and reproductions and illustrated books: 1961 - Ioan Slavici, &quot;Mara&quot;; 1966 - Oscar Paulini, \u201cMein hund Hasso\u201d; 1968 - Dumitru Popovici, \u201cEminescu&#039;s Poetry\u201d - 2 vols .; 1970 - The popular ballad &quot;Badiul&quot;. The painter had numerous personal exhibitions. It was written about the artist&#039;s activity in the albums: &quot;Fine Arts in Romania after August 23, 1944&quot;; \u201cFine Arts in the RPR\u201d December 30, 1947 - December 30, 1957, \u201cRomanian Painting in 1111 Reproductions\u201d, 1970; \u201cRomanian Painting\u201d, 1970; \u201cRomanian painting in images\u201d, 1976; \u201cDictionary of Contemporary Romanian Artists\u201d, 1976; \u201cModern and Contemporary Romanian Art\u201d, 1982; \u201cEncyclopedia of contemporary Romanian artists\u201d, vol. I, 1996, \u201cNotable people from Neam\u0163 county\u201d, 2003<\/p>","protected":false},"excerpt":{"rendered":"<p>Pictorul Eugen Cr\u0103ciun s-a n\u0103scut la 28 februarie 1922 \u00een Piatra Neam\u0163. \u00centre anii 1947-1950, a fost student al Academiei de Arte Frumoase, Ia\u015fi, Sec\u0163ia pictur\u0103, Clasa profesorului Corneliu Baba, apoi, \u00eentre 1950-1953 \u2013 student al Institutului de Arte Plastice \u201cNicolae Grigorescu\u201d Bucure\u015fti, sec\u0163ia Pictur\u0103. Profesori: Alexandru Ciucurencu \u015fi Octav Anghelu\u0163\u0103. Din anul 1954, este [&hellip;]<\/p>","protected":false},"featured_media":14386,"comment_status":"open","ping_status":"closed","template":"","meta":{"_et_pb_use_builder":"","_et_pb_old_content":"","_et_gb_content_width":""},"product_cat":[1617],"product_tag":[],"_links":{"self":[{"href":"https:\/\/alexandra-s.com\/en\/wp-json\/wp\/v2\/product\/14385"}],"collection":[{"href":"https:\/\/alexandra-s.com\/en\/wp-json\/wp\/v2\/product"}],"about":[{"href":"https:\/\/alexandra-s.com\/en\/wp-json\/wp\/v2\/types\/product"}],"replies":[{"embeddable":true,"href":"https:\/\/alexandra-s.com\/en\/wp-json\/wp\/v2\/comments?post=14385"}],"wp:featuredmedia":[{"embeddable":true,"href":"https:\/\/alexandra-s.com\/en\/wp-json\/wp\/v2\/media\/14386"}],"wp:attachment":[{"href":"https:\/\/alexandra-s.com\/en\/wp-json\/wp\/v2\/media?parent=14385"}],"wp:term":[{"taxonomy":"product_cat","embeddable":true,"href":"https:\/\/alexandra-s.com\/en\/wp-json\/wp\/v2\/product_cat?post=14385"},{"taxonomy":"product_tag","embeddable":true,"href":"https:\/\/alexandra-s.com\/en\/wp-json\/wp\/v2\/product_tag?post=14385"}],"curies":[{"name":"wp","href":"https:\/\/api.w.org\/{rel}","templated":true}]}}