{"id":14556,"date":"2020-07-16T11:29:00","date_gmt":"2020-07-16T09:29:00","guid":{"rendered":"https:\/\/alexandra-s.com\/?post_type=product&#038;p=14556"},"modified":"2022-11-15T14:16:06","modified_gmt":"2022-11-15T12:16:06","slug":"gino-stefan-1957-2019-vis-neimplinit","status":"publish","type":"product","link":"https:\/\/alexandra-s.com\/en\/magazin\/pictura\/gino-stefan-1957-2019-vis-neimplinit\/","title":{"rendered":"Gino Stefan (1957 &#8211; 2019) &#8211; &#8222;Vis neimplinit&#8221;"},"content":{"rendered":"<p>Gino \u0218tefan is unique in the Romanian Postmodernism of the third millennium, through the perfect symbiosis in which the gloomy, the grotesque, the sickly, the ugly are shown. Gino Stefan&#039;s paintings are presented to us in one of the most beautiful angelic lights, as a replica given to Cain Soutine or Rouault, presented in a setting and a light similar to those of Michelangelo, Botticeli, or Fra Angelico.<\/p>\n<p><img loading=\"lazy\" decoding=\"async\" class=\"size-medium wp-image-9779\" src=\"http:\/\/www.alexandra-s.com\/wp-content\/uploads\/2018\/10\/gino1-257x300.jpg\" alt=\"\" width=\"257\" height=\"300\" \/><\/p>","protected":false},"excerpt":{"rendered":"<p>Gino \u0218tefan este unic \u00een Postmodernismul rom\u00e2nesc al mileniului III, prin simbioza perfect\u0103 \u00een care sumbrul, grotescul, maladivul, uratul se arat\u0103. Picturile lui Gino Stefan ne sunt\u00a0prezentate \u00eentr-una dintre cele mai frumoase lumini angelice, ca o replic\u0103 dat\u0103 lui Cain Soutine sau Rouault, prezentat\u0103 \u00eentr-un decor \u0219i o lumina aidoma celor de Michelangelo, Botticeli, sau [&hellip;]<\/p>","protected":false},"featured_media":14557,"comment_status":"open","ping_status":"closed","template":"","meta":{"_et_pb_use_builder":"","_et_pb_old_content":"","_et_gb_content_width":""},"product_cat":[1617],"product_tag":[],"_links":{"self":[{"href":"https:\/\/alexandra-s.com\/en\/wp-json\/wp\/v2\/product\/14556"}],"collection":[{"href":"https:\/\/alexandra-s.com\/en\/wp-json\/wp\/v2\/product"}],"about":[{"href":"https:\/\/alexandra-s.com\/en\/wp-json\/wp\/v2\/types\/product"}],"replies":[{"embeddable":true,"href":"https:\/\/alexandra-s.com\/en\/wp-json\/wp\/v2\/comments?post=14556"}],"wp:featuredmedia":[{"embeddable":true,"href":"https:\/\/alexandra-s.com\/en\/wp-json\/wp\/v2\/media\/14557"}],"wp:attachment":[{"href":"https:\/\/alexandra-s.com\/en\/wp-json\/wp\/v2\/media?parent=14556"}],"wp:term":[{"taxonomy":"product_cat","embeddable":true,"href":"https:\/\/alexandra-s.com\/en\/wp-json\/wp\/v2\/product_cat?post=14556"},{"taxonomy":"product_tag","embeddable":true,"href":"https:\/\/alexandra-s.com\/en\/wp-json\/wp\/v2\/product_tag?post=14556"}],"curies":[{"name":"wp","href":"https:\/\/api.w.org\/{rel}","templated":true}]}}