{"id":14648,"date":"2020-07-21T08:56:46","date_gmt":"2020-07-21T06:56:46","guid":{"rendered":"https:\/\/alexandra-s.com\/?post_type=product&#038;p=14648"},"modified":"2025-11-11T10:13:42","modified_gmt":"2025-11-11T08:13:42","slug":"asimionese-petru-cantareata","status":"publish","type":"product","link":"https:\/\/alexandra-s.com\/en\/magazin\/pictura\/asimionese-petru-cantareata\/","title":{"rendered":"Asimionese Petru \u2013 &quot;The Singer&quot;"},"content":{"rendered":"<p>All works sold by Alexandra&#039;s Gallery reach the customer accompanied by a certificate of authenticity. You can also buy this work in installments, so we invite you to use the simulator below. For any other information we are at your disposal at office@alexandra-s.com.<\/p>\n<p>Petru Asimionese was born in 1968 in the Chernivtsi region of Ukraine. He graduated from the Republican College of Fine Arts in Chisinau, Republic of Moldova, but also the Academy of Visual Arts in Cluj-Napoca. Since 2004 he has been a Member of the Union of Visual Artists in Romania. He exhibited in Bucharest, Cluj-Napoca, Chisinau, Satu-Mare, Piatra-Neamt and participated in art camps in Medgidia, Calimanesti, Ordino, Sucevita, Sighisoara, Byala, Lesu, Putna and Rasnov.<\/p>","protected":false},"excerpt":{"rendered":"<p>Toate lucr\u0103rile v\u00e2ndute de Galeria Alexandra&#8217;s ajung la client \u00eenso\u021bite de certificat de autenticitate. Pute\u021bi cump\u0103ra aceast\u0103 lucrare \u0219i \u00een rate, astfel \u00eenc\u00e2t va invit\u0103m s\u0103 folosi\u021bi simulatorul al\u0103turat. Pentru orice alte informa\u021bii va st\u0103m la dispozi\u021bie la office@alexandra-s.com. Petru Asimionese s-a nascut in 1968 in regiunea Cernau\u0163i, Ucraina. A terminat Colegiul Republican de Arte [&hellip;]<\/p>","protected":false},"featured_media":14649,"comment_status":"open","ping_status":"closed","template":"","meta":{"_et_pb_use_builder":"","_et_pb_old_content":"","_et_gb_content_width":""},"product_cat":[1617],"product_tag":[34,218,222,36,37,39,2221,2264,2261,163,107,2263,300,227,2262],"_links":{"self":[{"href":"https:\/\/alexandra-s.com\/en\/wp-json\/wp\/v2\/product\/14648"}],"collection":[{"href":"https:\/\/alexandra-s.com\/en\/wp-json\/wp\/v2\/product"}],"about":[{"href":"https:\/\/alexandra-s.com\/en\/wp-json\/wp\/v2\/types\/product"}],"replies":[{"embeddable":true,"href":"https:\/\/alexandra-s.com\/en\/wp-json\/wp\/v2\/comments?post=14648"}],"wp:featuredmedia":[{"embeddable":true,"href":"https:\/\/alexandra-s.com\/en\/wp-json\/wp\/v2\/media\/14649"}],"wp:attachment":[{"href":"https:\/\/alexandra-s.com\/en\/wp-json\/wp\/v2\/media?parent=14648"}],"wp:term":[{"taxonomy":"product_cat","embeddable":true,"href":"https:\/\/alexandra-s.com\/en\/wp-json\/wp\/v2\/product_cat?post=14648"},{"taxonomy":"product_tag","embeddable":true,"href":"https:\/\/alexandra-s.com\/en\/wp-json\/wp\/v2\/product_tag?post=14648"}],"curies":[{"name":"wp","href":"https:\/\/api.w.org\/{rel}","templated":true}]}}