{"id":15072,"date":"2021-09-01T08:50:58","date_gmt":"2021-09-01T06:50:58","guid":{"rendered":"https:\/\/alexandra-s.com\/?post_type=product&#038;p=15072"},"modified":"2021-09-01T08:52:19","modified_gmt":"2021-09-01T06:52:19","slug":"dimitri-murahovschi-predeal","status":"publish","type":"product","link":"https:\/\/alexandra-s.com\/en\/magazin\/pictura\/dimitri-murahovschi-predeal\/","title":{"rendered":"Dimitri Murahovschi &#8211; &#8222;Predeal&#8221;"},"content":{"rendered":"<p>All works sold by Alexandra&#039;s Gallery reach the customer accompanied by a certificate of authenticity. You can also buy this work in installments, so we invite you to use the simulator below. For any other information we are at your disposal at office@alexandra-s.com.<\/p>\n<p>Dimitri is a complete artist. He paints abysmally, makes exceptional portraits and excels in caricatures. His works captivate you, and his fantastic characters seem to come out of the frame and address you.<\/p>","protected":false},"excerpt":{"rendered":"<p>Toate lucr\u0103rile v\u00e2ndute de Galeria Alexandra\u2019s ajung la client \u00eenso\u021bite de certificat de autenticitate. Pute\u021bi cump\u0103ra aceast\u0103 lucrare \u0219i \u00een rate, astfel \u00eenc\u00e2t va invit\u0103m s\u0103 folosi\u021bi simulatorul al\u0103turat. Pentru orice alte informa\u021bii va st\u0103m la dispozi\u021bie la office@alexandra-s.com. Dimitri e un artist complet. Picteaz\u0103 abisal, face portrete excep\u021bionale \u0219i exceleaz\u0103 \u00een caricaturi. Lucr\u0103rile lui [&hellip;]<\/p>","protected":false},"featured_media":15073,"comment_status":"open","ping_status":"closed","template":"","meta":{"_et_pb_use_builder":"","_et_pb_old_content":"","_et_gb_content_width":""},"product_cat":[1617],"product_tag":[218,36,37,234,39,1528,2221,2264,2261,163,107,2263,300,2262],"_links":{"self":[{"href":"https:\/\/alexandra-s.com\/en\/wp-json\/wp\/v2\/product\/15072"}],"collection":[{"href":"https:\/\/alexandra-s.com\/en\/wp-json\/wp\/v2\/product"}],"about":[{"href":"https:\/\/alexandra-s.com\/en\/wp-json\/wp\/v2\/types\/product"}],"replies":[{"embeddable":true,"href":"https:\/\/alexandra-s.com\/en\/wp-json\/wp\/v2\/comments?post=15072"}],"wp:featuredmedia":[{"embeddable":true,"href":"https:\/\/alexandra-s.com\/en\/wp-json\/wp\/v2\/media\/15073"}],"wp:attachment":[{"href":"https:\/\/alexandra-s.com\/en\/wp-json\/wp\/v2\/media?parent=15072"}],"wp:term":[{"taxonomy":"product_cat","embeddable":true,"href":"https:\/\/alexandra-s.com\/en\/wp-json\/wp\/v2\/product_cat?post=15072"},{"taxonomy":"product_tag","embeddable":true,"href":"https:\/\/alexandra-s.com\/en\/wp-json\/wp\/v2\/product_tag?post=15072"}],"curies":[{"name":"wp","href":"https:\/\/api.w.org\/{rel}","templated":true}]}}