{"id":15111,"date":"2021-09-02T11:18:42","date_gmt":"2021-09-02T09:18:42","guid":{"rendered":"https:\/\/alexandra-s.com\/?post_type=product&#038;p=15111"},"modified":"2021-09-02T11:21:36","modified_gmt":"2021-09-02T09:21:36","slug":"stefan-potop-argint","status":"publish","type":"product","link":"https:\/\/alexandra-s.com\/en\/magazin\/pictura\/stefan-potop-argint\/","title":{"rendered":"Stefan Potop &#8211; &#8222;Argint&#8221;"},"content":{"rendered":"<p>The painter \u0218tefan Potop was born in Tazl\u0103u, Neam\u021b County, in 1960. He attended the Art High School in Bac\u0103u and the Faculty of Fine Arts &quot;George Enescu&quot; in Ia\u0219i, class of 1987, with a bachelor&#039;s degree in Fine Arts, painting, restoration. He is a teacher at the &quot;Victor Brauner&quot; Art High School in Piatra Neam\u021b and president of the Neam\u021b Branch of the Union of Visual Artists in Romania. His works have been the subject of personal and group exhibitions, in the country and abroad: Piatra Neam\u021b, Ia\u0219i, Bac\u0103u, Bucharest, Chisinau, Venice, Prague or Brussels.<\/p>\n<p>\u201eAlmost the entire artistic career of \u0218tefan Potop, a renowned German painter, at the full maturity of his creative resources, is focused on the most accurate and subtle understanding of the particularities and expressive values of the human figure. A long essay exercise in the rehabilitation of a genre and an artistic practice that made an era in universal painting everywhere and at all times - the art of portraiture &quot;, says the art critic Corneliu Antim.<\/p>","protected":false},"excerpt":{"rendered":"<p>Pictorul \u0218tefan Potop s-a n\u0103scut la Tazl\u0103u, jude\u021bul Neam\u021b, \u00een 1960. A urmat Liceul de Art\u0103 din Bac\u0103u \u0219i Facultatea de Arte Plastice \u201eGeorge Enescu\u201d din Ia\u0219i, promo\u021bia 1987, cu diploma de licen\u021b\u0103 \u00een profilul Arte Plastice, specializarea pictur\u0103, restaurare. Este profesor la Liceul de Art\u0103 \u201eVictor Brauner\u201d din Piatra Neam\u021b \u0219i pre\u0219edinte al Filialei [&hellip;]<\/p>","protected":false},"featured_media":15112,"comment_status":"open","ping_status":"closed","template":"","meta":{"_et_pb_use_builder":"","_et_pb_old_content":"","_et_gb_content_width":""},"product_cat":[1617],"product_tag":[],"_links":{"self":[{"href":"https:\/\/alexandra-s.com\/en\/wp-json\/wp\/v2\/product\/15111"}],"collection":[{"href":"https:\/\/alexandra-s.com\/en\/wp-json\/wp\/v2\/product"}],"about":[{"href":"https:\/\/alexandra-s.com\/en\/wp-json\/wp\/v2\/types\/product"}],"replies":[{"embeddable":true,"href":"https:\/\/alexandra-s.com\/en\/wp-json\/wp\/v2\/comments?post=15111"}],"wp:featuredmedia":[{"embeddable":true,"href":"https:\/\/alexandra-s.com\/en\/wp-json\/wp\/v2\/media\/15112"}],"wp:attachment":[{"href":"https:\/\/alexandra-s.com\/en\/wp-json\/wp\/v2\/media?parent=15111"}],"wp:term":[{"taxonomy":"product_cat","embeddable":true,"href":"https:\/\/alexandra-s.com\/en\/wp-json\/wp\/v2\/product_cat?post=15111"},{"taxonomy":"product_tag","embeddable":true,"href":"https:\/\/alexandra-s.com\/en\/wp-json\/wp\/v2\/product_tag?post=15111"}],"curies":[{"name":"wp","href":"https:\/\/api.w.org\/{rel}","templated":true}]}}