{"id":6927,"date":"2016-11-29T01:43:34","date_gmt":"2016-11-29T01:43:34","guid":{"rendered":"http:\/\/www.thenew.alexandra-s.com\/wp\/?post_type=product&#038;p=6927"},"modified":"2020-02-04T19:34:31","modified_gmt":"2020-02-04T17:34:31","slug":"set-ceai-cafea-alpaca","status":"publish","type":"product","link":"https:\/\/alexandra-s.com\/en\/magazin\/arte-decorative\/set-ceai-cafea-alpaca\/","title":{"rendered":"Alpaca tea \/ coffee set"},"content":{"rendered":"<p><strong>All works sold by Alexandra&#039;s Gallery reach the customer accompanied by a certificate of authenticity. You can also buy this work in installments, so we invite you to use the simulator below. For any other information we are at your disposal at office@alexandra-s.com. <\/strong><\/p>\n<p><strong>Superb set of alpaca, consisting of three pieces, for tea or coffee, perfect for decorating a house, but also worthy of any collection.\u00a0<\/strong><\/p>\n<p><em>Alpaca este un aliaj maleabil, vechi de mii de ani, cu un punct de topire cobor\u00e2t. Era format din cupru, antimoniu, bismut \u0219i plumb, dar c\u00e2nd s-a descoperit c\u0103 plumbul d\u0103 intoxica\u021bii severe, a fost scos din aceast\u0103 compozi\u021bie. Dup\u0103 secolul 17, \u00een nou\u0103 re\u021beta,\u00a0\u00a0alpaca con\u021bine doar staniu, stibiu \u0219i cupru \u0219i seam\u0103n\u0103 foarte mult cu &#8222;argintul tibetan&#8221;, o alpaca care con\u021binea \u0219i argint.\u00a0<\/em><\/p>","protected":false},"excerpt":{"rendered":"<p>Toate lucr\u0103rile v\u00e2ndute de Galeria Alexandra&#8217;s ajung la client \u00eenso\u021bite de certificat de autenticitate. Pute\u021bi cump\u0103ra aceast\u0103 lucrare \u0219i \u00een rate, astfel \u00eenc\u00e2t va invit\u0103m s\u0103 folosi\u021bi simulatorul al\u0103turat. Pentru orice alte informa\u021bii va st\u0103m la dispozi\u021bie la office@alexandra-s.com. Superb set de alpaca, format din trei piese, pentru ceai sau cafea, perfect pentru decorarea unui [&hellip;]<\/p>","protected":false},"featured_media":8387,"comment_status":"closed","ping_status":"closed","template":"","meta":{"_et_pb_use_builder":"","_et_pb_old_content":"","_et_gb_content_width":""},"product_cat":[17],"product_tag":[34,65,66,36,67,68,37,39,69,70],"_links":{"self":[{"href":"https:\/\/alexandra-s.com\/en\/wp-json\/wp\/v2\/product\/6927"}],"collection":[{"href":"https:\/\/alexandra-s.com\/en\/wp-json\/wp\/v2\/product"}],"about":[{"href":"https:\/\/alexandra-s.com\/en\/wp-json\/wp\/v2\/types\/product"}],"replies":[{"embeddable":true,"href":"https:\/\/alexandra-s.com\/en\/wp-json\/wp\/v2\/comments?post=6927"}],"wp:featuredmedia":[{"embeddable":true,"href":"https:\/\/alexandra-s.com\/en\/wp-json\/wp\/v2\/media\/8387"}],"wp:attachment":[{"href":"https:\/\/alexandra-s.com\/en\/wp-json\/wp\/v2\/media?parent=6927"}],"wp:term":[{"taxonomy":"product_cat","embeddable":true,"href":"https:\/\/alexandra-s.com\/en\/wp-json\/wp\/v2\/product_cat?post=6927"},{"taxonomy":"product_tag","embeddable":true,"href":"https:\/\/alexandra-s.com\/en\/wp-json\/wp\/v2\/product_tag?post=6927"}],"curies":[{"name":"wp","href":"https:\/\/api.w.org\/{rel}","templated":true}]}}