{"id":6953,"date":"2016-11-29T20:20:03","date_gmt":"2016-11-29T20:20:03","guid":{"rendered":"http:\/\/www.thenew.alexandra-s.com\/wp\/?post_type=product&#038;p=6953"},"modified":"2020-02-04T19:34:51","modified_gmt":"2020-02-04T17:34:51","slug":"halba-de-bere-din-alpaca","status":"publish","type":"product","link":"https:\/\/alexandra-s.com\/en\/magazin\/arte-decorative\/halba-de-bere-din-alpaca\/","title":{"rendered":"Alpaca beer mug"},"content":{"rendered":"<p><strong>All works sold by Alexandra&#039;s Gallery reach the customer accompanied by a certificate of authenticity. You can also buy this work in installments, so we invite you to use the simulator below. For any other information we are at your disposal at office@alexandra-s.com. <\/strong><\/p>\n<p><strong>Are you going to the birthday of a friend who is passionate about beer, but also about the good taste of the past? Make her birthday more beautiful, with this pint of alpaca beer, with hunting scenes!\u00a0<\/strong><\/p>\n<p><em>Beer has been consumed, according to discoveries in western Iran, for over 3,500 years. The Persians drink it from large, spherical clay vessels, covered with ceramic tiles with a hole in the middle. Drink with a straw through this hole, because large amounts of sediment were deposited on the bottom of the vessel. It was consumed as food because it did not contain a large amount of alcohol. But it was very nourishing. <\/em><em>In the Middle Ages, when Catholic monks realized that beer is a perfect food for Lent, each monastery specialized in producing a beer with a certain flavor. At the end of the 17th century, the allowance for pupils in England consisted of two bottles a day because it was much safer and better in taste than the drinking water available, and the mug, as we know it today, was already a commonplace container. Benjamin Franklin noted that in a printing house in London that each employee visited, they ate a pint before breakfast, a pint between breakfast and lunch, a pint at noon, a pint at 6 o&#039;clock, and a pint when they finished work. .\u00a0<\/em><\/p>\n<p><em>Alpaca este un aliaj maleabil, vechi de mii de ani, cu un punct de topire coborat. Era format din cupru, antimoniu, bismut si plumb, dar cand s-a descoperit ca plumbul da intoxicatii severe, a fost scos din aceasta compozitie. Dupa secolul 17, in noua reteta,\u00a0\u00a0alpaca contine doar staniu, stibiu\u00a0si cupru si seamana foarte mult cu\u00a0&#8222;argintul tibetan&#8221;, o alpaca care continea si argint.\u00a0<\/em><\/p>","protected":false},"excerpt":{"rendered":"<p>Toate lucr\u0103rile v\u00e2ndute de Galeria Alexandra&#8217;s ajung la client \u00eenso\u021bite de certificat de autenticitate. Pute\u021bi cump\u0103ra aceast\u0103 lucrare \u0219i \u00een rate, astfel \u00eenc\u00e2t va invit\u0103m s\u0103 folosi\u021bi simulatorul al\u0103turat. Pentru orice alte informa\u021bii va st\u0103m la dispozi\u021bie la office@alexandra-s.com. Te duci la ziua unui prieten pasionat de bere, dar si de bunul gust al vremurilor [&hellip;]<\/p>","protected":false},"featured_media":8386,"comment_status":"closed","ping_status":"closed","template":"","meta":{"_et_pb_use_builder":"","_et_pb_old_content":"","_et_gb_content_width":""},"product_cat":[17],"product_tag":[34,65,71,36,37,39,72,73],"_links":{"self":[{"href":"https:\/\/alexandra-s.com\/en\/wp-json\/wp\/v2\/product\/6953"}],"collection":[{"href":"https:\/\/alexandra-s.com\/en\/wp-json\/wp\/v2\/product"}],"about":[{"href":"https:\/\/alexandra-s.com\/en\/wp-json\/wp\/v2\/types\/product"}],"replies":[{"embeddable":true,"href":"https:\/\/alexandra-s.com\/en\/wp-json\/wp\/v2\/comments?post=6953"}],"wp:featuredmedia":[{"embeddable":true,"href":"https:\/\/alexandra-s.com\/en\/wp-json\/wp\/v2\/media\/8386"}],"wp:attachment":[{"href":"https:\/\/alexandra-s.com\/en\/wp-json\/wp\/v2\/media?parent=6953"}],"wp:term":[{"taxonomy":"product_cat","embeddable":true,"href":"https:\/\/alexandra-s.com\/en\/wp-json\/wp\/v2\/product_cat?post=6953"},{"taxonomy":"product_tag","embeddable":true,"href":"https:\/\/alexandra-s.com\/en\/wp-json\/wp\/v2\/product_tag?post=6953"}],"curies":[{"name":"wp","href":"https:\/\/api.w.org\/{rel}","templated":true}]}}