{"id":7061,"date":"2016-12-09T16:10:06","date_gmt":"2016-12-09T16:10:06","guid":{"rendered":"http:\/\/www.alexandra-s.com\/?post_type=product&#038;p=7061"},"modified":"2020-02-04T19:36:01","modified_gmt":"2020-02-04T17:36:01","slug":"caseta-tip-poseta-din-argint-si-foita-de-aur","status":"publish","type":"product","link":"https:\/\/alexandra-s.com\/en\/magazin\/arte-decorative\/caseta-tip-poseta-din-argint-si-foita-de-aur\/","title":{"rendered":"Purse box, made of silver and gold foil"},"content":{"rendered":"<p>All works sold by Alexandra&#039;s Gallery reach the customer accompanied by a certificate of authenticity. You can also buy this work in installments, so we invite you to use the simulator below. For any other information we are at your disposal at office@alexandra-s.com.<\/p>\n<p>If you want to keep your medicines safe, handy and stylish, we recommend this <strong>medicine bag in the shape of a purse, made of silver and gold foil inside<\/strong>.<\/p>\n<p>Silver has recognized therapeutic qualities since ancient times. At princely feasts, the drink was served in silver cups. In the boyar houses the water was kept in vessels made of this metal, just like the cutlery. Currently, the best performing water purification plants contain filters and other silver components, for cv silver destroys about 650 viruses and bacteria and eliminates unpleasant odors. A modern application of silver is its use, in various forms, in textile objects. Medicine also uses silver, which also has multiple applications - tools or parts of medical instruments, but also treatments. Here are just a few reasons why we recommend that you purchase this silver medicine box. You can keep your medicines in a safe environment and always at hand. Due to its small size, you can carry it in your pocket or purse. Last but not least, it is more than a useful object, it is an art object.<\/p>","protected":false},"excerpt":{"rendered":"<p>Toate lucr\u0103rile v\u00e2ndute de Galeria Alexandra&#8217;s ajung la client \u00eenso\u021bite de certificat de autenticitate. Pute\u021bi cump\u0103ra aceast\u0103 lucrare \u0219i \u00een rate, astfel \u00eenc\u00e2t va invit\u0103m s\u0103 folosi\u021bi simulatorul al\u0103turat. Pentru orice alte informa\u021bii va st\u0103m la dispozi\u021bie la office@alexandra-s.com. Dac\u0103 dore\u0219ti s\u0103 p\u0103strezi medicamentele \u00een siguran\u021b\u0103, la \u00eendem\u00e2n\u0103 \u0219i cu stil, \u00ee\u021bi recomand\u0103m aceast\u0103 caset\u0103 [&hellip;]<\/p>","protected":false},"featured_media":8380,"comment_status":"closed","ping_status":"closed","template":"","meta":{"_et_pb_use_builder":"","_et_pb_old_content":"","_et_gb_content_width":""},"product_cat":[17],"product_tag":[34,79,36,46,37,39,80,81,82],"_links":{"self":[{"href":"https:\/\/alexandra-s.com\/en\/wp-json\/wp\/v2\/product\/7061"}],"collection":[{"href":"https:\/\/alexandra-s.com\/en\/wp-json\/wp\/v2\/product"}],"about":[{"href":"https:\/\/alexandra-s.com\/en\/wp-json\/wp\/v2\/types\/product"}],"replies":[{"embeddable":true,"href":"https:\/\/alexandra-s.com\/en\/wp-json\/wp\/v2\/comments?post=7061"}],"wp:featuredmedia":[{"embeddable":true,"href":"https:\/\/alexandra-s.com\/en\/wp-json\/wp\/v2\/media\/8380"}],"wp:attachment":[{"href":"https:\/\/alexandra-s.com\/en\/wp-json\/wp\/v2\/media?parent=7061"}],"wp:term":[{"taxonomy":"product_cat","embeddable":true,"href":"https:\/\/alexandra-s.com\/en\/wp-json\/wp\/v2\/product_cat?post=7061"},{"taxonomy":"product_tag","embeddable":true,"href":"https:\/\/alexandra-s.com\/en\/wp-json\/wp\/v2\/product_tag?post=7061"}],"curies":[{"name":"wp","href":"https:\/\/api.w.org\/{rel}","templated":true}]}}