{"id":8094,"date":"2017-05-28T17:24:47","date_gmt":"2017-05-28T17:24:47","guid":{"rendered":"http:\/\/www.alexandra-s.com\/?post_type=product&#038;p=8094"},"modified":"2024-07-02T09:04:06","modified_gmt":"2024-07-02T07:04:06","slug":"virgil-demetrescu-duval-peisaj-din-pelestrina-venetia","status":"publish","type":"product","link":"https:\/\/alexandra-s.com\/en\/magazin\/pictura\/virgil-demetrescu-duval-peisaj-din-pelestrina-venetia\/","title":{"rendered":"Virgil Demetrescu\u00a0Duval &#8211; &#8222;Peisaj din Pelestrina &#8211; Vene\u021bia&#8221;"},"content":{"rendered":"<p><em>All works sold by Alexandra&#039;s Gallery reach the customer accompanied by a certificate of authenticity. You can also buy this work in installments, so we invite you to use the simulator below. For any other information we are at your disposal at office@alexandra-s.com. <\/em><\/p>\n<p><em>Virgil Demetrescu Duval (b. 1930-2005, Romania). An art collector in turn, he is the donor of the oldest ceramic object in the collection of the Museum of the Romanian Peasant (haban guild vessel dated 1632).\u00a0<\/em><em>Pellestrina is an island in northern Italy, forming a barrier between the southern lagoons of Venice and the Adriatic Sea. The island is 11 kilometers long and has four large cities: San Pietro in Volta, Porto Secco, Sant &#039;Antonio di Pellestrina and Pellestrina, known for their brightly colored houses.\u00a0<\/em><\/p>","protected":false},"excerpt":{"rendered":"<p>Toate lucr\u0103rile v\u00e2ndute de Galeria Alexandra&#8217;s ajung la client \u00eenso\u021bite de certificat de autenticitate. Pute\u021bi cump\u0103ra aceast\u0103 lucrare \u0219i \u00een rate, astfel \u00eenc\u00e2t va invit\u0103m s\u0103 folosi\u021bi simulatorul al\u0103turat. Pentru orice alte informa\u021bii va st\u0103m la dispozi\u021bie la office@alexandra-s.com. Virgil Demetrescu Duval (n. 1930-2005, Romania). Colectionar de arta la randul lui, este donatorul celui mai [&hellip;]<\/p>","protected":false},"featured_media":8365,"comment_status":"open","ping_status":"closed","template":"","meta":{"_et_pb_use_builder":"","_et_pb_old_content":"","_et_gb_content_width":""},"product_cat":[1617],"product_tag":[34,86,36,111,112,39,115,116,117,103,118,119,104,120,107,125,128,130],"_links":{"self":[{"href":"https:\/\/alexandra-s.com\/en\/wp-json\/wp\/v2\/product\/8094"}],"collection":[{"href":"https:\/\/alexandra-s.com\/en\/wp-json\/wp\/v2\/product"}],"about":[{"href":"https:\/\/alexandra-s.com\/en\/wp-json\/wp\/v2\/types\/product"}],"replies":[{"embeddable":true,"href":"https:\/\/alexandra-s.com\/en\/wp-json\/wp\/v2\/comments?post=8094"}],"wp:featuredmedia":[{"embeddable":true,"href":"https:\/\/alexandra-s.com\/en\/wp-json\/wp\/v2\/media\/8365"}],"wp:attachment":[{"href":"https:\/\/alexandra-s.com\/en\/wp-json\/wp\/v2\/media?parent=8094"}],"wp:term":[{"taxonomy":"product_cat","embeddable":true,"href":"https:\/\/alexandra-s.com\/en\/wp-json\/wp\/v2\/product_cat?post=8094"},{"taxonomy":"product_tag","embeddable":true,"href":"https:\/\/alexandra-s.com\/en\/wp-json\/wp\/v2\/product_tag?post=8094"}],"curies":[{"name":"wp","href":"https:\/\/api.w.org\/{rel}","templated":true}]}}