{"id":8160,"date":"2017-05-29T19:54:13","date_gmt":"2017-05-29T19:54:13","guid":{"rendered":"http:\/\/www.alexandra-s.com\/?post_type=product&#038;p=8160"},"modified":"2025-11-11T10:07:15","modified_gmt":"2025-11-11T08:07:15","slug":"kata-rudakova-nori-in-transilvania","status":"publish","type":"product","link":"https:\/\/alexandra-s.com\/en\/magazin\/pictura\/kata-rudakova-nori-in-transilvania\/","title":{"rendered":"Kata Rudakova - &quot;Clouds in Transylvania&quot;"},"content":{"rendered":"<p>All works sold by Alexandra&#039;s Gallery reach the customer accompanied by a certificate of authenticity. You can also buy this work in installments, so we invite you to use the simulator below. For any other information we are at your disposal at office@alexandra-s.com.<\/p>\n<p>&quot;Clouds in Transylvania&quot; is the vision of Ukrainian artist Kata Rudakova. A graduate of the Kiev University of Art, Faculty of Painting, Kata Rudakova quickly established herself and became one of the most respectable present in the Union of Fine Artists of Ukraine.<\/p>","protected":false},"excerpt":{"rendered":"<p>Toate lucr\u0103rile v\u00e2ndute de Galeria Alexandra&#8217;s ajung la client \u00eenso\u021bite de certificat de autenticitate. Pute\u021bi cump\u0103ra aceast\u0103 lucrare \u0219i \u00een rate, astfel \u00eenc\u00e2t va invit\u0103m s\u0103 folosi\u021bi simulatorul al\u0103turat. Pentru orice alte informa\u021bii va st\u0103m la dispozi\u021bie la office@alexandra-s.com. \u201dNori \u00een Transilvania\u201d reprezinta viziunea artistei ucraineene Kata Rudakova. Absolventa a Universitatii\u00a0de Arta din Kiev, Facultatea [&hellip;]<\/p>","protected":false},"featured_media":8343,"comment_status":"open","ping_status":"closed","template":"","meta":{"_et_pb_use_builder":"","_et_pb_old_content":"","_et_gb_content_width":""},"product_cat":[1617],"product_tag":[228,34,218,36,37,229,39,231,232,107],"_links":{"self":[{"href":"https:\/\/alexandra-s.com\/en\/wp-json\/wp\/v2\/product\/8160"}],"collection":[{"href":"https:\/\/alexandra-s.com\/en\/wp-json\/wp\/v2\/product"}],"about":[{"href":"https:\/\/alexandra-s.com\/en\/wp-json\/wp\/v2\/types\/product"}],"replies":[{"embeddable":true,"href":"https:\/\/alexandra-s.com\/en\/wp-json\/wp\/v2\/comments?post=8160"}],"wp:featuredmedia":[{"embeddable":true,"href":"https:\/\/alexandra-s.com\/en\/wp-json\/wp\/v2\/media\/8343"}],"wp:attachment":[{"href":"https:\/\/alexandra-s.com\/en\/wp-json\/wp\/v2\/media?parent=8160"}],"wp:term":[{"taxonomy":"product_cat","embeddable":true,"href":"https:\/\/alexandra-s.com\/en\/wp-json\/wp\/v2\/product_cat?post=8160"},{"taxonomy":"product_tag","embeddable":true,"href":"https:\/\/alexandra-s.com\/en\/wp-json\/wp\/v2\/product_tag?post=8160"}],"curies":[{"name":"wp","href":"https:\/\/api.w.org\/{rel}","templated":true}]}}