{"id":8162,"date":"2017-05-29T19:57:13","date_gmt":"2017-05-29T17:57:13","guid":{"rendered":"http:\/\/www.alexandra-s.com\/?post_type=product&#038;p=8162"},"modified":"2025-11-11T09:34:38","modified_gmt":"2025-11-11T07:34:38","slug":"galina-vieru-la-poalele-vesniciei","status":"publish","type":"product","link":"https:\/\/alexandra-s.com\/en\/magazin\/pictura\/galina-vieru-la-poalele-vesniciei\/","title":{"rendered":"Galina Vieru - &quot;At the foot of eternity&quot;"},"content":{"rendered":"<div class=\"changeFont\">\n<p class=\"big\">All works sold by Alexandra&#039;s Gallery reach the customer accompanied by a certificate of authenticity. You can also buy this work in installments, so we invite you to use the simulator below. For any other information we are at your disposal at office@alexandra-s.com.<\/p>\n<p class=\"big\">The painting &quot;At the foot of eternity&quot;, by Galina Vieru, does not say much about the author. Galina Vieru was born in 1983, in the village of Putin, Orhei district of the Republic of Moldova and is a complete artist. He graduated from the State Pedagogical University &quot;Ion Creanga&quot;, Faculty of Fine Arts and Design and has a master&#039;s degree in fine arts. He taught Plastic Education at a high school in Chisinau, and Design at the &quot;Univers Moldova&quot; School. He is a lecturer at &quot;Perspectiva INT&quot; University, Department of Clothing Design. As a visual artist, he participated in several group exhibitions, but also had personal exhibitions. And publish lyrics.<\/p>\n<div class=\"clear\"><strong><em>\u201cMy painting has a lyrical allure, a nuance of romance, representing mostly realistic or stylized landscapes, static natures, abstractions, nudes, etc., being made in oil-canvas. In my works, the color range is quite wide, with warm colors predominating. I really loved the transparency of the watercolor, the lightness of the pastel and the elegance of the graphics. I like to do painting in poetry and poetry in painting \u201d.<\/em><\/strong><\/div>\n<div class=\"clear\"><\/div>\n<div class=\"clear\">Personal exhibitions:<\/div>\n<div class=\"clear\">- &quot;Sonata of Light&quot;, at the National Library of the Republic of Moldova<\/div>\n<div class=\"clear\">- &quot;Soul notes&quot; at the Romanian Consulate in Chisinau.<\/div>\n<div class=\"clear\">\n<p>He has works in private collections in the Republic of Moldova, Italy, Turkey, Germany, Russia, Portugal, Greece and France.<\/p>\n<\/div>\n<\/div>","protected":false},"excerpt":{"rendered":"<p>Toate lucr\u0103rile v\u00e2ndute de Galeria Alexandra&#8217;s ajung la client \u00eenso\u021bite de certificat de autenticitate. Pute\u021bi cump\u0103ra aceast\u0103 lucrare \u0219i \u00een rate, astfel \u00eenc\u00e2t va invit\u0103m s\u0103 folosi\u021bi simulatorul al\u0103turat. Pentru orice alte informa\u021bii va st\u0103m la dispozi\u021bie la office@alexandra-s.com. Pictura \u201dLa poalele ve\u0219niciei\u201d, de Galina Vieru, nu spune multe despre autoare.\u00a0Galina Vieru s-a n\u0103scut in [&hellip;]<\/p>","protected":false},"featured_media":8341,"comment_status":"open","ping_status":"closed","template":"","meta":{"_et_pb_use_builder":"","_et_pb_old_content":"","_et_gb_content_width":""},"product_cat":[1617],"product_tag":[238,239,34,218,36,241,37,39,247,250,251,252,254,255,256,258,2221,2264,2261,163,237,262,107,2263,300,2262],"_links":{"self":[{"href":"https:\/\/alexandra-s.com\/en\/wp-json\/wp\/v2\/product\/8162"}],"collection":[{"href":"https:\/\/alexandra-s.com\/en\/wp-json\/wp\/v2\/product"}],"about":[{"href":"https:\/\/alexandra-s.com\/en\/wp-json\/wp\/v2\/types\/product"}],"replies":[{"embeddable":true,"href":"https:\/\/alexandra-s.com\/en\/wp-json\/wp\/v2\/comments?post=8162"}],"wp:featuredmedia":[{"embeddable":true,"href":"https:\/\/alexandra-s.com\/en\/wp-json\/wp\/v2\/media\/8341"}],"wp:attachment":[{"href":"https:\/\/alexandra-s.com\/en\/wp-json\/wp\/v2\/media?parent=8162"}],"wp:term":[{"taxonomy":"product_cat","embeddable":true,"href":"https:\/\/alexandra-s.com\/en\/wp-json\/wp\/v2\/product_cat?post=8162"},{"taxonomy":"product_tag","embeddable":true,"href":"https:\/\/alexandra-s.com\/en\/wp-json\/wp\/v2\/product_tag?post=8162"}],"curies":[{"name":"wp","href":"https:\/\/api.w.org\/{rel}","templated":true}]}}