{"id":8174,"date":"2017-05-29T20:59:17","date_gmt":"2017-05-29T20:59:17","guid":{"rendered":"http:\/\/www.alexandra-s.com\/?post_type=product&#038;p=8174"},"modified":"2020-02-04T19:30:43","modified_gmt":"2020-02-04T17:30:43","slug":"serviciu-liqueur","status":"publish","type":"product","link":"https:\/\/alexandra-s.com\/en\/magazin\/arte-decorative\/serviciu-liqueur\/","title":{"rendered":"Liquor service"},"content":{"rendered":"<p>All works sold by Alexandra&#039;s Gallery reach the customer accompanied by a certificate of authenticity. You can also buy this work in installments, so we invite you to use the simulator below. For any other information we are at your disposal at office@alexandra-s.com.<\/p>\n<p>Liqueur service, one of the memories of the times when people drank in style. The perfect new home gift.<\/p>\n<p><em>Istoria Lichiorului \u00eencepe acum peste 7 secole. Numele provine din latinescul \u201cLiquifacere\u201d, care \u00eensemna &#8222;a dizolva&#8221;. Se dizolvau fructe, coji de fructe, frunze, flori, semin\u021be scoar\u021b\u0103, r\u0103d\u0103cini, samburi adic\u0103 aproape orice parte a unei plante care infuzat\u0103 \u00eentr-un alcool, cap\u0103t\u0103 un gust \u0219i un parfum aparte. Primul lichior era extrem de amar. Dup\u0103 descoperirea Americii, c\u00e2nd pre\u021bul condimentelor \u0219i zah\u0103rului a sc\u0103zut, c\u0103lug\u0103rii au \u00eenceput s\u0103 pun\u0103 \u00een lichior zah\u0103r, miere, cafea, cacao, scor\u021bi\u0219oar\u0103, vanilie. <\/em><\/p>\n<p><em>The first liqueurs: Chartreuse, Benedictine, Chambord. <\/em><\/p>\n<p><em>Liqueurs with a strength from 25% vol. Alcohol to 40 % vol. Alcohol are considered digestive drinks, and those between 17 - 25 % vol. Alcohol are called desert drinks.<\/em><\/p>","protected":false},"excerpt":{"rendered":"<p>Toate lucr\u0103rile v\u00e2ndute de Galeria Alexandra&#8217;s ajung la client \u00eenso\u021bite de certificat de autenticitate. Pute\u021bi cump\u0103ra aceast\u0103 lucrare \u0219i \u00een rate, astfel \u00eenc\u00e2t va invit\u0103m s\u0103 folosi\u021bi simulatorul al\u0103turat. Pentru orice alte informa\u021bii va st\u0103m la dispozi\u021bie la office@alexandra-s.com. Serviciu de liquer, una din amintirile din\u00a0vremurile \u00een care oamenii beau cu stil. Cadoul perfect de [&hellip;]<\/p>","protected":false},"featured_media":8329,"comment_status":"open","ping_status":"closed","template":"","meta":{"_et_pb_use_builder":"","_et_pb_old_content":"","_et_gb_content_width":""},"product_cat":[17],"product_tag":[34,35,363,36,364,365,37,39,366,367,368,369],"_links":{"self":[{"href":"https:\/\/alexandra-s.com\/en\/wp-json\/wp\/v2\/product\/8174"}],"collection":[{"href":"https:\/\/alexandra-s.com\/en\/wp-json\/wp\/v2\/product"}],"about":[{"href":"https:\/\/alexandra-s.com\/en\/wp-json\/wp\/v2\/types\/product"}],"replies":[{"embeddable":true,"href":"https:\/\/alexandra-s.com\/en\/wp-json\/wp\/v2\/comments?post=8174"}],"wp:featuredmedia":[{"embeddable":true,"href":"https:\/\/alexandra-s.com\/en\/wp-json\/wp\/v2\/media\/8329"}],"wp:attachment":[{"href":"https:\/\/alexandra-s.com\/en\/wp-json\/wp\/v2\/media?parent=8174"}],"wp:term":[{"taxonomy":"product_cat","embeddable":true,"href":"https:\/\/alexandra-s.com\/en\/wp-json\/wp\/v2\/product_cat?post=8174"},{"taxonomy":"product_tag","embeddable":true,"href":"https:\/\/alexandra-s.com\/en\/wp-json\/wp\/v2\/product_tag?post=8174"}],"curies":[{"name":"wp","href":"https:\/\/api.w.org\/{rel}","templated":true}]}}