{"id":8175,"date":"2017-05-29T21:09:23","date_gmt":"2017-05-29T21:09:23","guid":{"rendered":"http:\/\/www.alexandra-s.com\/?post_type=product&#038;p=8175"},"modified":"2023-11-22T11:23:43","modified_gmt":"2023-11-22T09:23:43","slug":"set-sfesnice-rame-ceas-semineu","status":"publish","type":"product","link":"https:\/\/alexandra-s.com\/en\/magazin\/orologerie\/set-sfesnice-rame-ceas-semineu\/","title":{"rendered":"Candlestick set, frames and fireplace clock"},"content":{"rendered":"<p>All works sold by Alexandra&#039;s Gallery reach the customer accompanied by a certificate of authenticity. You can also buy this work in installments, so we invite you to use the simulator below. For any other information we are at your disposal at office@alexandra-s.com.<\/p>\n<p>Fireplace clocks are usually exceptional decorative pieces and when accompanied by large candlesticks and sophisticated photo frames, the impression is extremely strong.<\/p>\n<p><em>The fireplace is the successor of the fireplaces dug directly into the ground and arranged with stones in the houses. In its current form, with a chimney, the fireplace has existed since the 11th century. The evolution of the fireplace made a major leap when Benjamin Franklin developed a convection chamber for fireplaces that improved the efficiency of heat emitted in the room. Now, the fireplace consists of a fireplace for fuel, a supply mouth - gate through which the wood is introduced and heat comes out to the room, a radiation plate, the chimney and the draft flap.<\/em><\/p>\n<p><em><strong>See also the other products in the section <a href=\"https:\/\/alexandra-s.com\/magazin\/orologerie\/\">Watchmaker<\/a>.<\/strong><\/em><\/p>","protected":false},"excerpt":{"rendered":"<p>Toate lucr\u0103rile v\u00e2ndute de Galeria Alexandra&#8217;s ajung la client \u00eenso\u021bite de certificat de autenticitate. Pute\u021bi cump\u0103ra aceast\u0103 lucrare \u0219i \u00een rate, astfel \u00eenc\u00e2t va invit\u0103m s\u0103 folosi\u021bi simulatorul al\u0103turat. Pentru orice alte informa\u021bii va st\u0103m la dispozi\u021bie la office@alexandra-s.com. Ceasurile de \u0219emineu sunt, de regul\u0103, ni\u0219te piese decorative excep\u021bionale iar atunci c\u00e2nd sunt \u00eenso\u021bite de [&hellip;]<\/p>","protected":false},"featured_media":8328,"comment_status":"open","ping_status":"closed","template":"","meta":{"_et_pb_use_builder":"","_et_pb_old_content":"","_et_gb_content_width":""},"product_cat":[193],"product_tag":[34,35,36,195,37,39,366,370,369,371,372],"_links":{"self":[{"href":"https:\/\/alexandra-s.com\/en\/wp-json\/wp\/v2\/product\/8175"}],"collection":[{"href":"https:\/\/alexandra-s.com\/en\/wp-json\/wp\/v2\/product"}],"about":[{"href":"https:\/\/alexandra-s.com\/en\/wp-json\/wp\/v2\/types\/product"}],"replies":[{"embeddable":true,"href":"https:\/\/alexandra-s.com\/en\/wp-json\/wp\/v2\/comments?post=8175"}],"wp:featuredmedia":[{"embeddable":true,"href":"https:\/\/alexandra-s.com\/en\/wp-json\/wp\/v2\/media\/8328"}],"wp:attachment":[{"href":"https:\/\/alexandra-s.com\/en\/wp-json\/wp\/v2\/media?parent=8175"}],"wp:term":[{"taxonomy":"product_cat","embeddable":true,"href":"https:\/\/alexandra-s.com\/en\/wp-json\/wp\/v2\/product_cat?post=8175"},{"taxonomy":"product_tag","embeddable":true,"href":"https:\/\/alexandra-s.com\/en\/wp-json\/wp\/v2\/product_tag?post=8175"}],"curies":[{"name":"wp","href":"https:\/\/api.w.org\/{rel}","templated":true}]}}